{"id":89,"date":"2016-10-17T17:11:55","date_gmt":"2016-10-17T15:11:55","guid":{"rendered":"http:\/\/canada.evolutiontravel.it\/infovacanze\/?page_id=89"},"modified":"2018-02-21T10:51:14","modified_gmt":"2018-02-21T09:51:14","slug":"ovest","status":"publish","type":"page","link":"https:\/\/canada.evolutiontravel.it\/infovacanze\/tour\/ovest\/","title":{"rendered":"Tour in Canada Ovest"},"content":{"rendered":"<p>Un giro alla scoperta del <strong>Canada Ovest <\/strong>\u00e8 un tour alla scoperta di un <strong>vero e proprio gioiello<\/strong> di questo paese e poi grazie anche alle <strong>temperature pi\u00f9 miti<\/strong> rispetto all&#8217;area est, i territori da esplorare sono molteplici, a partire dalle regioni <strong>Alberta<\/strong> e <strong>British Columbia<\/strong>.<\/p>\n<p>Tra le destinazioni dell&#8217;Ovest, troviamo, per numero di visitatori, notoriet\u00e0 e grandezza, ai primi posti delle mete pi\u00f9 raggiunte il <strong>Banff National Park<\/strong> e il <strong>Jasper Park<\/strong>.<\/p>\n<p>La natura qui d\u00e0 sfoggio di s\u00e8 soprattutto in autunno, quando il fenomeno del foliage tinge di giallo, rosso e arancione il paesaggio canadese: sono luoghi perfetti da <strong>immortalare in scatti fotografici e selfie<\/strong>.<\/p>\n<div id=\"attachment_194\" style=\"width: 310px\" class=\"wp-caption alignright\"><img loading=\"lazy\" decoding=\"async\" aria-describedby=\"caption-attachment-194\" class=\"wp-image-194 size-medium\" src=\"http:\/\/canada.evolutiontravel.it\/infovacanze\/wp-content\/uploads\/sites\/30\/2016\/11\/montagne-rocciose-300x225.jpg\" alt=\"Montagne Rocciose\" width=\"300\" height=\"225\" srcset=\"https:\/\/canada.evolutiontravel.it\/infovacanze\/wp-content\/uploads\/sites\/30\/2016\/11\/montagne-rocciose-300x225.jpg 300w, https:\/\/canada.evolutiontravel.it\/infovacanze\/wp-content\/uploads\/sites\/30\/2016\/11\/montagne-rocciose.jpg 555w\" sizes=\"(max-width: 300px) 100vw, 300px\" \/><p id=\"caption-attachment-194\" class=\"wp-caption-text\">Montagne Rocciose<\/p><\/div>\n<p>E poi il magico <strong>Lago Louise<\/strong>, altra meraviglia dell&#8217;area occidentale: da qui la visuale \u00e8 strepitosa, poich\u00e9 arriva a comprendere anche alcune delle cime del complesso delle <strong>Montagne Rocciose<\/strong>.<\/p>\n<p>Si ammireranno infatti le vette del Monte Whyte, del Niblock e del Temple: scenari meravigliosi e da mozzare il fiato. Tutta questa zona diventa punto di attrazione anche d&#8217;inverno, dal momento che qui il <strong>turismo sciistico<\/strong> \u00e8 fiorente.<\/p>\n<p>Sempre ad ovest del Canada, un altro parco di indubbio fascino \u00e8 il <strong>Pacific Rim National Park<\/strong>: selvaggio e a tratti impervio, custodisce variet\u00e0 di flora e fauna molto diverse tra loro e in certi casi uniche al mondo.<\/p>\n<p>Tutt&#8217;altro panorama \u00e8 invece offerto dalla regione in cui si trova la <strong>Valle di Okanagan<\/strong>: qui, infatti, lo sguardo sar\u00e0 catturato dalla vastit\u00e0 dei frutteti e dei vigneti, elementi peculiari di questi territori.<\/p>\n<h2>Citt\u00e0 del Canada Ovest<\/h2>\n<p>Se \u00e8 vero che tutto il Canada \u00e8 un vero e proprio spettacolo della natura, anche l&#8217;organizzazione di un viaggio che vada a toccare le principali citt\u00e0 del Canada Ovest non lascer\u00e0 delusi.<\/p>\n<p>Molti degli itinerari pi\u00f9 gettonati comprendono il passaggio da Vancouver, Calgary e Victoria.<\/p>\n<p>Di sicuro, <strong>Vancouver<\/strong> ha un&#8217;anima cosmopolita ed \u00e8 un centro piuttosto vivace, nonch\u00e9 piacevole da visitare anche per via del clima pi\u00f9 mite che altrove. E&#8217; consigliabile fare una passeggiata sull&#8217;incredibile <strong>Capilano Suspension Bridge<\/strong> e preventivare anche del tempo da dedicare a <strong>Vancouver Island<\/strong>.<\/p>\n<p><strong>Calgary<\/strong> fa da grande richiamo soprattutto nei mesi pi\u00f9 freddi, essendo vocata agli <strong>sport invernali<\/strong>.<\/p>\n<p><strong>Victoria<\/strong> ha un carattere accogliente, ospitale e frizzante, con <strong>molte attrazioni<\/strong> interessanti e spettacoli ogni giorno in programma. Il bello di questa parte del Canada \u00e8 che <strong>i parchi sono facilmente e agevolmente raggiungibili dalle citt\u00e0<\/strong>, cos\u00ec da riuscire a strutturare itinerari sempre molto interessanti e stimolanti!<\/p>\n<h3 style=\"text-align: center\">&#8220;SPECIALE CANADA&#8221; di Evolution Travel<\/h3>\n<p style=\"text-align: center\"><span style=\"color: #008000\"><strong>CLICCA E SCOPRI<\/strong><\/span>: <strong>programma<\/strong> dettagliato del viaggio, <strong>tante foto<\/strong>, <strong>commenti<\/strong> di altri viaggiatori e altro ancora!<\/p>\n<div class=\"feedzy-34ee4d8c96273c6c72d1f368cd0dbf74 feedzy-rss\">\n\t\t<ul class=\"feedzy-style2\">\n\t\t\t\t\t<li  style=\"padding: 23px 0 38px\" class=\"rss_item feedzy-rss-col-3\" >\n\t\t\t\t\t\t\t\t\t<div class=\"rss_image\" style=\"width:225px; height:225px;\">\n\t\t\t\t\t\t<a href=\"https:\/\/canada.evolutiontravel.it\/it_IT\/902\/tab\/6909_fly-drive-british-columbia-alberta.html\" target=\"_blank\" \n\t\t\t\t\t\t\trel=\"noopener \"\n\t\t\t\t\t\t\ttitle=\"Fly &amp; Drive: British Columbia &amp; Alberta\"\n\t\t\t\t\t\t\tstyle=\"width:225px; height:225px;\">\n\t\t\t\t\t\t\t<span class=\"fetched\" style=\"background-image:  url('http:\/\/etcdn.net\/thumbnails\/6909\/it-vancouver-fly-drive-british-columbia-alberta-54d6d.jpg');\" title=\"Fly &amp; Drive: British Columbia &amp; Alberta\"><\/span><amp-img width=\"225\" height=\"225\" src=\"http:\/\/etcdn.net\/thumbnails\/6909\/it-vancouver-fly-drive-british-columbia-alberta-54d6d.jpg\">\t\t\t\t\t\t<\/a>\n\t\t\t\t\t<\/div>\n\t\t\t\t\t\t\t\t<div class=\"rss_content_wrap\">\n\t\t\t\t\t<span class=\"title\">\n\t\t\t\t\t\t<a href=\"https:\/\/canada.evolutiontravel.it\/it_IT\/902\/tab\/6909_fly-drive-british-columbia-alberta.html\" target=\"_blank\"  rel=\"noopener \">\n\t\t\t\t\t\t\tFly &amp; Drive: British Columbia &amp; Alberta\t\t\t\t\t\t<\/a>\n\t\t\t\t\t<\/span>\n\t\t\t\t\t<div class=\"rss_content\"\n\t\t\t\t\t\t\tstyle=\"\">\n\t\t\t\t\t\t\n\t\t\t\t\t\t\t\t\t\t\t\t<p class=\"description\">Fly &amp; Drive - 13 giorni \/ 12 notti - West Canada - Partendo da Vancouver fino a Sun Peaks, attraversando Jasper e Banff, [&hellip;]<\/p>\n\t\t\t\t\t\t\n\t\t\t\t\t\t\t\t\t\t\t\t\t\t\t\t\t\t\t<div class=\"price-wrap\">\n\t\t\t\t\t\t\t\t<a href=\"https:\/\/canada.evolutiontravel.it\/it_IT\/902\/tab\/6909_fly-drive-british-columbia-alberta.html\" target=\"_blank\" rel=\"noopener\"><button class=\"price\"> 1421<\/button><\/a>\n\t\t\t\t\t\t\t<\/div>\n\t\t\t\t\t\t\t\t\t\t\t<\/div>\n\t\t\t\t<\/div>\n\t\t\t<\/li>\n\t\t\t\t\t\t<li  style=\"padding: 23px 0 38px\" class=\"rss_item feedzy-rss-col-3\" >\n\t\t\t\t\t\t\t\t\t<div class=\"rss_image\" style=\"width:225px; height:225px;\">\n\t\t\t\t\t\t<a href=\"https:\/\/canada.evolutiontravel.it\/it_IT\/902\/tab\/41215_esperienze-esclusive-e-leggende-tour-di-gruppo.html\" target=\"_blank\" \n\t\t\t\t\t\t\trel=\"noopener \"\n\t\t\t\t\t\t\ttitle=\"Esperienze esclusive e Leggende - Tour di gruppo\"\n\t\t\t\t\t\t\tstyle=\"width:225px; height:225px;\">\n\t\t\t\t\t\t\t<span class=\"fetched\" style=\"background-image:  url('http:\/\/etcdn.net\/thumbnails\/7498\/it-toronto-gran-tour-del-canada-tour-di-gruppo-58804.jpg');\" title=\"Esperienze esclusive e Leggende - Tour di gruppo\"><\/span><amp-img width=\"225\" height=\"225\" src=\"http:\/\/etcdn.net\/thumbnails\/7498\/it-toronto-gran-tour-del-canada-tour-di-gruppo-58804.jpg\">\t\t\t\t\t\t<\/a>\n\t\t\t\t\t<\/div>\n\t\t\t\t\t\t\t\t<div class=\"rss_content_wrap\">\n\t\t\t\t\t<span class=\"title\">\n\t\t\t\t\t\t<a href=\"https:\/\/canada.evolutiontravel.it\/it_IT\/902\/tab\/41215_esperienze-esclusive-e-leggende-tour-di-gruppo.html\" target=\"_blank\"  rel=\"noopener \">\n\t\t\t\t\t\t\tEsperienze esclusive e Leggende - Tour di gruppo\t\t\t\t\t\t<\/a>\n\t\t\t\t\t<\/span>\n\t\t\t\t\t<div class=\"rss_content\"\n\t\t\t\t\t\t\tstyle=\"\">\n\t\t\t\t\t\t\n\t\t\t\t\t\t\t\t\t\t\t\t<p class=\"description\">Tra i tour pi\u00f9 interessanti di tutto il Canada, vi permetter\u00e0 in 16 giorni di andare alla scoperta delle citt\u00e0 pi\u00f9 belle del [&hellip;]<\/p>\n\t\t\t\t\t\t\n\t\t\t\t\t\t\t\t\t\t\t\t\t\t\t\t\t\t\t<div class=\"price-wrap\">\n\t\t\t\t\t\t\t\t<a href=\"https:\/\/canada.evolutiontravel.it\/it_IT\/902\/tab\/41215_esperienze-esclusive-e-leggende-tour-di-gruppo.html\" target=\"_blank\" rel=\"noopener\"><button class=\"price\"> 1712<\/button><\/a>\n\t\t\t\t\t\t\t<\/div>\n\t\t\t\t\t\t\t\t\t\t\t<\/div>\n\t\t\t\t<\/div>\n\t\t\t<\/li>\n\t\t\t\t\t\t<li  style=\"padding: 23px 0 38px\" class=\"rss_item feedzy-rss-col-3\" >\n\t\t\t\t\t\t\t\t\t<div class=\"rss_image\" style=\"width:225px; height:225px;\">\n\t\t\t\t\t\t<a href=\"https:\/\/canada.evolutiontravel.it\/it_IT\/902\/tab\/9865_affascinante-ovest-tour-di-gruppo.html\" target=\"_blank\" \n\t\t\t\t\t\t\trel=\"noopener \"\n\t\t\t\t\t\t\ttitle=\"Affascinante Ovest - Tour di gruppo\"\n\t\t\t\t\t\t\tstyle=\"width:225px; height:225px;\">\n\t\t\t\t\t\t\t<span class=\"fetched\" style=\"background-image:  url('http:\/\/etcdn.net\/thumbnails\/9865\/it-calgary-lovest-canadese-tour-di-gruppo-63a26.jpg');\" title=\"Affascinante Ovest - Tour di gruppo\"><\/span><amp-img width=\"225\" height=\"225\" src=\"http:\/\/etcdn.net\/thumbnails\/9865\/it-calgary-lovest-canadese-tour-di-gruppo-63a26.jpg\">\t\t\t\t\t\t<\/a>\n\t\t\t\t\t<\/div>\n\t\t\t\t\t\t\t\t<div class=\"rss_content_wrap\">\n\t\t\t\t\t<span class=\"title\">\n\t\t\t\t\t\t<a href=\"https:\/\/canada.evolutiontravel.it\/it_IT\/902\/tab\/9865_affascinante-ovest-tour-di-gruppo.html\" target=\"_blank\"  rel=\"noopener \">\n\t\t\t\t\t\t\tAffascinante Ovest - Tour di gruppo\t\t\t\t\t\t<\/a>\n\t\t\t\t\t<\/span>\n\t\t\t\t\t<div class=\"rss_content\"\n\t\t\t\t\t\t\tstyle=\"\">\n\t\t\t\t\t\t\n\t\t\t\t\t\t\t\t\t\t\t\t<p class=\"description\">Questo Tour \u00e8 stato pensato per una clientela che predilige accompagnatore\u00a0e\u00a0guide\u00a0parlanti italiano: splendido itinerario [&hellip;]<\/p>\n\t\t\t\t\t\t\n\t\t\t\t\t\t\t\t\t\t\t\t\t\t\t\t\t\t\t<div class=\"price-wrap\">\n\t\t\t\t\t\t\t\t<a href=\"https:\/\/canada.evolutiontravel.it\/it_IT\/902\/tab\/9865_affascinante-ovest-tour-di-gruppo.html\" target=\"_blank\" rel=\"noopener\"><button class=\"price\"> 3221<\/button><\/a>\n\t\t\t\t\t\t\t<\/div>\n\t\t\t\t\t\t\t\t\t\t\t<\/div>\n\t\t\t\t<\/div>\n\t\t\t<\/li>\n\t\t\t\t\t\t<li  style=\"padding: 23px 0 38px\" class=\"rss_item feedzy-rss-col-3\" >\n\t\t\t\t\t\t\t\t\t<div class=\"rss_image\" style=\"width:225px; height:225px;\">\n\t\t\t\t\t\t<a href=\"https:\/\/canada.evolutiontravel.it\/it_IT\/902\/tab\/41213_avventura-da-costa-a-costa-tour-di-gruppo.html\" target=\"_blank\" \n\t\t\t\t\t\t\trel=\"noopener \"\n\t\t\t\t\t\t\ttitle=\"Avventura da Costa a  Costa - Tour di gruppo\"\n\t\t\t\t\t\t\tstyle=\"width:225px; height:225px;\">\n\t\t\t\t\t\t\t<span class=\"fetched\" style=\"background-image:  url('http:\/\/etcdn.net\/thumbnails\/9194\/it-montreal-il-canada-coast-to-coast-tour-di-gruppo-63a69.jpg');\" title=\"Avventura da Costa a  Costa - Tour di gruppo\"><\/span><amp-img width=\"225\" height=\"225\" src=\"http:\/\/etcdn.net\/thumbnails\/9194\/it-montreal-il-canada-coast-to-coast-tour-di-gruppo-63a69.jpg\">\t\t\t\t\t\t<\/a>\n\t\t\t\t\t<\/div>\n\t\t\t\t\t\t\t\t<div class=\"rss_content_wrap\">\n\t\t\t\t\t<span class=\"title\">\n\t\t\t\t\t\t<a href=\"https:\/\/canada.evolutiontravel.it\/it_IT\/902\/tab\/41213_avventura-da-costa-a-costa-tour-di-gruppo.html\" target=\"_blank\"  rel=\"noopener \">\n\t\t\t\t\t\t\tAvventura da Costa a  Costa - Tour di gruppo\t\t\t\t\t\t<\/a>\n\t\t\t\t\t<\/span>\n\t\t\t\t\t<div class=\"rss_content\"\n\t\t\t\t\t\t\tstyle=\"\">\n\t\t\t\t\t\t\n\t\t\t\t\t\t\t\t\t\t\t\t<p class=\"description\">Un meravigliso Tour completo, con accompagnatore parlante anche italino, alla scoperta di questo fantastico Paese sempre con la [&hellip;]<\/p>\n\t\t\t\t\t\t\n\t\t\t\t\t\t\t\t\t\t\t\t\t\t\t\t\t\t\t<div class=\"price-wrap\">\n\t\t\t\t\t\t\t\t<a href=\"https:\/\/canada.evolutiontravel.it\/it_IT\/902\/tab\/41213_avventura-da-costa-a-costa-tour-di-gruppo.html\" target=\"_blank\" rel=\"noopener\"><button class=\"price\"> 4614<\/button><\/a>\n\t\t\t\t\t\t\t<\/div>\n\t\t\t\t\t\t\t\t\t\t\t<\/div>\n\t\t\t\t<\/div>\n\t\t\t<\/li>\n\t\t\t\t\t\t<li  style=\"padding: 23px 0 38px\" class=\"rss_item feedzy-rss-col-3\" >\n\t\t\t\t\t\t\t\t\t<div class=\"rss_image\" style=\"width:225px; height:225px;\">\n\t\t\t\t\t\t<a href=\"https:\/\/canada.evolutiontravel.it\/it_IT\/902\/tab\/40612_tour-dellest-combinato-tra-i-due-paesi.html\" target=\"_blank\" \n\t\t\t\t\t\t\trel=\"noopener \"\n\t\t\t\t\t\t\ttitle=\"Tour dell&#039;Est combinato tra i due Paesi\"\n\t\t\t\t\t\t\tstyle=\"width:225px; height:225px;\">\n\t\t\t\t\t\t\t<span class=\"fetched\" style=\"background-image:  url('http:\/\/etcdn.net\/thumbnails\/7498\/it-toronto-gran-tour-del-canada-tour-di-gruppo-58804.jpg');\" title=\"Tour dell&#039;Est combinato tra i due Paesi\"><\/span><amp-img width=\"225\" height=\"225\" src=\"http:\/\/etcdn.net\/thumbnails\/7498\/it-toronto-gran-tour-del-canada-tour-di-gruppo-58804.jpg\">\t\t\t\t\t\t<\/a>\n\t\t\t\t\t<\/div>\n\t\t\t\t\t\t\t\t<div class=\"rss_content_wrap\">\n\t\t\t\t\t<span class=\"title\">\n\t\t\t\t\t\t<a href=\"https:\/\/canada.evolutiontravel.it\/it_IT\/902\/tab\/40612_tour-dellest-combinato-tra-i-due-paesi.html\" target=\"_blank\"  rel=\"noopener \">\n\t\t\t\t\t\t\tTour dell'Est combinato tra i due Paesi\t\t\t\t\t\t<\/a>\n\t\t\t\t\t<\/span>\n\t\t\t\t\t<div class=\"rss_content\"\n\t\t\t\t\t\t\tstyle=\"\">\n\t\t\t\t\t\t\n\t\t\t\t\t\t\t\t\t\t\t\t<p class=\"description\">Tra i tour di gruppo pi\u00f9 interessanti del nord America, vi permetter\u00e0di visitare i 2 Paesi che hai sempre sognato, Usa e Canada!<\/p>\n\t\t\t\t\t\t\n\t\t\t\t\t\t\t\t\t\t\t\t\t\t\t\t\t\t\t<div class=\"price-wrap\">\n\t\t\t\t\t\t\t\t<a href=\"https:\/\/canada.evolutiontravel.it\/it_IT\/902\/tab\/40612_tour-dellest-combinato-tra-i-due-paesi.html\" target=\"_blank\" rel=\"noopener\"><button class=\"price\"> 2960<\/button><\/a>\n\t\t\t\t\t\t\t<\/div>\n\t\t\t\t\t\t\t\t\t\t\t<\/div>\n\t\t\t\t<\/div>\n\t\t\t<\/li>\n\t\t\t\t\t\t<li  style=\"padding: 23px 0 38px\" class=\"rss_item feedzy-rss-col-3\" >\n\t\t\t\t\t\t\t\t\t<div class=\"rss_image\" style=\"width:225px; height:225px;\">\n\t\t\t\t\t\t<a href=\"https:\/\/canada.evolutiontravel.it\/it_IT\/902\/tab\/9892_il-selvaggio-est-canadese.html\" target=\"_blank\" \n\t\t\t\t\t\t\trel=\"noopener \"\n\t\t\t\t\t\t\ttitle=\"Il selvaggio Est canadese\"\n\t\t\t\t\t\t\tstyle=\"width:225px; height:225px;\">\n\t\t\t\t\t\t\t<span class=\"fetched\" style=\"background-image:  url('http:\/\/etcdn.net\/thumbnails\/9892\/it-montreal-il-selvaggio-est-canadese-5fdf1.jpg');\" title=\"Il selvaggio Est canadese\"><\/span><amp-img width=\"225\" height=\"225\" src=\"http:\/\/etcdn.net\/thumbnails\/9892\/it-montreal-il-selvaggio-est-canadese-5fdf1.jpg\">\t\t\t\t\t\t<\/a>\n\t\t\t\t\t<\/div>\n\t\t\t\t\t\t\t\t<div class=\"rss_content_wrap\">\n\t\t\t\t\t<span class=\"title\">\n\t\t\t\t\t\t<a href=\"https:\/\/canada.evolutiontravel.it\/it_IT\/902\/tab\/9892_il-selvaggio-est-canadese.html\" target=\"_blank\"  rel=\"noopener \">\n\t\t\t\t\t\t\tIl selvaggio Est canadese\t\t\t\t\t\t<\/a>\n\t\t\t\t\t<\/span>\n\t\t\t\t\t<div class=\"rss_content\"\n\t\t\t\t\t\t\tstyle=\"\">\n\t\t\t\t\t\t\n\t\t\t\t\t\t\t\t\t\t\t\t<p class=\"description\">Un bellissimo itinerario che si snoda attraverso le perle dell'Est Canadese. Un tour che tocca le pi\u00f9 belle citt\u00e0 dell'est [&hellip;]<\/p>\n\t\t\t\t\t\t\n\t\t\t\t\t\t\t\t\t\t\t\t\t\t\t\t\t\t\t<div class=\"price-wrap\">\n\t\t\t\t\t\t\t\t<a href=\"https:\/\/canada.evolutiontravel.it\/it_IT\/902\/tab\/9892_il-selvaggio-est-canadese.html\" target=\"_blank\" rel=\"noopener\"><button class=\"price\"> 2376<\/button><\/a>\n\t\t\t\t\t\t\t<\/div>\n\t\t\t\t\t\t\t\t\t\t\t<\/div>\n\t\t\t\t<\/div>\n\t\t\t<\/li>\n\t\t\t\t<\/ul>\n<\/div>\n<style type=\"text\/css\" media=\"all\">.feedzy-rss .rss_item .rss_image{float:left;position:relative;border:none;text-decoration:none;max-width:100%}.feedzy-rss .rss_item .rss_image span{display:inline-block;position:absolute;width:100%;height:100%;background-position:50%;background-size:cover}.feedzy-rss .rss_item .rss_image{margin:.3em 1em 0 0;content-visibility:auto}.feedzy-rss ul{list-style:none}.feedzy-rss ul li{display:inline-block}<\/style>\n","protected":false},"excerpt":{"rendered":"<p>Un giro alla scoperta del Canada Ovest \u00e8 un tour alla scoperta di un vero e proprio gioiello di questo paese e poi grazie anche alle temperature pi\u00f9 miti rispetto all&#8217;area est, i territori da esplorare sono molteplici, a partire dalle regioni Alberta e British Columbia. Tra le destinazioni dell&#8217;Ovest, troviamo, per numero di visitatori, <a class=\"moretag\" href=\"https:\/\/canada.evolutiontravel.it\/infovacanze\/tour\/ovest\/\">[&#8230;]<\/a><\/p>\n","protected":false},"author":6,"featured_media":0,"parent":80,"menu_order":0,"comment_status":"closed","ping_status":"closed","template":"templates\/template-with-right-sidebar.php","meta":{"footnotes":""},"yoast_head":"<!-- This site is optimized with the Yoast SEO plugin v21.9.1 - https:\/\/yoast.com\/wordpress\/plugins\/seo\/ -->\n<title>Tour Canada Ovest per scoprire citt\u00e0 canadesi, parchi e attrazioni<\/title>\n<meta name=\"description\" content=\"Leggi i nostri consigli per una vacanza in Canada Ovest: citt\u00e0, attrazioni e parchi! Richiedi subito le nostre offerte e parti con Evolution Travel!\" \/>\n<meta name=\"robots\" content=\"index, follow, max-snippet:-1, max-image-preview:large, max-video-preview:-1\" \/>\n<link rel=\"canonical\" href=\"https:\/\/canada.evolutiontravel.it\/infovacanze\/tour\/ovest\/\" \/>\n<meta property=\"og:locale\" content=\"it_IT\" \/>\n<meta property=\"og:type\" content=\"article\" \/>\n<meta property=\"og:title\" content=\"Tour Canada Ovest per scoprire citt\u00e0 canadesi, parchi e attrazioni\" \/>\n<meta property=\"og:description\" content=\"Leggi i nostri consigli per una vacanza in Canada Ovest: citt\u00e0, attrazioni e parchi! Richiedi subito le nostre offerte e parti con Evolution Travel!\" \/>\n<meta property=\"og:url\" content=\"https:\/\/canada.evolutiontravel.it\/infovacanze\/tour\/ovest\/\" \/>\n<meta property=\"og:site_name\" content=\"Canada\" \/>\n<meta property=\"article:modified_time\" content=\"2018-02-21T09:51:14+00:00\" \/>\n<meta property=\"og:image\" content=\"http:\/\/canada.evolutiontravel.it\/infovacanze\/wp-content\/uploads\/sites\/30\/2016\/11\/montagne-rocciose-300x225.jpg\" \/>\n<meta name=\"twitter:card\" content=\"summary_large_image\" \/>\n<meta name=\"twitter:label1\" content=\"Tempo di lettura stimato\" \/>\n\t<meta name=\"twitter:data1\" content=\"2 minuti\" \/>\n<script type=\"application\/ld+json\" class=\"yoast-schema-graph\">{\"@context\":\"https:\/\/schema.org\",\"@graph\":[{\"@type\":\"WebPage\",\"@id\":\"https:\/\/canada.evolutiontravel.it\/infovacanze\/tour\/ovest\/\",\"url\":\"https:\/\/canada.evolutiontravel.it\/infovacanze\/tour\/ovest\/\",\"name\":\"Tour Canada Ovest per scoprire citt\u00e0 canadesi, parchi e attrazioni\",\"isPartOf\":{\"@id\":\"https:\/\/canada.evolutiontravel.it\/infovacanze\/#website\"},\"datePublished\":\"2016-10-17T15:11:55+00:00\",\"dateModified\":\"2018-02-21T09:51:14+00:00\",\"description\":\"Leggi i nostri consigli per una vacanza in Canada Ovest: citt\u00e0, attrazioni e parchi! Richiedi subito le nostre offerte e parti con Evolution Travel!\",\"breadcrumb\":{\"@id\":\"https:\/\/canada.evolutiontravel.it\/infovacanze\/tour\/ovest\/#breadcrumb\"},\"inLanguage\":\"it-IT\",\"potentialAction\":[{\"@type\":\"ReadAction\",\"target\":[\"https:\/\/canada.evolutiontravel.it\/infovacanze\/tour\/ovest\/\"]}]},{\"@type\":\"BreadcrumbList\",\"@id\":\"https:\/\/canada.evolutiontravel.it\/infovacanze\/tour\/ovest\/#breadcrumb\",\"itemListElement\":[{\"@type\":\"ListItem\",\"position\":1,\"name\":\"Home\",\"item\":\"https:\/\/canada.evolutiontravel.it\/infovacanze\/\"},{\"@type\":\"ListItem\",\"position\":2,\"name\":\"Itinerari alla scoperta del Canada\",\"item\":\"https:\/\/canada.evolutiontravel.it\/infovacanze\/tour\/\"},{\"@type\":\"ListItem\",\"position\":3,\"name\":\"Tour in Canada Ovest\"}]},{\"@type\":\"WebSite\",\"@id\":\"https:\/\/canada.evolutiontravel.it\/infovacanze\/#website\",\"url\":\"https:\/\/canada.evolutiontravel.it\/infovacanze\/\",\"name\":\"Canada\",\"description\":\"Ecco un altro sito Evolution portal SEO Siti\",\"potentialAction\":[{\"@type\":\"SearchAction\",\"target\":{\"@type\":\"EntryPoint\",\"urlTemplate\":\"https:\/\/canada.evolutiontravel.it\/infovacanze\/?s={search_term_string}\"},\"query-input\":\"required name=search_term_string\"}],\"inLanguage\":\"it-IT\"}]}<\/script>\n<!-- \/ Yoast SEO plugin. -->","yoast_head_json":{"title":"Tour Canada Ovest per scoprire citt\u00e0 canadesi, parchi e attrazioni","description":"Leggi i nostri consigli per una vacanza in Canada Ovest: citt\u00e0, attrazioni e parchi! Richiedi subito le nostre offerte e parti con Evolution Travel!","robots":{"index":"index","follow":"follow","max-snippet":"max-snippet:-1","max-image-preview":"max-image-preview:large","max-video-preview":"max-video-preview:-1"},"canonical":"https:\/\/canada.evolutiontravel.it\/infovacanze\/tour\/ovest\/","og_locale":"it_IT","og_type":"article","og_title":"Tour Canada Ovest per scoprire citt\u00e0 canadesi, parchi e attrazioni","og_description":"Leggi i nostri consigli per una vacanza in Canada Ovest: citt\u00e0, attrazioni e parchi! Richiedi subito le nostre offerte e parti con Evolution Travel!","og_url":"https:\/\/canada.evolutiontravel.it\/infovacanze\/tour\/ovest\/","og_site_name":"Canada","article_modified_time":"2018-02-21T09:51:14+00:00","og_image":[{"url":"http:\/\/canada.evolutiontravel.it\/infovacanze\/wp-content\/uploads\/sites\/30\/2016\/11\/montagne-rocciose-300x225.jpg"}],"twitter_card":"summary_large_image","twitter_misc":{"Tempo di lettura stimato":"2 minuti"},"schema":{"@context":"https:\/\/schema.org","@graph":[{"@type":"WebPage","@id":"https:\/\/canada.evolutiontravel.it\/infovacanze\/tour\/ovest\/","url":"https:\/\/canada.evolutiontravel.it\/infovacanze\/tour\/ovest\/","name":"Tour Canada Ovest per scoprire citt\u00e0 canadesi, parchi e attrazioni","isPartOf":{"@id":"https:\/\/canada.evolutiontravel.it\/infovacanze\/#website"},"datePublished":"2016-10-17T15:11:55+00:00","dateModified":"2018-02-21T09:51:14+00:00","description":"Leggi i nostri consigli per una vacanza in Canada Ovest: citt\u00e0, attrazioni e parchi! Richiedi subito le nostre offerte e parti con Evolution Travel!","breadcrumb":{"@id":"https:\/\/canada.evolutiontravel.it\/infovacanze\/tour\/ovest\/#breadcrumb"},"inLanguage":"it-IT","potentialAction":[{"@type":"ReadAction","target":["https:\/\/canada.evolutiontravel.it\/infovacanze\/tour\/ovest\/"]}]},{"@type":"BreadcrumbList","@id":"https:\/\/canada.evolutiontravel.it\/infovacanze\/tour\/ovest\/#breadcrumb","itemListElement":[{"@type":"ListItem","position":1,"name":"Home","item":"https:\/\/canada.evolutiontravel.it\/infovacanze\/"},{"@type":"ListItem","position":2,"name":"Itinerari alla scoperta del Canada","item":"https:\/\/canada.evolutiontravel.it\/infovacanze\/tour\/"},{"@type":"ListItem","position":3,"name":"Tour in Canada Ovest"}]},{"@type":"WebSite","@id":"https:\/\/canada.evolutiontravel.it\/infovacanze\/#website","url":"https:\/\/canada.evolutiontravel.it\/infovacanze\/","name":"Canada","description":"Ecco un altro sito Evolution portal SEO Siti","potentialAction":[{"@type":"SearchAction","target":{"@type":"EntryPoint","urlTemplate":"https:\/\/canada.evolutiontravel.it\/infovacanze\/?s={search_term_string}"},"query-input":"required name=search_term_string"}],"inLanguage":"it-IT"}]}},"_links":{"self":[{"href":"https:\/\/canada.evolutiontravel.it\/infovacanze\/wp-json\/wp\/v2\/pages\/89"}],"collection":[{"href":"https:\/\/canada.evolutiontravel.it\/infovacanze\/wp-json\/wp\/v2\/pages"}],"about":[{"href":"https:\/\/canada.evolutiontravel.it\/infovacanze\/wp-json\/wp\/v2\/types\/page"}],"author":[{"embeddable":true,"href":"https:\/\/canada.evolutiontravel.it\/infovacanze\/wp-json\/wp\/v2\/users\/6"}],"replies":[{"embeddable":true,"href":"https:\/\/canada.evolutiontravel.it\/infovacanze\/wp-json\/wp\/v2\/comments?post=89"}],"version-history":[{"count":14,"href":"https:\/\/canada.evolutiontravel.it\/infovacanze\/wp-json\/wp\/v2\/pages\/89\/revisions"}],"predecessor-version":[{"id":435,"href":"https:\/\/canada.evolutiontravel.it\/infovacanze\/wp-json\/wp\/v2\/pages\/89\/revisions\/435"}],"up":[{"embeddable":true,"href":"https:\/\/canada.evolutiontravel.it\/infovacanze\/wp-json\/wp\/v2\/pages\/80"}],"wp:attachment":[{"href":"https:\/\/canada.evolutiontravel.it\/infovacanze\/wp-json\/wp\/v2\/media?parent=89"}],"curies":[{"name":"wp","href":"https:\/\/api.w.org\/{rel}","templated":true}]}}