{"id":443,"date":"2018-04-17T09:39:12","date_gmt":"2018-04-17T07:39:12","guid":{"rendered":"http:\/\/canada.evolutiontravel.it\/infovacanze\/?page_id=443"},"modified":"2018-09-28T15:46:02","modified_gmt":"2018-09-28T13:46:02","slug":"andare-in-canada","status":"publish","type":"page","link":"https:\/\/canada.evolutiontravel.it\/infovacanze\/informazioni-utili\/andare-in-canada\/","title":{"rendered":"Consigli e informazioni per il viaggio in Canada"},"content":{"rendered":"<p>Prepararsi per un viaggio in un paese cos\u00ec lontano dal nostro e cos\u00ec grande ci \u00e8 utile per organizzare al meglio valigia e vacanze. Ecco per te <strong>alcuni consigli<\/strong> su cosa serve <strong>per andare in Canada<\/strong>: documenti, cosa mettere in validia, fuso orario e altre info utili.<\/p>\n<h2>Documenti per il Canada<\/h2>\n<p>Per entrare in Canada servono un <strong>passaporto valido<\/strong> e la <strong>compilazione anticipata dell\u2019ETA<\/strong>, il questionario online simile all\u2019ESTA Statunitense. L\u2019ETA \u00e8 valido cinque anni e <strong>si pu\u00f2 fare online<\/strong>, pagando sette dollari canadesi: basta essere intestatari di una carta di credito e di un indirizzo email.<\/p>\n<p>Arrivati sul territorio, dovrete rispondere ad alcune domande su durata e scopo del viaggio, che vi far\u00e0 la polizia di frontiera. Consigliamo di compilare anche il questionario del sito \u201c<em>dove siamo nel mondo<\/em>\u201d del Ministero degli Esteri Italiano, prima di partire: una prassi utile ogni volta che si visita un paese straniero.<\/p>\n<p><strong>Il visto per il Canada<\/strong> \u00e8 necessario solo se ci si ferma <strong>pi\u00f9 di sei mesi<\/strong>, e visti speciali sono richiesti in caso di permanenza per studio o lavoro.<\/p>\n<p><strong>L\u2019assicurazione sanitaria<\/strong> non \u00e8 un documento obbligatorio ma \u00e8 necessaria per avere copertura in caso di incidenti o altre necessit\u00e0: in Canada <strong>i servizi sanitari sono a pagamento<\/strong> e ti consigliamo di farla per goderti il viaggio senza preoccupazioni.<\/p>\n<h2>Fuso orario<\/h2>\n<p>Pi\u00f9 che di fuso orario dovremmo parlare di &#8220;fusi orari&#8221; perch\u00e8 in realt\u00e0 l&#8217;orario cambia ma diversamente per ognuna delle zone del paese e dal punto di vista dell&#8217;orario \u00e8 suddiviso in 6 zone.<\/p>\n<p>Per quanto riguarda <strong>l\u2019Italia<\/strong> si va<strong> dalle quattro ore alle nove ore in meno<\/strong> rispettivamente nella costa orientale e nella costa occidentale.<\/p>\n<h2>Cosa mettere in valigia<\/h2>\n<p>L\u2019<strong>alta stagione in Canada<\/strong> coincide con la <strong>nostra estate<\/strong> ed \u00e8 il periodo migliore per visitarlo perch\u00e9 assicura temperature miti anche nelle regioni settentrionali pi\u00f9 fredde e impervie. Tuttavia, ricordatevi sempre che \u00e8 bene mettere in valigia <strong>un abbigliamento a cipolla<\/strong>, che possa permettervi di sopportare le <strong>alte escursioni termiche della sera<\/strong> cos\u00ec come <strong>l\u2019aria condizionata dei locali chiusi<\/strong>, spesso molto alta.<\/p>\n<p>Se decidete invece di andare <strong>in Canada d\u2019inverno<\/strong>, considerate di portare con voi <strong>indumenti adatti a climi rigidi<\/strong>, anche da indossare a strati; per chi ama gli sport invernali e vuole scoprire i <a href=\"https:\/\/canada.evolutiontravel.it\/infovacanze\/cosa-fare\/sciare-in-canada\/\"><strong>comprensori sciistici canadesi<\/strong><\/a>, l\u2019alta stagione coincide con l\u2019inverno e va da dicembre a marzo.<\/p>\n<h2>Lingua e valuta canadese<\/h2>\n<p>In Canada si parlano <strong>l\u2019inglese e il francese<\/strong>: quest\u2019ultima \u00e8 la lingua ufficiale delle istituzioni; mentre per quanto riguarda <strong>la moneta \u00e8 il dollaro canadese<\/strong>.<\/p>\n<p>Per il cambio di valuta controllate le quotazioni prima di partire per valutare se \u00e8 pi\u00f9 comodo partire con del contante gi\u00e0 cambiato in banca o affidarvi ai pagamenti elettronici con carta di credito.<\/p>\n<h2 style=\"text-align: center\"><span style=\"color: #008000\">Offerte viaggi e vacanze ECCEZIONALI<\/span><\/h2>\n<p>E poi, ovviamente, <strong><span style=\"color: #008000\">per andare in Canada servono\u00a0 OFFERTE IMPERDIBILI<\/span><\/strong>. Per fare una vacanza in questa destinazione straordinaria <strong>non devi per forza spendere una fortuna<\/strong>, se non ci credi <strong><span style=\"color: #008000\">CLICCA SULLE OFFERTE<\/span><\/strong> per vedere: <strong>programma<\/strong> viaggio, tante <strong>foto<\/strong>, <strong>commenti<\/strong> e <strong>recensioni<\/strong>, <strong>servizi inclusi<\/strong> nei pacchetti!<\/p>\n<div class=\"feedzy-9d45f5515d2caf3aca0b15dae590808e feedzy-rss\"><ul>Feed has no items.<\/ul> <\/div>\n<h3>Aritcoli correlati<\/h3>\n<p>Per organizzare le tue vacanze in questo paese, nel migliore dei modi, dai un&#8217;occhiata anche a questi altri articoli:<\/p>\n<ul>\n<li><a href=\"https:\/\/canada.evolutiontravel.it\/infovacanze\/informazioni-utili\/cartina-canada-est-ovest\/\">Mappa del Canada per imparare a conoscere il paese prima ancora di partire<\/a><\/li>\n<li><a href=\"https:\/\/canada.evolutiontravel.it\/infovacanze\/informazioni-utili\/clima-e-temperature\/\">Clima in Canada<\/a><\/li>\n<\/ul>\n","protected":false},"excerpt":{"rendered":"<p>Prepararsi per un viaggio in un paese cos\u00ec lontano dal nostro e cos\u00ec grande ci \u00e8 utile per organizzare al meglio valigia e vacanze. Ecco per te alcuni consigli su cosa serve per andare in Canada: documenti, cosa mettere in validia, fuso orario e altre info utili. Documenti per il Canada Per entrare in Canada <a class=\"moretag\" href=\"https:\/\/canada.evolutiontravel.it\/infovacanze\/informazioni-utili\/andare-in-canada\/\">[&#8230;]<\/a><\/p>\n","protected":false},"author":6,"featured_media":0,"parent":12,"menu_order":0,"comment_status":"closed","ping_status":"closed","template":"templates\/template-with-right-sidebar.php","meta":{"footnotes":""},"yoast_head":"<!-- This site is optimized with the Yoast SEO plugin v21.9.1 - https:\/\/yoast.com\/wordpress\/plugins\/seo\/ -->\n<title>Documenti per il viaggio in Canda, fuso orario e cosa mettere in valigia<\/title>\n<meta name=\"description\" content=\"Stai pensando a un viaggio in Canada e vuoi sapere cosa serve, dall&#039;abbigliamento ai documenti e altre info utili? Leggi il nostro articolo!\" \/>\n<meta name=\"robots\" content=\"index, follow, max-snippet:-1, max-image-preview:large, max-video-preview:-1\" \/>\n<link rel=\"canonical\" href=\"https:\/\/canada.evolutiontravel.it\/infovacanze\/informazioni-utili\/andare-in-canada\/\" \/>\n<meta property=\"og:locale\" content=\"it_IT\" \/>\n<meta property=\"og:type\" content=\"article\" \/>\n<meta property=\"og:title\" content=\"Documenti per il viaggio in Canda, fuso orario e cosa mettere in valigia\" \/>\n<meta property=\"og:description\" content=\"Stai pensando a un viaggio in Canada e vuoi sapere cosa serve, dall&#039;abbigliamento ai documenti e altre info utili? Leggi il nostro articolo!\" \/>\n<meta property=\"og:url\" content=\"https:\/\/canada.evolutiontravel.it\/infovacanze\/informazioni-utili\/andare-in-canada\/\" \/>\n<meta property=\"og:site_name\" content=\"Canada\" \/>\n<meta property=\"article:modified_time\" content=\"2018-09-28T13:46:02+00:00\" \/>\n<meta name=\"twitter:card\" content=\"summary_large_image\" \/>\n<meta name=\"twitter:label1\" content=\"Tempo di lettura stimato\" \/>\n\t<meta name=\"twitter:data1\" content=\"3 minuti\" \/>\n<script type=\"application\/ld+json\" class=\"yoast-schema-graph\">{\"@context\":\"https:\/\/schema.org\",\"@graph\":[{\"@type\":\"WebPage\",\"@id\":\"https:\/\/canada.evolutiontravel.it\/infovacanze\/informazioni-utili\/andare-in-canada\/\",\"url\":\"https:\/\/canada.evolutiontravel.it\/infovacanze\/informazioni-utili\/andare-in-canada\/\",\"name\":\"Documenti per il viaggio in Canda, fuso orario e cosa mettere in valigia\",\"isPartOf\":{\"@id\":\"https:\/\/canada.evolutiontravel.it\/infovacanze\/#website\"},\"datePublished\":\"2018-04-17T07:39:12+00:00\",\"dateModified\":\"2018-09-28T13:46:02+00:00\",\"description\":\"Stai pensando a un viaggio in Canada e vuoi sapere cosa serve, dall'abbigliamento ai documenti e altre info utili? Leggi il nostro articolo!\",\"breadcrumb\":{\"@id\":\"https:\/\/canada.evolutiontravel.it\/infovacanze\/informazioni-utili\/andare-in-canada\/#breadcrumb\"},\"inLanguage\":\"it-IT\",\"potentialAction\":[{\"@type\":\"ReadAction\",\"target\":[\"https:\/\/canada.evolutiontravel.it\/infovacanze\/informazioni-utili\/andare-in-canada\/\"]}]},{\"@type\":\"BreadcrumbList\",\"@id\":\"https:\/\/canada.evolutiontravel.it\/infovacanze\/informazioni-utili\/andare-in-canada\/#breadcrumb\",\"itemListElement\":[{\"@type\":\"ListItem\",\"position\":1,\"name\":\"Home\",\"item\":\"https:\/\/canada.evolutiontravel.it\/infovacanze\/\"},{\"@type\":\"ListItem\",\"position\":2,\"name\":\"Informazioni utili\",\"item\":\"https:\/\/canada.evolutiontravel.it\/infovacanze\/informazioni-utili\/\"},{\"@type\":\"ListItem\",\"position\":3,\"name\":\"Consigli e informazioni per il viaggio in Canada\"}]},{\"@type\":\"WebSite\",\"@id\":\"https:\/\/canada.evolutiontravel.it\/infovacanze\/#website\",\"url\":\"https:\/\/canada.evolutiontravel.it\/infovacanze\/\",\"name\":\"Canada\",\"description\":\"Ecco un altro sito Evolution portal SEO Siti\",\"potentialAction\":[{\"@type\":\"SearchAction\",\"target\":{\"@type\":\"EntryPoint\",\"urlTemplate\":\"https:\/\/canada.evolutiontravel.it\/infovacanze\/?s={search_term_string}\"},\"query-input\":\"required name=search_term_string\"}],\"inLanguage\":\"it-IT\"}]}<\/script>\n<!-- \/ Yoast SEO plugin. -->","yoast_head_json":{"title":"Documenti per il viaggio in Canda, fuso orario e cosa mettere in valigia","description":"Stai pensando a un viaggio in Canada e vuoi sapere cosa serve, dall'abbigliamento ai documenti e altre info utili? Leggi il nostro articolo!","robots":{"index":"index","follow":"follow","max-snippet":"max-snippet:-1","max-image-preview":"max-image-preview:large","max-video-preview":"max-video-preview:-1"},"canonical":"https:\/\/canada.evolutiontravel.it\/infovacanze\/informazioni-utili\/andare-in-canada\/","og_locale":"it_IT","og_type":"article","og_title":"Documenti per il viaggio in Canda, fuso orario e cosa mettere in valigia","og_description":"Stai pensando a un viaggio in Canada e vuoi sapere cosa serve, dall'abbigliamento ai documenti e altre info utili? Leggi il nostro articolo!","og_url":"https:\/\/canada.evolutiontravel.it\/infovacanze\/informazioni-utili\/andare-in-canada\/","og_site_name":"Canada","article_modified_time":"2018-09-28T13:46:02+00:00","twitter_card":"summary_large_image","twitter_misc":{"Tempo di lettura stimato":"3 minuti"},"schema":{"@context":"https:\/\/schema.org","@graph":[{"@type":"WebPage","@id":"https:\/\/canada.evolutiontravel.it\/infovacanze\/informazioni-utili\/andare-in-canada\/","url":"https:\/\/canada.evolutiontravel.it\/infovacanze\/informazioni-utili\/andare-in-canada\/","name":"Documenti per il viaggio in Canda, fuso orario e cosa mettere in valigia","isPartOf":{"@id":"https:\/\/canada.evolutiontravel.it\/infovacanze\/#website"},"datePublished":"2018-04-17T07:39:12+00:00","dateModified":"2018-09-28T13:46:02+00:00","description":"Stai pensando a un viaggio in Canada e vuoi sapere cosa serve, dall'abbigliamento ai documenti e altre info utili? Leggi il nostro articolo!","breadcrumb":{"@id":"https:\/\/canada.evolutiontravel.it\/infovacanze\/informazioni-utili\/andare-in-canada\/#breadcrumb"},"inLanguage":"it-IT","potentialAction":[{"@type":"ReadAction","target":["https:\/\/canada.evolutiontravel.it\/infovacanze\/informazioni-utili\/andare-in-canada\/"]}]},{"@type":"BreadcrumbList","@id":"https:\/\/canada.evolutiontravel.it\/infovacanze\/informazioni-utili\/andare-in-canada\/#breadcrumb","itemListElement":[{"@type":"ListItem","position":1,"name":"Home","item":"https:\/\/canada.evolutiontravel.it\/infovacanze\/"},{"@type":"ListItem","position":2,"name":"Informazioni utili","item":"https:\/\/canada.evolutiontravel.it\/infovacanze\/informazioni-utili\/"},{"@type":"ListItem","position":3,"name":"Consigli e informazioni per il viaggio in Canada"}]},{"@type":"WebSite","@id":"https:\/\/canada.evolutiontravel.it\/infovacanze\/#website","url":"https:\/\/canada.evolutiontravel.it\/infovacanze\/","name":"Canada","description":"Ecco un altro sito Evolution portal SEO Siti","potentialAction":[{"@type":"SearchAction","target":{"@type":"EntryPoint","urlTemplate":"https:\/\/canada.evolutiontravel.it\/infovacanze\/?s={search_term_string}"},"query-input":"required name=search_term_string"}],"inLanguage":"it-IT"}]}},"_links":{"self":[{"href":"https:\/\/canada.evolutiontravel.it\/infovacanze\/wp-json\/wp\/v2\/pages\/443"}],"collection":[{"href":"https:\/\/canada.evolutiontravel.it\/infovacanze\/wp-json\/wp\/v2\/pages"}],"about":[{"href":"https:\/\/canada.evolutiontravel.it\/infovacanze\/wp-json\/wp\/v2\/types\/page"}],"author":[{"embeddable":true,"href":"https:\/\/canada.evolutiontravel.it\/infovacanze\/wp-json\/wp\/v2\/users\/6"}],"replies":[{"embeddable":true,"href":"https:\/\/canada.evolutiontravel.it\/infovacanze\/wp-json\/wp\/v2\/comments?post=443"}],"version-history":[{"count":9,"href":"https:\/\/canada.evolutiontravel.it\/infovacanze\/wp-json\/wp\/v2\/pages\/443\/revisions"}],"predecessor-version":[{"id":500,"href":"https:\/\/canada.evolutiontravel.it\/infovacanze\/wp-json\/wp\/v2\/pages\/443\/revisions\/500"}],"up":[{"embeddable":true,"href":"https:\/\/canada.evolutiontravel.it\/infovacanze\/wp-json\/wp\/v2\/pages\/12"}],"wp:attachment":[{"href":"https:\/\/canada.evolutiontravel.it\/infovacanze\/wp-json\/wp\/v2\/media?parent=443"}],"curies":[{"name":"wp","href":"https:\/\/api.w.org\/{rel}","templated":true}]}}