{"id":41,"date":"2016-10-13T17:38:55","date_gmt":"2016-10-13T15:38:55","guid":{"rendered":"http:\/\/canada.evolutiontravel.it\/infovacanze\/?page_id=41"},"modified":"2018-10-01T12:17:24","modified_gmt":"2018-10-01T10:17:24","slug":"attrazioni","status":"publish","type":"page","link":"https:\/\/canada.evolutiontravel.it\/infovacanze\/cosa-fare\/attrazioni\/","title":{"rendered":"Parchi tematici in Canada, per tutta la famiglia"},"content":{"rendered":"<p><strong>Acquari,<\/strong> <strong>ponti sospesi<\/strong> e <strong>parchi tematici<\/strong> che vi lasceranno a bocca aperta: anche <strong>questo \u00e8 il Canada<\/strong>, un paese <strong>ricco di attrazioni<\/strong> certamente naturalistiche ma non solo e per questo adatto a tutti i tipi di turisti. Oltre, infatti, ai <a href=\"https:\/\/canada.evolutiontravel.it\/infovacanze\/cosa-vedere\/parchi\/\">parchi naturali, le foreste<\/a>, ai <a href=\"https:\/\/canada.evolutiontravel.it\/infovacanze\/cosa-vedere\/laghi\/\">laghi<\/a>, ai <a href=\"https:\/\/canada.evolutiontravel.it\/infovacanze\/cosa-vedere\/castelli\/\">castelli<\/a>,\u00a0 qui troverete tante occasioni diverse per il <strong>divermento di tutta la famigli<\/strong>a, bambini ma anche adulti.<\/p>\n<p>A<strong> Vancouver<\/strong> provate il brivido del<strong> FlyOver Canada<\/strong>: un <strong>simulatore di volo<\/strong> che, lasciando i <strong>visitatori sospesi nell&#8217;aria<\/strong>, li accompagna su panorami e luoghi fantastici del Canada ricreati graficamente. Un&#8217;attrazione sconsigliata soltanto a chi soffre di vertigini!<\/p>\n<p>Sempre in citt\u00e0 c&#8217;\u00e8 il <strong>Vancouver Aquarium Marine Science Centre<\/strong>, un acquario marino situato nel parco Stanley: <strong>il pi\u00f9 grande acquario del Canada<\/strong>.<\/p>\n<p>Restando in tema abissi e animali marini, altra meta \u00e8 il <strong>Ripley&#8217;s Aquarium Of Canada<\/strong> a <strong>Toronto<\/strong>: si tratta di un enorme acquario dotato di<strong> tunnel sottomarini, tra i pi\u00f9 grandi di tutto il Nord America<\/strong>. Nelle vicinanze c&#8217;\u00e8 la <strong>CN Tower,<\/strong> uno dei simboli della citt\u00e0, luogo di eccellenza per osservare Toronto dal punto pi\u00f9 alto del suo skyline.<\/p>\n<p>Per un&#8217;incursione nel mondo dello sport, il posto giusto sar\u00e0 l&#8217;<strong>Hockey Hall of Fame<\/strong>: un vero e proprio <strong>&#8220;tempio&#8221; dell&#8217;hockey<\/strong>, con mirabilia, oggetti, foto e racconti entrati nella storia di questa disciplina.<\/p>\n<div id=\"attachment_202\" style=\"width: 460px\" class=\"wp-caption alignright\"><img loading=\"lazy\" decoding=\"async\" aria-describedby=\"caption-attachment-202\" class=\"wp-image-202\" src=\"http:\/\/canada.evolutiontravel.it\/infovacanze\/wp-content\/uploads\/sites\/30\/2016\/11\/Ripleys-Aquarium-of-Canada-300x200.jpg\" alt=\"Acquario Ripleys\" width=\"450\" height=\"300\" srcset=\"https:\/\/canada.evolutiontravel.it\/infovacanze\/wp-content\/uploads\/sites\/30\/2016\/11\/Ripleys-Aquarium-of-Canada-300x200.jpg 300w, https:\/\/canada.evolutiontravel.it\/infovacanze\/wp-content\/uploads\/sites\/30\/2016\/11\/Ripleys-Aquarium-of-Canada-768x512.jpg 768w, https:\/\/canada.evolutiontravel.it\/infovacanze\/wp-content\/uploads\/sites\/30\/2016\/11\/Ripleys-Aquarium-of-Canada.jpg 1000w\" sizes=\"(max-width: 450px) 100vw, 450px\" \/><p id=\"caption-attachment-202\" class=\"wp-caption-text\">Acquario Ripleys<\/p><\/div>\n<p>Nella regione dell&#8217;Ontario a <strong>Vaughan<\/strong> c&#8217;\u00e8 il <strong>Canada&#8217;s Wonderland, un parco di divertimento<\/strong>. Qui sono stati realizzati un gran numero di emozionanti roller coaster, a tutta adrenalina! Ricordate solo che <strong>il parco \u00e8 funzionante da maggio a ottobre<\/strong>.<\/p>\n<p>Decisamente molto particolare \u00e8 l&#8217;<strong>Adventure Rooms Canada a Kitchener, <\/strong>Ontario: si entra in una stanza dalla quale entro un&#8217;ora bisogna riuscire a fuggire, grazie a indizi, enigmi da risolvere e pochi oggetti da utilizzare.<\/p>\n<p>Per unire il <strong>divertimento<\/strong> alla scoperta delle <strong>bellezze naturalistiche<\/strong> del paese, si pu\u00f2 puntare alla scoperta di attrazioni situate in luoghi particolari. Per esempio il <strong>Rainbow Bridge, <\/strong>vicino alle Cascate del Niagara, consente di osservare il portento delle acque da un punto di eccellenza, per un impatto emozionale indimenticabile.<\/p>\n<p>Non molto distante da qui ecco la <strong>Niagara SkyWheel<\/strong>: la pi\u00f9 grande <strong>ruota panoramica<\/strong> del Canada, per godere del panorama sulle cascate comodamente seduti.<\/p>\n<p>Infine, nella regione della Columbia Britannica, organizzate un giro sulla <strong>Peak 2 peak gondola<\/strong>: una <strong>funivia<\/strong> che collega le vette Whistler e Blackcomb.<\/p>\n<h3 style=\"text-align: center\">Offerte &#8220;<strong><span style=\"color: #008000\">SPECIALE CANADA<\/span><\/strong>&#8221; di Evolution Travel<\/h3>\n<p style=\"text-align: center\"><strong><span style=\"color: #008000\">CLICCA E SCOPRI SUBITO<\/span><\/strong>: <strong>programma<\/strong> dettagliato del viaggio, <strong>tantissime foto<\/strong>, <strong>comment<\/strong>i di altri viaggiatori!<\/p>\n<div class=\"feedzy-63170785508e4f1d5ba9a27ee4b6fd09 feedzy-rss\">\n\t\t<ul class=\"feedzy-style2\">\n\t\t\t\t\t<li  style=\"padding: 23px 0 38px\" class=\"rss_item feedzy-rss-col-3\" >\n\t\t\t\t\t\t\t\t\t<div class=\"rss_image\" style=\"width:225px; height:225px;\">\n\t\t\t\t\t\t<a href=\"https:\/\/canada.evolutiontravel.it\/it_IT\/902\/tab\/6909_fly-drive-british-columbia-alberta.html\" target=\"_blank\" \n\t\t\t\t\t\t\trel=\"noopener \"\n\t\t\t\t\t\t\ttitle=\"Fly &amp; Drive: British Columbia &amp; Alberta\"\n\t\t\t\t\t\t\tstyle=\"width:225px; height:225px;\">\n\t\t\t\t\t\t\t<span class=\"fetched\" style=\"background-image:  url('http:\/\/etcdn.net\/thumbnails\/6909\/it-vancouver-fly-drive-british-columbia-alberta-54d6d.jpg');\" title=\"Fly &amp; Drive: British Columbia &amp; Alberta\"><\/span><amp-img width=\"225\" height=\"225\" src=\"http:\/\/etcdn.net\/thumbnails\/6909\/it-vancouver-fly-drive-british-columbia-alberta-54d6d.jpg\">\t\t\t\t\t\t<\/a>\n\t\t\t\t\t<\/div>\n\t\t\t\t\t\t\t\t<div class=\"rss_content_wrap\">\n\t\t\t\t\t<span class=\"title\">\n\t\t\t\t\t\t<a href=\"https:\/\/canada.evolutiontravel.it\/it_IT\/902\/tab\/6909_fly-drive-british-columbia-alberta.html\" target=\"_blank\"  rel=\"noopener \">\n\t\t\t\t\t\t\tFly &amp; Drive: British Columbia &amp; Alberta\t\t\t\t\t\t<\/a>\n\t\t\t\t\t<\/span>\n\t\t\t\t\t<div class=\"rss_content\"\n\t\t\t\t\t\t\tstyle=\"\">\n\t\t\t\t\t\t\n\t\t\t\t\t\t\t\t\t\t\t\t<p class=\"description\">Fly &amp; Drive - 13 giorni \/ 12 notti - West Canada - Partendo da Vancouver fino a Sun Peaks, attraversando Jasper e Banff, [&hellip;]<\/p>\n\t\t\t\t\t\t\n\t\t\t\t\t\t\t\t\t\t\t\t\t\t\t\t\t\t\t<div class=\"price-wrap\">\n\t\t\t\t\t\t\t\t<a href=\"https:\/\/canada.evolutiontravel.it\/it_IT\/902\/tab\/6909_fly-drive-british-columbia-alberta.html\" target=\"_blank\" rel=\"noopener\"><button class=\"price\"> 1421<\/button><\/a>\n\t\t\t\t\t\t\t<\/div>\n\t\t\t\t\t\t\t\t\t\t\t<\/div>\n\t\t\t\t<\/div>\n\t\t\t<\/li>\n\t\t\t\t\t\t<li  style=\"padding: 23px 0 38px\" class=\"rss_item feedzy-rss-col-3\" >\n\t\t\t\t\t\t\t\t\t<div class=\"rss_image\" style=\"width:225px; height:225px;\">\n\t\t\t\t\t\t<a href=\"https:\/\/canada.evolutiontravel.it\/it_IT\/902\/tab\/41215_esperienze-esclusive-e-leggende-tour-di-gruppo.html\" target=\"_blank\" \n\t\t\t\t\t\t\trel=\"noopener \"\n\t\t\t\t\t\t\ttitle=\"Esperienze esclusive e Leggende - Tour di gruppo\"\n\t\t\t\t\t\t\tstyle=\"width:225px; height:225px;\">\n\t\t\t\t\t\t\t<span class=\"fetched\" style=\"background-image:  url('http:\/\/etcdn.net\/thumbnails\/7498\/it-toronto-gran-tour-del-canada-tour-di-gruppo-58804.jpg');\" title=\"Esperienze esclusive e Leggende - Tour di gruppo\"><\/span><amp-img width=\"225\" height=\"225\" src=\"http:\/\/etcdn.net\/thumbnails\/7498\/it-toronto-gran-tour-del-canada-tour-di-gruppo-58804.jpg\">\t\t\t\t\t\t<\/a>\n\t\t\t\t\t<\/div>\n\t\t\t\t\t\t\t\t<div class=\"rss_content_wrap\">\n\t\t\t\t\t<span class=\"title\">\n\t\t\t\t\t\t<a href=\"https:\/\/canada.evolutiontravel.it\/it_IT\/902\/tab\/41215_esperienze-esclusive-e-leggende-tour-di-gruppo.html\" target=\"_blank\"  rel=\"noopener \">\n\t\t\t\t\t\t\tEsperienze esclusive e Leggende - Tour di gruppo\t\t\t\t\t\t<\/a>\n\t\t\t\t\t<\/span>\n\t\t\t\t\t<div class=\"rss_content\"\n\t\t\t\t\t\t\tstyle=\"\">\n\t\t\t\t\t\t\n\t\t\t\t\t\t\t\t\t\t\t\t<p class=\"description\">Tra i tour pi\u00f9 interessanti di tutto il Canada, vi permetter\u00e0 in 16 giorni di andare alla scoperta delle citt\u00e0 pi\u00f9 belle del [&hellip;]<\/p>\n\t\t\t\t\t\t\n\t\t\t\t\t\t\t\t\t\t\t\t\t\t\t\t\t\t\t<div class=\"price-wrap\">\n\t\t\t\t\t\t\t\t<a href=\"https:\/\/canada.evolutiontravel.it\/it_IT\/902\/tab\/41215_esperienze-esclusive-e-leggende-tour-di-gruppo.html\" target=\"_blank\" rel=\"noopener\"><button class=\"price\"> 1712<\/button><\/a>\n\t\t\t\t\t\t\t<\/div>\n\t\t\t\t\t\t\t\t\t\t\t<\/div>\n\t\t\t\t<\/div>\n\t\t\t<\/li>\n\t\t\t\t\t\t<li  style=\"padding: 23px 0 38px\" class=\"rss_item feedzy-rss-col-3\" >\n\t\t\t\t\t\t\t\t\t<div class=\"rss_image\" style=\"width:225px; height:225px;\">\n\t\t\t\t\t\t<a href=\"https:\/\/canada.evolutiontravel.it\/it_IT\/902\/tab\/9865_affascinante-ovest-tour-di-gruppo.html\" target=\"_blank\" \n\t\t\t\t\t\t\trel=\"noopener \"\n\t\t\t\t\t\t\ttitle=\"Affascinante Ovest - Tour di gruppo\"\n\t\t\t\t\t\t\tstyle=\"width:225px; height:225px;\">\n\t\t\t\t\t\t\t<span class=\"fetched\" style=\"background-image:  url('http:\/\/etcdn.net\/thumbnails\/9865\/it-calgary-lovest-canadese-tour-di-gruppo-63a26.jpg');\" title=\"Affascinante Ovest - Tour di gruppo\"><\/span><amp-img width=\"225\" height=\"225\" src=\"http:\/\/etcdn.net\/thumbnails\/9865\/it-calgary-lovest-canadese-tour-di-gruppo-63a26.jpg\">\t\t\t\t\t\t<\/a>\n\t\t\t\t\t<\/div>\n\t\t\t\t\t\t\t\t<div class=\"rss_content_wrap\">\n\t\t\t\t\t<span class=\"title\">\n\t\t\t\t\t\t<a href=\"https:\/\/canada.evolutiontravel.it\/it_IT\/902\/tab\/9865_affascinante-ovest-tour-di-gruppo.html\" target=\"_blank\"  rel=\"noopener \">\n\t\t\t\t\t\t\tAffascinante Ovest - Tour di gruppo\t\t\t\t\t\t<\/a>\n\t\t\t\t\t<\/span>\n\t\t\t\t\t<div class=\"rss_content\"\n\t\t\t\t\t\t\tstyle=\"\">\n\t\t\t\t\t\t\n\t\t\t\t\t\t\t\t\t\t\t\t<p class=\"description\">Questo Tour \u00e8 stato pensato per una clientela che predilige accompagnatore\u00a0e\u00a0guide\u00a0parlanti italiano: splendido itinerario [&hellip;]<\/p>\n\t\t\t\t\t\t\n\t\t\t\t\t\t\t\t\t\t\t\t\t\t\t\t\t\t\t<div class=\"price-wrap\">\n\t\t\t\t\t\t\t\t<a href=\"https:\/\/canada.evolutiontravel.it\/it_IT\/902\/tab\/9865_affascinante-ovest-tour-di-gruppo.html\" target=\"_blank\" rel=\"noopener\"><button class=\"price\"> 3221<\/button><\/a>\n\t\t\t\t\t\t\t<\/div>\n\t\t\t\t\t\t\t\t\t\t\t<\/div>\n\t\t\t\t<\/div>\n\t\t\t<\/li>\n\t\t\t\t\t\t<li  style=\"padding: 23px 0 38px\" class=\"rss_item feedzy-rss-col-3\" >\n\t\t\t\t\t\t\t\t\t<div class=\"rss_image\" style=\"width:225px; height:225px;\">\n\t\t\t\t\t\t<a href=\"https:\/\/canada.evolutiontravel.it\/it_IT\/902\/tab\/41213_avventura-da-costa-a-costa-tour-di-gruppo.html\" target=\"_blank\" \n\t\t\t\t\t\t\trel=\"noopener \"\n\t\t\t\t\t\t\ttitle=\"Avventura da Costa a  Costa - Tour di gruppo\"\n\t\t\t\t\t\t\tstyle=\"width:225px; height:225px;\">\n\t\t\t\t\t\t\t<span class=\"fetched\" style=\"background-image:  url('http:\/\/etcdn.net\/thumbnails\/9194\/it-montreal-il-canada-coast-to-coast-tour-di-gruppo-63a69.jpg');\" title=\"Avventura da Costa a  Costa - Tour di gruppo\"><\/span><amp-img width=\"225\" height=\"225\" src=\"http:\/\/etcdn.net\/thumbnails\/9194\/it-montreal-il-canada-coast-to-coast-tour-di-gruppo-63a69.jpg\">\t\t\t\t\t\t<\/a>\n\t\t\t\t\t<\/div>\n\t\t\t\t\t\t\t\t<div class=\"rss_content_wrap\">\n\t\t\t\t\t<span class=\"title\">\n\t\t\t\t\t\t<a href=\"https:\/\/canada.evolutiontravel.it\/it_IT\/902\/tab\/41213_avventura-da-costa-a-costa-tour-di-gruppo.html\" target=\"_blank\"  rel=\"noopener \">\n\t\t\t\t\t\t\tAvventura da Costa a  Costa - Tour di gruppo\t\t\t\t\t\t<\/a>\n\t\t\t\t\t<\/span>\n\t\t\t\t\t<div class=\"rss_content\"\n\t\t\t\t\t\t\tstyle=\"\">\n\t\t\t\t\t\t\n\t\t\t\t\t\t\t\t\t\t\t\t<p class=\"description\">Un meravigliso Tour completo, con accompagnatore parlante anche italino, alla scoperta di questo fantastico Paese sempre con la [&hellip;]<\/p>\n\t\t\t\t\t\t\n\t\t\t\t\t\t\t\t\t\t\t\t\t\t\t\t\t\t\t<div class=\"price-wrap\">\n\t\t\t\t\t\t\t\t<a href=\"https:\/\/canada.evolutiontravel.it\/it_IT\/902\/tab\/41213_avventura-da-costa-a-costa-tour-di-gruppo.html\" target=\"_blank\" rel=\"noopener\"><button class=\"price\"> 4614<\/button><\/a>\n\t\t\t\t\t\t\t<\/div>\n\t\t\t\t\t\t\t\t\t\t\t<\/div>\n\t\t\t\t<\/div>\n\t\t\t<\/li>\n\t\t\t\t\t\t<li  style=\"padding: 23px 0 38px\" class=\"rss_item feedzy-rss-col-3\" >\n\t\t\t\t\t\t\t\t\t<div class=\"rss_image\" style=\"width:225px; height:225px;\">\n\t\t\t\t\t\t<a href=\"https:\/\/canada.evolutiontravel.it\/it_IT\/902\/tab\/40612_tour-dellest-combinato-tra-i-due-paesi.html\" target=\"_blank\" \n\t\t\t\t\t\t\trel=\"noopener \"\n\t\t\t\t\t\t\ttitle=\"Tour dell&#039;Est combinato tra i due Paesi\"\n\t\t\t\t\t\t\tstyle=\"width:225px; height:225px;\">\n\t\t\t\t\t\t\t<span class=\"fetched\" style=\"background-image:  url('http:\/\/etcdn.net\/thumbnails\/7498\/it-toronto-gran-tour-del-canada-tour-di-gruppo-58804.jpg');\" title=\"Tour dell&#039;Est combinato tra i due Paesi\"><\/span><amp-img width=\"225\" height=\"225\" src=\"http:\/\/etcdn.net\/thumbnails\/7498\/it-toronto-gran-tour-del-canada-tour-di-gruppo-58804.jpg\">\t\t\t\t\t\t<\/a>\n\t\t\t\t\t<\/div>\n\t\t\t\t\t\t\t\t<div class=\"rss_content_wrap\">\n\t\t\t\t\t<span class=\"title\">\n\t\t\t\t\t\t<a href=\"https:\/\/canada.evolutiontravel.it\/it_IT\/902\/tab\/40612_tour-dellest-combinato-tra-i-due-paesi.html\" target=\"_blank\"  rel=\"noopener \">\n\t\t\t\t\t\t\tTour dell'Est combinato tra i due Paesi\t\t\t\t\t\t<\/a>\n\t\t\t\t\t<\/span>\n\t\t\t\t\t<div class=\"rss_content\"\n\t\t\t\t\t\t\tstyle=\"\">\n\t\t\t\t\t\t\n\t\t\t\t\t\t\t\t\t\t\t\t<p class=\"description\">Tra i tour di gruppo pi\u00f9 interessanti del nord America, vi permetter\u00e0di visitare i 2 Paesi che hai sempre sognato, Usa e Canada!<\/p>\n\t\t\t\t\t\t\n\t\t\t\t\t\t\t\t\t\t\t\t\t\t\t\t\t\t\t<div class=\"price-wrap\">\n\t\t\t\t\t\t\t\t<a href=\"https:\/\/canada.evolutiontravel.it\/it_IT\/902\/tab\/40612_tour-dellest-combinato-tra-i-due-paesi.html\" target=\"_blank\" rel=\"noopener\"><button class=\"price\"> 2960<\/button><\/a>\n\t\t\t\t\t\t\t<\/div>\n\t\t\t\t\t\t\t\t\t\t\t<\/div>\n\t\t\t\t<\/div>\n\t\t\t<\/li>\n\t\t\t\t\t\t<li  style=\"padding: 23px 0 38px\" class=\"rss_item feedzy-rss-col-3\" >\n\t\t\t\t\t\t\t\t\t<div class=\"rss_image\" style=\"width:225px; height:225px;\">\n\t\t\t\t\t\t<a href=\"https:\/\/canada.evolutiontravel.it\/it_IT\/902\/tab\/9892_il-selvaggio-est-canadese.html\" target=\"_blank\" \n\t\t\t\t\t\t\trel=\"noopener \"\n\t\t\t\t\t\t\ttitle=\"Il selvaggio Est canadese\"\n\t\t\t\t\t\t\tstyle=\"width:225px; height:225px;\">\n\t\t\t\t\t\t\t<span class=\"fetched\" style=\"background-image:  url('http:\/\/etcdn.net\/thumbnails\/9892\/it-montreal-il-selvaggio-est-canadese-5fdf1.jpg');\" title=\"Il selvaggio Est canadese\"><\/span><amp-img width=\"225\" height=\"225\" src=\"http:\/\/etcdn.net\/thumbnails\/9892\/it-montreal-il-selvaggio-est-canadese-5fdf1.jpg\">\t\t\t\t\t\t<\/a>\n\t\t\t\t\t<\/div>\n\t\t\t\t\t\t\t\t<div class=\"rss_content_wrap\">\n\t\t\t\t\t<span class=\"title\">\n\t\t\t\t\t\t<a href=\"https:\/\/canada.evolutiontravel.it\/it_IT\/902\/tab\/9892_il-selvaggio-est-canadese.html\" target=\"_blank\"  rel=\"noopener \">\n\t\t\t\t\t\t\tIl selvaggio Est canadese\t\t\t\t\t\t<\/a>\n\t\t\t\t\t<\/span>\n\t\t\t\t\t<div class=\"rss_content\"\n\t\t\t\t\t\t\tstyle=\"\">\n\t\t\t\t\t\t\n\t\t\t\t\t\t\t\t\t\t\t\t<p class=\"description\">Un bellissimo itinerario che si snoda attraverso le perle dell'Est Canadese. Un tour che tocca le pi\u00f9 belle citt\u00e0 dell'est [&hellip;]<\/p>\n\t\t\t\t\t\t\n\t\t\t\t\t\t\t\t\t\t\t\t\t\t\t\t\t\t\t<div class=\"price-wrap\">\n\t\t\t\t\t\t\t\t<a href=\"https:\/\/canada.evolutiontravel.it\/it_IT\/902\/tab\/9892_il-selvaggio-est-canadese.html\" target=\"_blank\" rel=\"noopener\"><button class=\"price\"> 2376<\/button><\/a>\n\t\t\t\t\t\t\t<\/div>\n\t\t\t\t\t\t\t\t\t\t\t<\/div>\n\t\t\t\t<\/div>\n\t\t\t<\/li>\n\t\t\t\t<\/ul>\n<\/div>\n<style type=\"text\/css\" media=\"all\">.feedzy-rss .rss_item .rss_image{float:left;position:relative;border:none;text-decoration:none;max-width:100%}.feedzy-rss .rss_item .rss_image span{display:inline-block;position:absolute;width:100%;height:100%;background-position:50%;background-size:cover}.feedzy-rss .rss_item .rss_image{margin:.3em 1em 0 0;content-visibility:auto}.feedzy-rss ul{list-style:none}.feedzy-rss ul li{display:inline-block}<\/style>\n","protected":false},"excerpt":{"rendered":"<p>Acquari, ponti sospesi e parchi tematici che vi lasceranno a bocca aperta: anche questo \u00e8 il Canada, un paese ricco di attrazioni certamente naturalistiche ma non solo e per questo adatto a tutti i tipi di turisti. Oltre, infatti, ai parchi naturali, le foreste, ai laghi, ai castelli,\u00a0 qui troverete tante occasioni diverse per il <a class=\"moretag\" href=\"https:\/\/canada.evolutiontravel.it\/infovacanze\/cosa-fare\/attrazioni\/\">[&#8230;]<\/a><\/p>\n","protected":false},"author":6,"featured_media":0,"parent":37,"menu_order":0,"comment_status":"closed","ping_status":"closed","template":"templates\/template-with-right-sidebar.php","meta":{"footnotes":""},"yoast_head":"<!-- This site is optimized with the Yoast SEO plugin v21.9.1 - https:\/\/yoast.com\/wordpress\/plugins\/seo\/ -->\n<title>Parchi tematici in Canada: ponti sospesi e parchi divertimento per la famiglia<\/title>\n<meta name=\"description\" content=\"Scopri con noi le tante attrazioni che puoi trovare in Canada: parchi divertimento, acquari, e molto altro per tutta la famiglia!\" \/>\n<meta name=\"robots\" content=\"index, follow, max-snippet:-1, max-image-preview:large, max-video-preview:-1\" \/>\n<link rel=\"canonical\" href=\"https:\/\/canada.evolutiontravel.it\/infovacanze\/cosa-fare\/attrazioni\/\" \/>\n<meta property=\"og:locale\" content=\"it_IT\" \/>\n<meta property=\"og:type\" content=\"article\" \/>\n<meta property=\"og:title\" content=\"Parchi tematici in Canada: ponti sospesi e parchi divertimento per la famiglia\" \/>\n<meta property=\"og:description\" content=\"Scopri con noi le tante attrazioni che puoi trovare in Canada: parchi divertimento, acquari, e molto altro per tutta la famiglia!\" \/>\n<meta property=\"og:url\" content=\"https:\/\/canada.evolutiontravel.it\/infovacanze\/cosa-fare\/attrazioni\/\" \/>\n<meta property=\"og:site_name\" content=\"Canada\" \/>\n<meta property=\"article:modified_time\" content=\"2018-10-01T10:17:24+00:00\" \/>\n<meta property=\"og:image\" content=\"http:\/\/canada.evolutiontravel.it\/infovacanze\/wp-content\/uploads\/sites\/30\/2016\/11\/Ripleys-Aquarium-of-Canada-300x200.jpg\" \/>\n<meta name=\"twitter:card\" content=\"summary_large_image\" \/>\n<meta name=\"twitter:label1\" content=\"Tempo di lettura stimato\" \/>\n\t<meta name=\"twitter:data1\" content=\"2 minuti\" \/>\n<script type=\"application\/ld+json\" class=\"yoast-schema-graph\">{\"@context\":\"https:\/\/schema.org\",\"@graph\":[{\"@type\":\"WebPage\",\"@id\":\"https:\/\/canada.evolutiontravel.it\/infovacanze\/cosa-fare\/attrazioni\/\",\"url\":\"https:\/\/canada.evolutiontravel.it\/infovacanze\/cosa-fare\/attrazioni\/\",\"name\":\"Parchi tematici in Canada: ponti sospesi e parchi divertimento per la famiglia\",\"isPartOf\":{\"@id\":\"https:\/\/canada.evolutiontravel.it\/infovacanze\/#website\"},\"datePublished\":\"2016-10-13T15:38:55+00:00\",\"dateModified\":\"2018-10-01T10:17:24+00:00\",\"description\":\"Scopri con noi le tante attrazioni che puoi trovare in Canada: parchi divertimento, acquari, e molto altro per tutta la famiglia!\",\"breadcrumb\":{\"@id\":\"https:\/\/canada.evolutiontravel.it\/infovacanze\/cosa-fare\/attrazioni\/#breadcrumb\"},\"inLanguage\":\"it-IT\",\"potentialAction\":[{\"@type\":\"ReadAction\",\"target\":[\"https:\/\/canada.evolutiontravel.it\/infovacanze\/cosa-fare\/attrazioni\/\"]}]},{\"@type\":\"BreadcrumbList\",\"@id\":\"https:\/\/canada.evolutiontravel.it\/infovacanze\/cosa-fare\/attrazioni\/#breadcrumb\",\"itemListElement\":[{\"@type\":\"ListItem\",\"position\":1,\"name\":\"Home\",\"item\":\"https:\/\/canada.evolutiontravel.it\/infovacanze\/\"},{\"@type\":\"ListItem\",\"position\":2,\"name\":\"Canada: cosa fare in vacanza?\",\"item\":\"https:\/\/canada.evolutiontravel.it\/infovacanze\/cosa-fare\/\"},{\"@type\":\"ListItem\",\"position\":3,\"name\":\"Parchi tematici in Canada, per tutta la famiglia\"}]},{\"@type\":\"WebSite\",\"@id\":\"https:\/\/canada.evolutiontravel.it\/infovacanze\/#website\",\"url\":\"https:\/\/canada.evolutiontravel.it\/infovacanze\/\",\"name\":\"Canada\",\"description\":\"Ecco un altro sito Evolution portal SEO Siti\",\"potentialAction\":[{\"@type\":\"SearchAction\",\"target\":{\"@type\":\"EntryPoint\",\"urlTemplate\":\"https:\/\/canada.evolutiontravel.it\/infovacanze\/?s={search_term_string}\"},\"query-input\":\"required name=search_term_string\"}],\"inLanguage\":\"it-IT\"}]}<\/script>\n<!-- \/ Yoast SEO plugin. -->","yoast_head_json":{"title":"Parchi tematici in Canada: ponti sospesi e parchi divertimento per la famiglia","description":"Scopri con noi le tante attrazioni che puoi trovare in Canada: parchi divertimento, acquari, e molto altro per tutta la famiglia!","robots":{"index":"index","follow":"follow","max-snippet":"max-snippet:-1","max-image-preview":"max-image-preview:large","max-video-preview":"max-video-preview:-1"},"canonical":"https:\/\/canada.evolutiontravel.it\/infovacanze\/cosa-fare\/attrazioni\/","og_locale":"it_IT","og_type":"article","og_title":"Parchi tematici in Canada: ponti sospesi e parchi divertimento per la famiglia","og_description":"Scopri con noi le tante attrazioni che puoi trovare in Canada: parchi divertimento, acquari, e molto altro per tutta la famiglia!","og_url":"https:\/\/canada.evolutiontravel.it\/infovacanze\/cosa-fare\/attrazioni\/","og_site_name":"Canada","article_modified_time":"2018-10-01T10:17:24+00:00","og_image":[{"url":"http:\/\/canada.evolutiontravel.it\/infovacanze\/wp-content\/uploads\/sites\/30\/2016\/11\/Ripleys-Aquarium-of-Canada-300x200.jpg"}],"twitter_card":"summary_large_image","twitter_misc":{"Tempo di lettura stimato":"2 minuti"},"schema":{"@context":"https:\/\/schema.org","@graph":[{"@type":"WebPage","@id":"https:\/\/canada.evolutiontravel.it\/infovacanze\/cosa-fare\/attrazioni\/","url":"https:\/\/canada.evolutiontravel.it\/infovacanze\/cosa-fare\/attrazioni\/","name":"Parchi tematici in Canada: ponti sospesi e parchi divertimento per la famiglia","isPartOf":{"@id":"https:\/\/canada.evolutiontravel.it\/infovacanze\/#website"},"datePublished":"2016-10-13T15:38:55+00:00","dateModified":"2018-10-01T10:17:24+00:00","description":"Scopri con noi le tante attrazioni che puoi trovare in Canada: parchi divertimento, acquari, e molto altro per tutta la famiglia!","breadcrumb":{"@id":"https:\/\/canada.evolutiontravel.it\/infovacanze\/cosa-fare\/attrazioni\/#breadcrumb"},"inLanguage":"it-IT","potentialAction":[{"@type":"ReadAction","target":["https:\/\/canada.evolutiontravel.it\/infovacanze\/cosa-fare\/attrazioni\/"]}]},{"@type":"BreadcrumbList","@id":"https:\/\/canada.evolutiontravel.it\/infovacanze\/cosa-fare\/attrazioni\/#breadcrumb","itemListElement":[{"@type":"ListItem","position":1,"name":"Home","item":"https:\/\/canada.evolutiontravel.it\/infovacanze\/"},{"@type":"ListItem","position":2,"name":"Canada: cosa fare in vacanza?","item":"https:\/\/canada.evolutiontravel.it\/infovacanze\/cosa-fare\/"},{"@type":"ListItem","position":3,"name":"Parchi tematici in Canada, per tutta la famiglia"}]},{"@type":"WebSite","@id":"https:\/\/canada.evolutiontravel.it\/infovacanze\/#website","url":"https:\/\/canada.evolutiontravel.it\/infovacanze\/","name":"Canada","description":"Ecco un altro sito Evolution portal SEO Siti","potentialAction":[{"@type":"SearchAction","target":{"@type":"EntryPoint","urlTemplate":"https:\/\/canada.evolutiontravel.it\/infovacanze\/?s={search_term_string}"},"query-input":"required name=search_term_string"}],"inLanguage":"it-IT"}]}},"_links":{"self":[{"href":"https:\/\/canada.evolutiontravel.it\/infovacanze\/wp-json\/wp\/v2\/pages\/41"}],"collection":[{"href":"https:\/\/canada.evolutiontravel.it\/infovacanze\/wp-json\/wp\/v2\/pages"}],"about":[{"href":"https:\/\/canada.evolutiontravel.it\/infovacanze\/wp-json\/wp\/v2\/types\/page"}],"author":[{"embeddable":true,"href":"https:\/\/canada.evolutiontravel.it\/infovacanze\/wp-json\/wp\/v2\/users\/6"}],"replies":[{"embeddable":true,"href":"https:\/\/canada.evolutiontravel.it\/infovacanze\/wp-json\/wp\/v2\/comments?post=41"}],"version-history":[{"count":13,"href":"https:\/\/canada.evolutiontravel.it\/infovacanze\/wp-json\/wp\/v2\/pages\/41\/revisions"}],"predecessor-version":[{"id":518,"href":"https:\/\/canada.evolutiontravel.it\/infovacanze\/wp-json\/wp\/v2\/pages\/41\/revisions\/518"}],"up":[{"embeddable":true,"href":"https:\/\/canada.evolutiontravel.it\/infovacanze\/wp-json\/wp\/v2\/pages\/37"}],"wp:attachment":[{"href":"https:\/\/canada.evolutiontravel.it\/infovacanze\/wp-json\/wp\/v2\/media?parent=41"}],"curies":[{"name":"wp","href":"https:\/\/api.w.org\/{rel}","templated":true}]}}