{"id":34,"date":"2016-10-13T17:37:34","date_gmt":"2016-10-13T15:37:34","guid":{"rendered":"http:\/\/canada.evolutiontravel.it\/infovacanze\/?page_id=34"},"modified":"2018-10-01T11:02:50","modified_gmt":"2018-10-01T09:02:50","slug":"citta","status":"publish","type":"page","link":"https:\/\/canada.evolutiontravel.it\/infovacanze\/cosa-vedere\/citta\/","title":{"rendered":"Citt\u00e0 del Canada"},"content":{"rendered":"<p>In questo articolo vi raccontiamo quali sono le <strong>principali citt\u00e0 del Canada<\/strong> e un&#8217;idea di <strong>tour tra queste localit\u00e0<\/strong>. Prima di tutto per\u00f2 considerate che \u00e8 necessario decidere bene gli itinerari da seguire per evitare di fare viaggi faticosi e dispersivi. Il Canada \u00e8 infatti molto grande e i <strong>tempi di percorrenza tra una citt\u00e0 e l&#8217;latra<\/strong> possono essere anche molto lunghi, organizzando bene l&#8217;itineraio potrete vedere tante cose tra una destinazione e l&#8217;altra.<\/p>\n<p>Iniziamo il viaggio partendo dalla <strong>capitale del paese, Ottawa<\/strong>.<br \/>\nDate le <strong>dimensioni ridotte <\/strong>della citt\u00e0, si presta ad essere visitata facilmente: vedrete <strong>Rideau Canal<\/strong>, la <strong>Peace Tower<\/strong>, il <strong>Museo delle Civilt\u00e0<\/strong> e la modernissima <strong>area di Downtown<\/strong>. Tra i luoghi pi\u00f9 famosi anche dal punto di vista turistico, c&#8217;\u00e8 la &#8220;<strong>Collina del Parlamento<\/strong>&#8220;.<\/p>\n<p>Restando in <a title=\"canada est\" href=\"https:\/\/canada.evolutiontravel.it\/infovacanze\/tour\/est\/\">Canada Est<\/a>, arriviamo a <strong>Montr\u00e9al, la pi\u00f9 grande citt\u00e0 del Quebec<\/strong>, per poi proseguire verso<strong> Quebec City<\/strong>. Seppur pi\u00f9 piccola, anche <strong>Tadoussac<\/strong> merita una visita mentre pi\u00f9 a sud ovest arriviamo a <strong>Kingston<\/strong>, prima di approdare infine a<strong> Toronto<\/strong>.<\/p>\n<p>Se invece il vostro viaggio fosse al <a title=\"tour canada ovest\" href=\"https:\/\/canada.evolutiontravel.it\/infovacanze\/tour\/ovest\/\">versante occidentale del Canada<\/a>, allora le localit\u00e0 da non perdere saranno <strong>Vancouver<\/strong>,<strong> Calgary <\/strong>e <strong>Victoria<\/strong>. Avendo qualche giornata a disposizione, \u00e8 consigliabile dedicare del tempo anche a <strong>Vancouver Island<\/strong> una delle <a title=\"isole in canada\" href=\"https:\/\/canada.evolutiontravel.it\/infovacanze\/cosa-vedere\/isole\/\">grandi isole del Canada<\/a>.<\/p>\n<p><a title=\"mappa canada\" href=\"https:\/\/canada.evolutiontravel.it\/infovacanze\/informazioni-utili\/cartina-canada-est-ovest\/\">Guardando la mappa del Canada<\/a> si noter\u00e0 che le principali cittadine si trovano lungo l&#8217;area meridionale, sia ad est che ad ovest; certo anche pi\u00f9 a settentrione vi sono centri abitati suggestivi, tuttavia le rigide temperature registrate nella gran parte dell&#8217;anno nelle zone del nord scoraggiano i viaggiatori.<\/p>\n<h2>Altre piccole cittadine del Canada<\/h2>\n<p><strong>Manitoba<\/strong>, <strong>Windsor<\/strong>, <strong>Kitchener<\/strong>, <strong>Oshawa<\/strong> e <strong>St. Catharines<\/strong> sono quelle citt\u00e0 &#8220;minori&#8221; che, se privsito dall&#8217;itinerario, \u00e8 comunque consigliabile visitare. Altro esempio di cittadina interessante poich\u00e8 situata nei pressi di un parco di grande fama \u00e8 <strong>Banff<\/strong>, a poca distanza dall&#8217;omonimo Parco tra i <a title=\"parchi canada\" href=\"https:\/\/canada.evolutiontravel.it\/infovacanze\/cosa-vedere\/parchi\/\">pi\u00f9 noti parchi del Canada<\/a>.<\/p>\n<p>Tra i centri &#8220;minori&#8221; ma <strong>ricchi di storia<\/strong> e di fascino troviamo: <strong>Regina<\/strong>, <strong>Sherbrooke<\/strong>, <strong>Saskatoon<\/strong>, <strong>Burlington<\/strong>, <strong>Welland<\/strong>, <strong>Federicton<\/strong>, <strong>Guelph<\/strong>, <strong>Saint Albert<\/strong> e <strong>Wood buffalo<\/strong>.<\/p>\n<p>In un ipotetico itinerario delle<strong> localit\u00e0 pi\u00f9 piccole<\/strong> del paese dovrebbero rientrare anche <strong>Kawartha Lakes<\/strong>, <strong>Red Deer<\/strong>, <strong>Medice Hat<\/strong>, <strong>Lathbridge<\/strong>, <strong>Grande Praire<\/strong>, <strong>Brampton<\/strong>, <strong>Trois Rivieres<\/strong> e <strong>Chatham Kent <\/strong>e seavete a disposizione molti giorni di vacanza e tanta curiosit\u00e0 fate una sosta anche a\u00a0 Brantford, Longueuil, Barrie, Kamloops, Thunder bay, Sault Sainte Marie e Halifax.<\/p>\n<p>&nbsp;<\/p>\n<h3 style=\"text-align: center\">&#8220;<strong><span style=\"color: #008000\">SPECIALE CANADA<\/span><\/strong>&#8221; con Evolution Travel<\/h3>\n<p style=\"text-align: center\">Non perdere le <strong>nostre proposte<\/strong> per un viaggio in Canada.<br \/>\nLeggi <strong>tutti i dettagli del viaggio<\/strong>, programma, foto, commenti: <strong><span style=\"color: #008000\">CLICCA SUBITO!<\/span><\/strong><\/p>\n<div class=\"feedzy-34ee4d8c96273c6c72d1f368cd0dbf74 feedzy-rss\">\n\t\t<ul class=\"feedzy-style2\">\n\t\t\t\t\t<li  style=\"padding: 23px 0 38px\" class=\"rss_item feedzy-rss-col-3\" >\n\t\t\t\t\t\t\t\t\t<div class=\"rss_image\" style=\"width:225px; height:225px;\">\n\t\t\t\t\t\t<a href=\"https:\/\/canada.evolutiontravel.it\/it_IT\/902\/tab\/6909_fly-drive-british-columbia-alberta.html\" target=\"_blank\" \n\t\t\t\t\t\t\trel=\"noopener \"\n\t\t\t\t\t\t\ttitle=\"Fly &amp; Drive: British Columbia &amp; Alberta\"\n\t\t\t\t\t\t\tstyle=\"width:225px; height:225px;\">\n\t\t\t\t\t\t\t<span class=\"fetched\" style=\"background-image:  url('http:\/\/etcdn.net\/thumbnails\/6909\/it-vancouver-fly-drive-british-columbia-alberta-54d6d.jpg');\" title=\"Fly &amp; Drive: British Columbia &amp; Alberta\"><\/span><amp-img width=\"225\" height=\"225\" src=\"http:\/\/etcdn.net\/thumbnails\/6909\/it-vancouver-fly-drive-british-columbia-alberta-54d6d.jpg\">\t\t\t\t\t\t<\/a>\n\t\t\t\t\t<\/div>\n\t\t\t\t\t\t\t\t<div class=\"rss_content_wrap\">\n\t\t\t\t\t<span class=\"title\">\n\t\t\t\t\t\t<a href=\"https:\/\/canada.evolutiontravel.it\/it_IT\/902\/tab\/6909_fly-drive-british-columbia-alberta.html\" target=\"_blank\"  rel=\"noopener \">\n\t\t\t\t\t\t\tFly &amp; Drive: British Columbia &amp; Alberta\t\t\t\t\t\t<\/a>\n\t\t\t\t\t<\/span>\n\t\t\t\t\t<div class=\"rss_content\"\n\t\t\t\t\t\t\tstyle=\"\">\n\t\t\t\t\t\t\n\t\t\t\t\t\t\t\t\t\t\t\t<p class=\"description\">Fly &amp; Drive - 13 giorni \/ 12 notti - West Canada - Partendo da Vancouver fino a Sun Peaks, attraversando Jasper e Banff, [&hellip;]<\/p>\n\t\t\t\t\t\t\n\t\t\t\t\t\t\t\t\t\t\t\t\t\t\t\t\t\t\t<div class=\"price-wrap\">\n\t\t\t\t\t\t\t\t<a href=\"https:\/\/canada.evolutiontravel.it\/it_IT\/902\/tab\/6909_fly-drive-british-columbia-alberta.html\" target=\"_blank\" rel=\"noopener\"><button class=\"price\"> 1421<\/button><\/a>\n\t\t\t\t\t\t\t<\/div>\n\t\t\t\t\t\t\t\t\t\t\t<\/div>\n\t\t\t\t<\/div>\n\t\t\t<\/li>\n\t\t\t\t\t\t<li  style=\"padding: 23px 0 38px\" class=\"rss_item feedzy-rss-col-3\" >\n\t\t\t\t\t\t\t\t\t<div class=\"rss_image\" style=\"width:225px; height:225px;\">\n\t\t\t\t\t\t<a href=\"https:\/\/canada.evolutiontravel.it\/it_IT\/902\/tab\/39912_atmosfere-canadesi-in-treno-viaggio-individuale.html\" target=\"_blank\" \n\t\t\t\t\t\t\trel=\"noopener \"\n\t\t\t\t\t\t\ttitle=\"Atmosfere Canadesi in Treno - Viaggio individuale\"\n\t\t\t\t\t\t\tstyle=\"width:225px; height:225px;\">\n\t\t\t\t\t\t\t<span class=\"fetched\" style=\"background-image:  url('http:\/\/etcdn.net\/thumbnails\/34085\/it-toronto-atmosfera-invernale-dellest-canadese-69bb2.jpg');\" title=\"Atmosfere Canadesi in Treno - Viaggio individuale\"><\/span><amp-img width=\"225\" height=\"225\" src=\"http:\/\/etcdn.net\/thumbnails\/34085\/it-toronto-atmosfera-invernale-dellest-canadese-69bb2.jpg\">\t\t\t\t\t\t<\/a>\n\t\t\t\t\t<\/div>\n\t\t\t\t\t\t\t\t<div class=\"rss_content_wrap\">\n\t\t\t\t\t<span class=\"title\">\n\t\t\t\t\t\t<a href=\"https:\/\/canada.evolutiontravel.it\/it_IT\/902\/tab\/39912_atmosfere-canadesi-in-treno-viaggio-individuale.html\" target=\"_blank\"  rel=\"noopener \">\n\t\t\t\t\t\t\tAtmosfere Canadesi in Treno - Viaggio individuale\t\t\t\t\t\t<\/a>\n\t\t\t\t\t<\/span>\n\t\t\t\t\t<div class=\"rss_content\"\n\t\t\t\t\t\t\tstyle=\"\">\n\t\t\t\t\t\t\n\t\t\t\t\t\t\t\t\t\t\t\t<p class=\"description\">Un favoloso viaggio in Treno<\/p>\n\t\t\t\t\t\t\n\t\t\t\t\t\t\t\t\t\t\t\t\t\t\t\t\t\t\t<div class=\"price-wrap\">\n\t\t\t\t\t\t\t\t<a href=\"https:\/\/canada.evolutiontravel.it\/it_IT\/902\/tab\/39912_atmosfere-canadesi-in-treno-viaggio-individuale.html\" target=\"_blank\" rel=\"noopener\"><button class=\"price\"> 1750<\/button><\/a>\n\t\t\t\t\t\t\t<\/div>\n\t\t\t\t\t\t\t\t\t\t\t<\/div>\n\t\t\t\t<\/div>\n\t\t\t<\/li>\n\t\t\t\t\t\t<li  style=\"padding: 23px 0 38px\" class=\"rss_item feedzy-rss-col-3\" >\n\t\t\t\t\t\t\t\t\t<div class=\"rss_image\" style=\"width:225px; height:225px;\">\n\t\t\t\t\t\t<a href=\"https:\/\/canada.evolutiontravel.it\/it_IT\/902\/tab\/41215_esperienze-esclusive-e-leggende-tour-di-gruppo.html\" target=\"_blank\" \n\t\t\t\t\t\t\trel=\"noopener \"\n\t\t\t\t\t\t\ttitle=\"Esperienze esclusive e Leggende - Tour di gruppo\"\n\t\t\t\t\t\t\tstyle=\"width:225px; height:225px;\">\n\t\t\t\t\t\t\t<span class=\"fetched\" style=\"background-image:  url('http:\/\/etcdn.net\/thumbnails\/7498\/it-toronto-gran-tour-del-canada-tour-di-gruppo-58804.jpg');\" title=\"Esperienze esclusive e Leggende - Tour di gruppo\"><\/span><amp-img width=\"225\" height=\"225\" src=\"http:\/\/etcdn.net\/thumbnails\/7498\/it-toronto-gran-tour-del-canada-tour-di-gruppo-58804.jpg\">\t\t\t\t\t\t<\/a>\n\t\t\t\t\t<\/div>\n\t\t\t\t\t\t\t\t<div class=\"rss_content_wrap\">\n\t\t\t\t\t<span class=\"title\">\n\t\t\t\t\t\t<a href=\"https:\/\/canada.evolutiontravel.it\/it_IT\/902\/tab\/41215_esperienze-esclusive-e-leggende-tour-di-gruppo.html\" target=\"_blank\"  rel=\"noopener \">\n\t\t\t\t\t\t\tEsperienze esclusive e Leggende - Tour di gruppo\t\t\t\t\t\t<\/a>\n\t\t\t\t\t<\/span>\n\t\t\t\t\t<div class=\"rss_content\"\n\t\t\t\t\t\t\tstyle=\"\">\n\t\t\t\t\t\t\n\t\t\t\t\t\t\t\t\t\t\t\t<p class=\"description\">Tra i tour pi\u00f9 interessanti di tutto il Canada, vi permetter\u00e0 in 16 giorni di andare alla scoperta delle citt\u00e0 pi\u00f9 belle del [&hellip;]<\/p>\n\t\t\t\t\t\t\n\t\t\t\t\t\t\t\t\t\t\t\t\t\t\t\t\t\t\t<div class=\"price-wrap\">\n\t\t\t\t\t\t\t\t<a href=\"https:\/\/canada.evolutiontravel.it\/it_IT\/902\/tab\/41215_esperienze-esclusive-e-leggende-tour-di-gruppo.html\" target=\"_blank\" rel=\"noopener\"><button class=\"price\"> 1712<\/button><\/a>\n\t\t\t\t\t\t\t<\/div>\n\t\t\t\t\t\t\t\t\t\t\t<\/div>\n\t\t\t\t<\/div>\n\t\t\t<\/li>\n\t\t\t\t\t\t<li  style=\"padding: 23px 0 38px\" class=\"rss_item feedzy-rss-col-3\" >\n\t\t\t\t\t\t\t\t\t<div class=\"rss_image\" style=\"width:225px; height:225px;\">\n\t\t\t\t\t\t<a href=\"https:\/\/canada.evolutiontravel.it\/it_IT\/902\/tab\/9865_affascinante-ovest-tour-di-gruppo.html\" target=\"_blank\" \n\t\t\t\t\t\t\trel=\"noopener \"\n\t\t\t\t\t\t\ttitle=\"Affascinante Ovest - Tour di gruppo\"\n\t\t\t\t\t\t\tstyle=\"width:225px; height:225px;\">\n\t\t\t\t\t\t\t<span class=\"fetched\" style=\"background-image:  url('http:\/\/etcdn.net\/thumbnails\/9865\/it-calgary-lovest-canadese-tour-di-gruppo-63a26.jpg');\" title=\"Affascinante Ovest - Tour di gruppo\"><\/span><amp-img width=\"225\" height=\"225\" src=\"http:\/\/etcdn.net\/thumbnails\/9865\/it-calgary-lovest-canadese-tour-di-gruppo-63a26.jpg\">\t\t\t\t\t\t<\/a>\n\t\t\t\t\t<\/div>\n\t\t\t\t\t\t\t\t<div class=\"rss_content_wrap\">\n\t\t\t\t\t<span class=\"title\">\n\t\t\t\t\t\t<a href=\"https:\/\/canada.evolutiontravel.it\/it_IT\/902\/tab\/9865_affascinante-ovest-tour-di-gruppo.html\" target=\"_blank\"  rel=\"noopener \">\n\t\t\t\t\t\t\tAffascinante Ovest - Tour di gruppo\t\t\t\t\t\t<\/a>\n\t\t\t\t\t<\/span>\n\t\t\t\t\t<div class=\"rss_content\"\n\t\t\t\t\t\t\tstyle=\"\">\n\t\t\t\t\t\t\n\t\t\t\t\t\t\t\t\t\t\t\t<p class=\"description\">Questo Tour \u00e8 stato pensato per una clientela che predilige accompagnatore\u00a0e\u00a0guide\u00a0parlanti italiano: splendido itinerario [&hellip;]<\/p>\n\t\t\t\t\t\t\n\t\t\t\t\t\t\t\t\t\t\t\t\t\t\t\t\t\t\t<div class=\"price-wrap\">\n\t\t\t\t\t\t\t\t<a href=\"https:\/\/canada.evolutiontravel.it\/it_IT\/902\/tab\/9865_affascinante-ovest-tour-di-gruppo.html\" target=\"_blank\" rel=\"noopener\"><button class=\"price\"> 3221<\/button><\/a>\n\t\t\t\t\t\t\t<\/div>\n\t\t\t\t\t\t\t\t\t\t\t<\/div>\n\t\t\t\t<\/div>\n\t\t\t<\/li>\n\t\t\t\t\t\t<li  style=\"padding: 23px 0 38px\" class=\"rss_item feedzy-rss-col-3\" >\n\t\t\t\t\t\t\t\t\t<div class=\"rss_image\" style=\"width:225px; height:225px;\">\n\t\t\t\t\t\t<a href=\"https:\/\/canada.evolutiontravel.it\/it_IT\/902\/tab\/41213_avventura-da-costa-a-costa-tour-di-gruppo.html\" target=\"_blank\" \n\t\t\t\t\t\t\trel=\"noopener \"\n\t\t\t\t\t\t\ttitle=\"Avventura da Costa a  Costa - Tour di gruppo\"\n\t\t\t\t\t\t\tstyle=\"width:225px; height:225px;\">\n\t\t\t\t\t\t\t<span class=\"fetched\" style=\"background-image:  url('http:\/\/etcdn.net\/thumbnails\/9194\/it-montreal-il-canada-coast-to-coast-tour-di-gruppo-63a69.jpg');\" title=\"Avventura da Costa a  Costa - Tour di gruppo\"><\/span><amp-img width=\"225\" height=\"225\" src=\"http:\/\/etcdn.net\/thumbnails\/9194\/it-montreal-il-canada-coast-to-coast-tour-di-gruppo-63a69.jpg\">\t\t\t\t\t\t<\/a>\n\t\t\t\t\t<\/div>\n\t\t\t\t\t\t\t\t<div class=\"rss_content_wrap\">\n\t\t\t\t\t<span class=\"title\">\n\t\t\t\t\t\t<a href=\"https:\/\/canada.evolutiontravel.it\/it_IT\/902\/tab\/41213_avventura-da-costa-a-costa-tour-di-gruppo.html\" target=\"_blank\"  rel=\"noopener \">\n\t\t\t\t\t\t\tAvventura da Costa a  Costa - Tour di gruppo\t\t\t\t\t\t<\/a>\n\t\t\t\t\t<\/span>\n\t\t\t\t\t<div class=\"rss_content\"\n\t\t\t\t\t\t\tstyle=\"\">\n\t\t\t\t\t\t\n\t\t\t\t\t\t\t\t\t\t\t\t<p class=\"description\">Un meravigliso Tour completo, con accompagnatore parlante anche italino, alla scoperta di questo fantastico Paese sempre con la [&hellip;]<\/p>\n\t\t\t\t\t\t\n\t\t\t\t\t\t\t\t\t\t\t\t\t\t\t\t\t\t\t<div class=\"price-wrap\">\n\t\t\t\t\t\t\t\t<a href=\"https:\/\/canada.evolutiontravel.it\/it_IT\/902\/tab\/41213_avventura-da-costa-a-costa-tour-di-gruppo.html\" target=\"_blank\" rel=\"noopener\"><button class=\"price\"> 4614<\/button><\/a>\n\t\t\t\t\t\t\t<\/div>\n\t\t\t\t\t\t\t\t\t\t\t<\/div>\n\t\t\t\t<\/div>\n\t\t\t<\/li>\n\t\t\t\t\t\t<li  style=\"padding: 23px 0 38px\" class=\"rss_item feedzy-rss-col-3\" >\n\t\t\t\t\t\t\t\t\t<div class=\"rss_image\" style=\"width:225px; height:225px;\">\n\t\t\t\t\t\t<a href=\"https:\/\/canada.evolutiontravel.it\/it_IT\/902\/tab\/40612_tour-dellest-combinato-tra-i-due-paesi.html\" target=\"_blank\" \n\t\t\t\t\t\t\trel=\"noopener \"\n\t\t\t\t\t\t\ttitle=\"Tour dell&#039;Est combinato tra i due Paesi\"\n\t\t\t\t\t\t\tstyle=\"width:225px; height:225px;\">\n\t\t\t\t\t\t\t<span class=\"fetched\" style=\"background-image:  url('http:\/\/etcdn.net\/thumbnails\/7498\/it-toronto-gran-tour-del-canada-tour-di-gruppo-58804.jpg');\" title=\"Tour dell&#039;Est combinato tra i due Paesi\"><\/span><amp-img width=\"225\" height=\"225\" src=\"http:\/\/etcdn.net\/thumbnails\/7498\/it-toronto-gran-tour-del-canada-tour-di-gruppo-58804.jpg\">\t\t\t\t\t\t<\/a>\n\t\t\t\t\t<\/div>\n\t\t\t\t\t\t\t\t<div class=\"rss_content_wrap\">\n\t\t\t\t\t<span class=\"title\">\n\t\t\t\t\t\t<a href=\"https:\/\/canada.evolutiontravel.it\/it_IT\/902\/tab\/40612_tour-dellest-combinato-tra-i-due-paesi.html\" target=\"_blank\"  rel=\"noopener \">\n\t\t\t\t\t\t\tTour dell'Est combinato tra i due Paesi\t\t\t\t\t\t<\/a>\n\t\t\t\t\t<\/span>\n\t\t\t\t\t<div class=\"rss_content\"\n\t\t\t\t\t\t\tstyle=\"\">\n\t\t\t\t\t\t\n\t\t\t\t\t\t\t\t\t\t\t\t<p class=\"description\">Tra i tour di gruppo pi\u00f9 interessanti del nord America, vi permetter\u00e0di visitare i 2 Paesi che hai sempre sognato, Usa e Canada!<\/p>\n\t\t\t\t\t\t\n\t\t\t\t\t\t\t\t\t\t\t\t\t\t\t\t\t\t\t<div class=\"price-wrap\">\n\t\t\t\t\t\t\t\t<a href=\"https:\/\/canada.evolutiontravel.it\/it_IT\/902\/tab\/40612_tour-dellest-combinato-tra-i-due-paesi.html\" target=\"_blank\" rel=\"noopener\"><button class=\"price\"> 2960<\/button><\/a>\n\t\t\t\t\t\t\t<\/div>\n\t\t\t\t\t\t\t\t\t\t\t<\/div>\n\t\t\t\t<\/div>\n\t\t\t<\/li>\n\t\t\t\t<\/ul>\n<\/div>\n<style type=\"text\/css\" media=\"all\">.feedzy-rss .rss_item .rss_image{float:left;position:relative;border:none;text-decoration:none;max-width:100%}.feedzy-rss .rss_item .rss_image span{display:inline-block;position:absolute;width:100%;height:100%;background-position:50%;background-size:cover}.feedzy-rss .rss_item .rss_image{margin:.3em 1em 0 0;content-visibility:auto}.feedzy-rss ul{list-style:none}.feedzy-rss ul li{display:inline-block}<\/style>\n","protected":false},"excerpt":{"rendered":"<p>In questo articolo vi raccontiamo quali sono le principali citt\u00e0 del Canada e un&#8217;idea di tour tra queste localit\u00e0. Prima di tutto per\u00f2 considerate che \u00e8 necessario decidere bene gli itinerari da seguire per evitare di fare viaggi faticosi e dispersivi. Il Canada \u00e8 infatti molto grande e i tempi di percorrenza tra una citt\u00e0 <a class=\"moretag\" href=\"https:\/\/canada.evolutiontravel.it\/infovacanze\/cosa-vedere\/citta\/\">[&#8230;]<\/a><\/p>\n","protected":false},"author":6,"featured_media":0,"parent":18,"menu_order":0,"comment_status":"closed","ping_status":"closed","template":"templates\/template-with-right-sidebar.php","meta":{"footnotes":""},"yoast_head":"<!-- This site is optimized with the Yoast SEO plugin v21.9.1 - https:\/\/yoast.com\/wordpress\/plugins\/seo\/ -->\n<title>Principali citt\u00e0 del Canada: itinerario da est a ovest tra grandi e piccole cittadine<\/title>\n<meta name=\"description\" content=\"Le principali citt\u00e0 canadesi e qualche curiosit\u00e0 su quelle pi\u00f9 piccole ma sempre affascinanti! Leggi il nostro articolo e parti per il Canada!\" \/>\n<meta name=\"robots\" content=\"index, follow, max-snippet:-1, max-image-preview:large, max-video-preview:-1\" \/>\n<link rel=\"canonical\" href=\"https:\/\/canada.evolutiontravel.it\/infovacanze\/cosa-vedere\/citta\/\" \/>\n<meta property=\"og:locale\" content=\"it_IT\" \/>\n<meta property=\"og:type\" content=\"article\" \/>\n<meta property=\"og:title\" content=\"Principali citt\u00e0 del Canada: itinerario da est a ovest tra grandi e piccole cittadine\" \/>\n<meta property=\"og:description\" content=\"Le principali citt\u00e0 canadesi e qualche curiosit\u00e0 su quelle pi\u00f9 piccole ma sempre affascinanti! Leggi il nostro articolo e parti per il Canada!\" \/>\n<meta property=\"og:url\" content=\"https:\/\/canada.evolutiontravel.it\/infovacanze\/cosa-vedere\/citta\/\" \/>\n<meta property=\"og:site_name\" content=\"Canada\" \/>\n<meta property=\"article:modified_time\" content=\"2018-10-01T09:02:50+00:00\" \/>\n<meta name=\"twitter:card\" content=\"summary_large_image\" \/>\n<meta name=\"twitter:label1\" content=\"Tempo di lettura stimato\" \/>\n\t<meta name=\"twitter:data1\" content=\"2 minuti\" \/>\n<script type=\"application\/ld+json\" class=\"yoast-schema-graph\">{\"@context\":\"https:\/\/schema.org\",\"@graph\":[{\"@type\":\"WebPage\",\"@id\":\"https:\/\/canada.evolutiontravel.it\/infovacanze\/cosa-vedere\/citta\/\",\"url\":\"https:\/\/canada.evolutiontravel.it\/infovacanze\/cosa-vedere\/citta\/\",\"name\":\"Principali citt\u00e0 del Canada: itinerario da est a ovest tra grandi e piccole cittadine\",\"isPartOf\":{\"@id\":\"https:\/\/canada.evolutiontravel.it\/infovacanze\/#website\"},\"datePublished\":\"2016-10-13T15:37:34+00:00\",\"dateModified\":\"2018-10-01T09:02:50+00:00\",\"description\":\"Le principali citt\u00e0 canadesi e qualche curiosit\u00e0 su quelle pi\u00f9 piccole ma sempre affascinanti! Leggi il nostro articolo e parti per il Canada!\",\"breadcrumb\":{\"@id\":\"https:\/\/canada.evolutiontravel.it\/infovacanze\/cosa-vedere\/citta\/#breadcrumb\"},\"inLanguage\":\"it-IT\",\"potentialAction\":[{\"@type\":\"ReadAction\",\"target\":[\"https:\/\/canada.evolutiontravel.it\/infovacanze\/cosa-vedere\/citta\/\"]}]},{\"@type\":\"BreadcrumbList\",\"@id\":\"https:\/\/canada.evolutiontravel.it\/infovacanze\/cosa-vedere\/citta\/#breadcrumb\",\"itemListElement\":[{\"@type\":\"ListItem\",\"position\":1,\"name\":\"Home\",\"item\":\"https:\/\/canada.evolutiontravel.it\/infovacanze\/\"},{\"@type\":\"ListItem\",\"position\":2,\"name\":\"Tutti i luoghi da vedere in Canada almeno una volta\",\"item\":\"https:\/\/canada.evolutiontravel.it\/infovacanze\/cosa-vedere\/\"},{\"@type\":\"ListItem\",\"position\":3,\"name\":\"Citt\u00e0 del Canada\"}]},{\"@type\":\"WebSite\",\"@id\":\"https:\/\/canada.evolutiontravel.it\/infovacanze\/#website\",\"url\":\"https:\/\/canada.evolutiontravel.it\/infovacanze\/\",\"name\":\"Canada\",\"description\":\"Ecco un altro sito Evolution portal SEO Siti\",\"potentialAction\":[{\"@type\":\"SearchAction\",\"target\":{\"@type\":\"EntryPoint\",\"urlTemplate\":\"https:\/\/canada.evolutiontravel.it\/infovacanze\/?s={search_term_string}\"},\"query-input\":\"required name=search_term_string\"}],\"inLanguage\":\"it-IT\"}]}<\/script>\n<!-- \/ Yoast SEO plugin. -->","yoast_head_json":{"title":"Principali citt\u00e0 del Canada: itinerario da est a ovest tra grandi e piccole cittadine","description":"Le principali citt\u00e0 canadesi e qualche curiosit\u00e0 su quelle pi\u00f9 piccole ma sempre affascinanti! Leggi il nostro articolo e parti per il Canada!","robots":{"index":"index","follow":"follow","max-snippet":"max-snippet:-1","max-image-preview":"max-image-preview:large","max-video-preview":"max-video-preview:-1"},"canonical":"https:\/\/canada.evolutiontravel.it\/infovacanze\/cosa-vedere\/citta\/","og_locale":"it_IT","og_type":"article","og_title":"Principali citt\u00e0 del Canada: itinerario da est a ovest tra grandi e piccole cittadine","og_description":"Le principali citt\u00e0 canadesi e qualche curiosit\u00e0 su quelle pi\u00f9 piccole ma sempre affascinanti! Leggi il nostro articolo e parti per il Canada!","og_url":"https:\/\/canada.evolutiontravel.it\/infovacanze\/cosa-vedere\/citta\/","og_site_name":"Canada","article_modified_time":"2018-10-01T09:02:50+00:00","twitter_card":"summary_large_image","twitter_misc":{"Tempo di lettura stimato":"2 minuti"},"schema":{"@context":"https:\/\/schema.org","@graph":[{"@type":"WebPage","@id":"https:\/\/canada.evolutiontravel.it\/infovacanze\/cosa-vedere\/citta\/","url":"https:\/\/canada.evolutiontravel.it\/infovacanze\/cosa-vedere\/citta\/","name":"Principali citt\u00e0 del Canada: itinerario da est a ovest tra grandi e piccole cittadine","isPartOf":{"@id":"https:\/\/canada.evolutiontravel.it\/infovacanze\/#website"},"datePublished":"2016-10-13T15:37:34+00:00","dateModified":"2018-10-01T09:02:50+00:00","description":"Le principali citt\u00e0 canadesi e qualche curiosit\u00e0 su quelle pi\u00f9 piccole ma sempre affascinanti! Leggi il nostro articolo e parti per il Canada!","breadcrumb":{"@id":"https:\/\/canada.evolutiontravel.it\/infovacanze\/cosa-vedere\/citta\/#breadcrumb"},"inLanguage":"it-IT","potentialAction":[{"@type":"ReadAction","target":["https:\/\/canada.evolutiontravel.it\/infovacanze\/cosa-vedere\/citta\/"]}]},{"@type":"BreadcrumbList","@id":"https:\/\/canada.evolutiontravel.it\/infovacanze\/cosa-vedere\/citta\/#breadcrumb","itemListElement":[{"@type":"ListItem","position":1,"name":"Home","item":"https:\/\/canada.evolutiontravel.it\/infovacanze\/"},{"@type":"ListItem","position":2,"name":"Tutti i luoghi da vedere in Canada almeno una volta","item":"https:\/\/canada.evolutiontravel.it\/infovacanze\/cosa-vedere\/"},{"@type":"ListItem","position":3,"name":"Citt\u00e0 del Canada"}]},{"@type":"WebSite","@id":"https:\/\/canada.evolutiontravel.it\/infovacanze\/#website","url":"https:\/\/canada.evolutiontravel.it\/infovacanze\/","name":"Canada","description":"Ecco un altro sito Evolution portal SEO Siti","potentialAction":[{"@type":"SearchAction","target":{"@type":"EntryPoint","urlTemplate":"https:\/\/canada.evolutiontravel.it\/infovacanze\/?s={search_term_string}"},"query-input":"required name=search_term_string"}],"inLanguage":"it-IT"}]}},"_links":{"self":[{"href":"https:\/\/canada.evolutiontravel.it\/infovacanze\/wp-json\/wp\/v2\/pages\/34"}],"collection":[{"href":"https:\/\/canada.evolutiontravel.it\/infovacanze\/wp-json\/wp\/v2\/pages"}],"about":[{"href":"https:\/\/canada.evolutiontravel.it\/infovacanze\/wp-json\/wp\/v2\/types\/page"}],"author":[{"embeddable":true,"href":"https:\/\/canada.evolutiontravel.it\/infovacanze\/wp-json\/wp\/v2\/users\/6"}],"replies":[{"embeddable":true,"href":"https:\/\/canada.evolutiontravel.it\/infovacanze\/wp-json\/wp\/v2\/comments?post=34"}],"version-history":[{"count":13,"href":"https:\/\/canada.evolutiontravel.it\/infovacanze\/wp-json\/wp\/v2\/pages\/34\/revisions"}],"predecessor-version":[{"id":509,"href":"https:\/\/canada.evolutiontravel.it\/infovacanze\/wp-json\/wp\/v2\/pages\/34\/revisions\/509"}],"up":[{"embeddable":true,"href":"https:\/\/canada.evolutiontravel.it\/infovacanze\/wp-json\/wp\/v2\/pages\/18"}],"wp:attachment":[{"href":"https:\/\/canada.evolutiontravel.it\/infovacanze\/wp-json\/wp\/v2\/media?parent=34"}],"curies":[{"name":"wp","href":"https:\/\/api.w.org\/{rel}","templated":true}]}}