{"id":32,"date":"2016-10-13T17:37:19","date_gmt":"2016-10-13T15:37:19","guid":{"rendered":"http:\/\/canada.evolutiontravel.it\/infovacanze\/?page_id=32"},"modified":"2018-10-01T12:01:30","modified_gmt":"2018-10-01T10:01:30","slug":"castelli","status":"publish","type":"page","link":"https:\/\/canada.evolutiontravel.it\/infovacanze\/cosa-vedere\/castelli\/","title":{"rendered":"I castelli in Canada"},"content":{"rendered":"<p>Perch\u00e8 il <strong>Canada \u00e8 una delle mete pi\u00f9 gettonate<\/strong>? Perch\u00e8 <strong>ci trovate tutto<\/strong>: non solo <a title=\"canada parchi\" href=\"https:\/\/canada.evolutiontravel.it\/infovacanze\/cosa-vedere\/parchi\/\">parchi<\/a>, <a title=\"citt\u00e0 canada\" href=\"https:\/\/canada.evolutiontravel.it\/infovacanze\/cosa-vedere\/citta\/\">citt\u00e0<\/a>, <a title=\"cascate canada\" href=\"https:\/\/canada.evolutiontravel.it\/infovacanze\/cosa-vedere\/cascate\/\">cascate<\/a> ma anche <strong>i castelli<\/strong> e musei.\u00a0 Tra le<strong> fortezze storiche<\/strong> pi\u00f9 famose eccone alcune, un consiglio: non perdete una visita a questi edifici!<\/p>\n<h2>Il Castello &#8220;Casa Loma&#8221; a Toronto<\/h2>\n<p>Il pi\u00f9 noto tra le fortezze del Canada \u00e8 probabilmente il <strong>Castello Loma<\/strong>, anche detto &#8220;Casa Loma&#8221;, a Toronto, espressione di uno stile gotico rinascimentale di ispirazione europea. Si tratta di una dimora nei <strong>primi anni del &#8216;900<\/strong>, voluta dal ricco finanziere Sir Henry Pellat, oggi <strong>visitabile grazie a tour guidati<\/strong>.<\/p>\n<p>Circondata da <strong>meravigliosi giardini<\/strong>, offre al suo interno una <strong>vastit\u00e0 di opere d&#8217;arte<\/strong> di grande pregio.<\/p>\n<div id=\"attachment_207\" style=\"width: 460px\" class=\"wp-caption alignright\"><img loading=\"lazy\" decoding=\"async\" aria-describedby=\"caption-attachment-207\" class=\"wp-image-207\" src=\"http:\/\/canada.evolutiontravel.it\/infovacanze\/wp-content\/uploads\/sites\/30\/2016\/11\/chateau-frontenac-300x200.jpg\" alt=\"Castello Frontenac\" width=\"450\" height=\"300\" srcset=\"https:\/\/canada.evolutiontravel.it\/infovacanze\/wp-content\/uploads\/sites\/30\/2016\/11\/chateau-frontenac-300x200.jpg 300w, https:\/\/canada.evolutiontravel.it\/infovacanze\/wp-content\/uploads\/sites\/30\/2016\/11\/chateau-frontenac-768x512.jpg 768w, https:\/\/canada.evolutiontravel.it\/infovacanze\/wp-content\/uploads\/sites\/30\/2016\/11\/chateau-frontenac-1024x683.jpg 1024w, https:\/\/canada.evolutiontravel.it\/infovacanze\/wp-content\/uploads\/sites\/30\/2016\/11\/chateau-frontenac.jpg 1800w\" sizes=\"(max-width: 450px) 100vw, 450px\" \/><p id=\"caption-attachment-207\" class=\"wp-caption-text\">Castello Frontenac<\/p><\/div>\n<h2>Castello Frontenac, a Quebec<\/h2>\n<p>Situato proprio al centro della citt\u00e0 di Qu\u00e9bec, la sua struttura architettonica \u00e8 un <strong>mix di stile rinascimentale e medioevale<\/strong>.<\/p>\n<p>Attualmente questo castello \u00e8 <strong>un hotel di lusso<\/strong>, ma \u00e8 considerato alla stregua di un monumento. Essendo stato costruito in cima ad un promontorio <strong>caratterizza lo skyline della citt\u00e0<\/strong>, diventando perci\u00f2 elemento unico e riconoscibile.<\/p>\n<h2>Altre piccole fortezze del Canada<\/h2>\n<p>Vi sono altre residenze di pregio, seppur meno conosciute e pi\u00f9 piccole rispetto ai gi\u00e0 citati.<\/p>\n<ul>\n<li>il <strong>Castello Hatley<\/strong>, oggi centro di formazione per l&#8217;addestramento navale sull&#8217;<strong>Isola di Vancouver<\/strong>. Resta tuttavia un&#8217;attrazione turistica importante, soprattutto per via della <strong>bellezza dei giardini<\/strong> circostanti, tra i quali spiccano quelli giapponesi. La location \u00e8 stata inoltre spesso utilizzata come <strong>set cinematografico e di serie tv<\/strong>.<\/li>\n<\/ul>\n<p>&nbsp;<\/p>\n<ul>\n<li>In <strong>Ontario, a Hamilton<\/strong>, troviamo il <strong>Castello di Dundurn<\/strong>, attualmente divenuto sito storico canadese. All&#8217;interno c&#8217;\u00e8 anche il <strong>Museo Militare,<\/strong> visitabile, insieme al Dundurn Park che circonda la fortificazione.<\/li>\n<\/ul>\n<p>&nbsp;<\/p>\n<ul>\n<li><strong>A Victoria<\/strong> \u00e8 possibile ammirare il <strong>Castello Craigdarroch<\/strong>, particolarmente suggestivo nel periodo delle festivit\u00e0 natalizie. Anticamente utilizzato anche come ospedale militare e come campus universitario, il maniero \u00e8 testimonianza di uno stile vittoriano, enfatizzato dai suoi <strong>giardini<\/strong>.<\/li>\n<\/ul>\n<p>&nbsp;<\/p>\n<h3 style=\"text-align: center\">&#8220;<strong><span style=\"color: #008000\"><em>SPECIALE CANADA<\/em><\/span><\/strong>&#8221; con Evolution Travel<\/h3>\n<p style=\"text-align: center\">Non perdere le <strong>nostre migliori proposte<\/strong> per un viaggio in Canada.<br \/>\n<strong><span style=\"color: #008000\">CLICCA SUBITO<\/span><\/strong>: leggi tutti i dettagli del viaggio, programma, foto, commenti!<\/p>\n<div class=\"feedzy-34ee4d8c96273c6c72d1f368cd0dbf74 feedzy-rss\">\n\t\t<ul class=\"feedzy-style2\">\n\t\t\t\t\t<li  style=\"padding: 23px 0 38px\" class=\"rss_item feedzy-rss-col-3\" >\n\t\t\t\t\t\t\t\t\t<div class=\"rss_image\" style=\"width:225px; height:225px;\">\n\t\t\t\t\t\t<a href=\"https:\/\/canada.evolutiontravel.it\/it_IT\/902\/tab\/6909_fly-drive-british-columbia-alberta.html\" target=\"_blank\" \n\t\t\t\t\t\t\trel=\"noopener \"\n\t\t\t\t\t\t\ttitle=\"Fly &amp; Drive: British Columbia &amp; Alberta\"\n\t\t\t\t\t\t\tstyle=\"width:225px; height:225px;\">\n\t\t\t\t\t\t\t<span class=\"fetched\" style=\"background-image:  url('http:\/\/etcdn.net\/thumbnails\/6909\/it-vancouver-fly-drive-british-columbia-alberta-54d6d.jpg');\" title=\"Fly &amp; Drive: British Columbia &amp; Alberta\"><\/span><amp-img width=\"225\" height=\"225\" src=\"http:\/\/etcdn.net\/thumbnails\/6909\/it-vancouver-fly-drive-british-columbia-alberta-54d6d.jpg\">\t\t\t\t\t\t<\/a>\n\t\t\t\t\t<\/div>\n\t\t\t\t\t\t\t\t<div class=\"rss_content_wrap\">\n\t\t\t\t\t<span class=\"title\">\n\t\t\t\t\t\t<a href=\"https:\/\/canada.evolutiontravel.it\/it_IT\/902\/tab\/6909_fly-drive-british-columbia-alberta.html\" target=\"_blank\"  rel=\"noopener \">\n\t\t\t\t\t\t\tFly &amp; Drive: British Columbia &amp; Alberta\t\t\t\t\t\t<\/a>\n\t\t\t\t\t<\/span>\n\t\t\t\t\t<div class=\"rss_content\"\n\t\t\t\t\t\t\tstyle=\"\">\n\t\t\t\t\t\t\n\t\t\t\t\t\t\t\t\t\t\t\t<p class=\"description\">Fly &amp; Drive - 13 giorni \/ 12 notti - West Canada - Partendo da Vancouver fino a Sun Peaks, attraversando Jasper e Banff, [&hellip;]<\/p>\n\t\t\t\t\t\t\n\t\t\t\t\t\t\t\t\t\t\t\t\t\t\t\t\t\t\t<div class=\"price-wrap\">\n\t\t\t\t\t\t\t\t<a href=\"https:\/\/canada.evolutiontravel.it\/it_IT\/902\/tab\/6909_fly-drive-british-columbia-alberta.html\" target=\"_blank\" rel=\"noopener\"><button class=\"price\"> 1421<\/button><\/a>\n\t\t\t\t\t\t\t<\/div>\n\t\t\t\t\t\t\t\t\t\t\t<\/div>\n\t\t\t\t<\/div>\n\t\t\t<\/li>\n\t\t\t\t\t\t<li  style=\"padding: 23px 0 38px\" class=\"rss_item feedzy-rss-col-3\" >\n\t\t\t\t\t\t\t\t\t<div class=\"rss_image\" style=\"width:225px; height:225px;\">\n\t\t\t\t\t\t<a href=\"https:\/\/canada.evolutiontravel.it\/it_IT\/902\/tab\/41215_esperienze-esclusive-e-leggende-tour-di-gruppo.html\" target=\"_blank\" \n\t\t\t\t\t\t\trel=\"noopener \"\n\t\t\t\t\t\t\ttitle=\"Esperienze esclusive e Leggende - Tour di gruppo\"\n\t\t\t\t\t\t\tstyle=\"width:225px; height:225px;\">\n\t\t\t\t\t\t\t<span class=\"fetched\" style=\"background-image:  url('http:\/\/etcdn.net\/thumbnails\/7498\/it-toronto-gran-tour-del-canada-tour-di-gruppo-58804.jpg');\" title=\"Esperienze esclusive e Leggende - Tour di gruppo\"><\/span><amp-img width=\"225\" height=\"225\" src=\"http:\/\/etcdn.net\/thumbnails\/7498\/it-toronto-gran-tour-del-canada-tour-di-gruppo-58804.jpg\">\t\t\t\t\t\t<\/a>\n\t\t\t\t\t<\/div>\n\t\t\t\t\t\t\t\t<div class=\"rss_content_wrap\">\n\t\t\t\t\t<span class=\"title\">\n\t\t\t\t\t\t<a href=\"https:\/\/canada.evolutiontravel.it\/it_IT\/902\/tab\/41215_esperienze-esclusive-e-leggende-tour-di-gruppo.html\" target=\"_blank\"  rel=\"noopener \">\n\t\t\t\t\t\t\tEsperienze esclusive e Leggende - Tour di gruppo\t\t\t\t\t\t<\/a>\n\t\t\t\t\t<\/span>\n\t\t\t\t\t<div class=\"rss_content\"\n\t\t\t\t\t\t\tstyle=\"\">\n\t\t\t\t\t\t\n\t\t\t\t\t\t\t\t\t\t\t\t<p class=\"description\">Tra i tour pi\u00f9 interessanti di tutto il Canada, vi permetter\u00e0 in 16 giorni di andare alla scoperta delle citt\u00e0 pi\u00f9 belle del [&hellip;]<\/p>\n\t\t\t\t\t\t\n\t\t\t\t\t\t\t\t\t\t\t\t\t\t\t\t\t\t\t<div class=\"price-wrap\">\n\t\t\t\t\t\t\t\t<a href=\"https:\/\/canada.evolutiontravel.it\/it_IT\/902\/tab\/41215_esperienze-esclusive-e-leggende-tour-di-gruppo.html\" target=\"_blank\" rel=\"noopener\"><button class=\"price\"> 1712<\/button><\/a>\n\t\t\t\t\t\t\t<\/div>\n\t\t\t\t\t\t\t\t\t\t\t<\/div>\n\t\t\t\t<\/div>\n\t\t\t<\/li>\n\t\t\t\t\t\t<li  style=\"padding: 23px 0 38px\" class=\"rss_item feedzy-rss-col-3\" >\n\t\t\t\t\t\t\t\t\t<div class=\"rss_image\" style=\"width:225px; height:225px;\">\n\t\t\t\t\t\t<a href=\"https:\/\/canada.evolutiontravel.it\/it_IT\/902\/tab\/9865_affascinante-ovest-tour-di-gruppo.html\" target=\"_blank\" \n\t\t\t\t\t\t\trel=\"noopener \"\n\t\t\t\t\t\t\ttitle=\"Affascinante Ovest - Tour di gruppo\"\n\t\t\t\t\t\t\tstyle=\"width:225px; height:225px;\">\n\t\t\t\t\t\t\t<span class=\"fetched\" style=\"background-image:  url('http:\/\/etcdn.net\/thumbnails\/9865\/it-calgary-lovest-canadese-tour-di-gruppo-63a26.jpg');\" title=\"Affascinante Ovest - Tour di gruppo\"><\/span><amp-img width=\"225\" height=\"225\" src=\"http:\/\/etcdn.net\/thumbnails\/9865\/it-calgary-lovest-canadese-tour-di-gruppo-63a26.jpg\">\t\t\t\t\t\t<\/a>\n\t\t\t\t\t<\/div>\n\t\t\t\t\t\t\t\t<div class=\"rss_content_wrap\">\n\t\t\t\t\t<span class=\"title\">\n\t\t\t\t\t\t<a href=\"https:\/\/canada.evolutiontravel.it\/it_IT\/902\/tab\/9865_affascinante-ovest-tour-di-gruppo.html\" target=\"_blank\"  rel=\"noopener \">\n\t\t\t\t\t\t\tAffascinante Ovest - Tour di gruppo\t\t\t\t\t\t<\/a>\n\t\t\t\t\t<\/span>\n\t\t\t\t\t<div class=\"rss_content\"\n\t\t\t\t\t\t\tstyle=\"\">\n\t\t\t\t\t\t\n\t\t\t\t\t\t\t\t\t\t\t\t<p class=\"description\">Questo Tour \u00e8 stato pensato per una clientela che predilige accompagnatore\u00a0e\u00a0guide\u00a0parlanti italiano: splendido itinerario [&hellip;]<\/p>\n\t\t\t\t\t\t\n\t\t\t\t\t\t\t\t\t\t\t\t\t\t\t\t\t\t\t<div class=\"price-wrap\">\n\t\t\t\t\t\t\t\t<a href=\"https:\/\/canada.evolutiontravel.it\/it_IT\/902\/tab\/9865_affascinante-ovest-tour-di-gruppo.html\" target=\"_blank\" rel=\"noopener\"><button class=\"price\"> 3221<\/button><\/a>\n\t\t\t\t\t\t\t<\/div>\n\t\t\t\t\t\t\t\t\t\t\t<\/div>\n\t\t\t\t<\/div>\n\t\t\t<\/li>\n\t\t\t\t\t\t<li  style=\"padding: 23px 0 38px\" class=\"rss_item feedzy-rss-col-3\" >\n\t\t\t\t\t\t\t\t\t<div class=\"rss_image\" style=\"width:225px; height:225px;\">\n\t\t\t\t\t\t<a href=\"https:\/\/canada.evolutiontravel.it\/it_IT\/902\/tab\/41213_avventura-da-costa-a-costa-tour-di-gruppo.html\" target=\"_blank\" \n\t\t\t\t\t\t\trel=\"noopener \"\n\t\t\t\t\t\t\ttitle=\"Avventura da Costa a  Costa - Tour di gruppo\"\n\t\t\t\t\t\t\tstyle=\"width:225px; height:225px;\">\n\t\t\t\t\t\t\t<span class=\"fetched\" style=\"background-image:  url('http:\/\/etcdn.net\/thumbnails\/9194\/it-montreal-il-canada-coast-to-coast-tour-di-gruppo-63a69.jpg');\" title=\"Avventura da Costa a  Costa - Tour di gruppo\"><\/span><amp-img width=\"225\" height=\"225\" src=\"http:\/\/etcdn.net\/thumbnails\/9194\/it-montreal-il-canada-coast-to-coast-tour-di-gruppo-63a69.jpg\">\t\t\t\t\t\t<\/a>\n\t\t\t\t\t<\/div>\n\t\t\t\t\t\t\t\t<div class=\"rss_content_wrap\">\n\t\t\t\t\t<span class=\"title\">\n\t\t\t\t\t\t<a href=\"https:\/\/canada.evolutiontravel.it\/it_IT\/902\/tab\/41213_avventura-da-costa-a-costa-tour-di-gruppo.html\" target=\"_blank\"  rel=\"noopener \">\n\t\t\t\t\t\t\tAvventura da Costa a  Costa - Tour di gruppo\t\t\t\t\t\t<\/a>\n\t\t\t\t\t<\/span>\n\t\t\t\t\t<div class=\"rss_content\"\n\t\t\t\t\t\t\tstyle=\"\">\n\t\t\t\t\t\t\n\t\t\t\t\t\t\t\t\t\t\t\t<p class=\"description\">Un meravigliso Tour completo, con accompagnatore parlante anche italino, alla scoperta di questo fantastico Paese sempre con la [&hellip;]<\/p>\n\t\t\t\t\t\t\n\t\t\t\t\t\t\t\t\t\t\t\t\t\t\t\t\t\t\t<div class=\"price-wrap\">\n\t\t\t\t\t\t\t\t<a href=\"https:\/\/canada.evolutiontravel.it\/it_IT\/902\/tab\/41213_avventura-da-costa-a-costa-tour-di-gruppo.html\" target=\"_blank\" rel=\"noopener\"><button class=\"price\"> 4614<\/button><\/a>\n\t\t\t\t\t\t\t<\/div>\n\t\t\t\t\t\t\t\t\t\t\t<\/div>\n\t\t\t\t<\/div>\n\t\t\t<\/li>\n\t\t\t\t\t\t<li  style=\"padding: 23px 0 38px\" class=\"rss_item feedzy-rss-col-3\" >\n\t\t\t\t\t\t\t\t\t<div class=\"rss_image\" style=\"width:225px; height:225px;\">\n\t\t\t\t\t\t<a href=\"https:\/\/canada.evolutiontravel.it\/it_IT\/902\/tab\/40612_tour-dellest-combinato-tra-i-due-paesi.html\" target=\"_blank\" \n\t\t\t\t\t\t\trel=\"noopener \"\n\t\t\t\t\t\t\ttitle=\"Tour dell&#039;Est combinato tra i due Paesi\"\n\t\t\t\t\t\t\tstyle=\"width:225px; height:225px;\">\n\t\t\t\t\t\t\t<span class=\"fetched\" style=\"background-image:  url('http:\/\/etcdn.net\/thumbnails\/7498\/it-toronto-gran-tour-del-canada-tour-di-gruppo-58804.jpg');\" title=\"Tour dell&#039;Est combinato tra i due Paesi\"><\/span><amp-img width=\"225\" height=\"225\" src=\"http:\/\/etcdn.net\/thumbnails\/7498\/it-toronto-gran-tour-del-canada-tour-di-gruppo-58804.jpg\">\t\t\t\t\t\t<\/a>\n\t\t\t\t\t<\/div>\n\t\t\t\t\t\t\t\t<div class=\"rss_content_wrap\">\n\t\t\t\t\t<span class=\"title\">\n\t\t\t\t\t\t<a href=\"https:\/\/canada.evolutiontravel.it\/it_IT\/902\/tab\/40612_tour-dellest-combinato-tra-i-due-paesi.html\" target=\"_blank\"  rel=\"noopener \">\n\t\t\t\t\t\t\tTour dell'Est combinato tra i due Paesi\t\t\t\t\t\t<\/a>\n\t\t\t\t\t<\/span>\n\t\t\t\t\t<div class=\"rss_content\"\n\t\t\t\t\t\t\tstyle=\"\">\n\t\t\t\t\t\t\n\t\t\t\t\t\t\t\t\t\t\t\t<p class=\"description\">Tra i tour di gruppo pi\u00f9 interessanti del nord America, vi permetter\u00e0di visitare i 2 Paesi che hai sempre sognato, Usa e Canada!<\/p>\n\t\t\t\t\t\t\n\t\t\t\t\t\t\t\t\t\t\t\t\t\t\t\t\t\t\t<div class=\"price-wrap\">\n\t\t\t\t\t\t\t\t<a href=\"https:\/\/canada.evolutiontravel.it\/it_IT\/902\/tab\/40612_tour-dellest-combinato-tra-i-due-paesi.html\" target=\"_blank\" rel=\"noopener\"><button class=\"price\"> 2960<\/button><\/a>\n\t\t\t\t\t\t\t<\/div>\n\t\t\t\t\t\t\t\t\t\t\t<\/div>\n\t\t\t\t<\/div>\n\t\t\t<\/li>\n\t\t\t\t\t\t<li  style=\"padding: 23px 0 38px\" class=\"rss_item feedzy-rss-col-3\" >\n\t\t\t\t\t\t\t\t\t<div class=\"rss_image\" style=\"width:225px; height:225px;\">\n\t\t\t\t\t\t<a href=\"https:\/\/canada.evolutiontravel.it\/it_IT\/902\/tab\/9892_il-selvaggio-est-canadese.html\" target=\"_blank\" \n\t\t\t\t\t\t\trel=\"noopener \"\n\t\t\t\t\t\t\ttitle=\"Il selvaggio Est canadese\"\n\t\t\t\t\t\t\tstyle=\"width:225px; height:225px;\">\n\t\t\t\t\t\t\t<span class=\"fetched\" style=\"background-image:  url('http:\/\/etcdn.net\/thumbnails\/9892\/it-montreal-il-selvaggio-est-canadese-5fdf1.jpg');\" title=\"Il selvaggio Est canadese\"><\/span><amp-img width=\"225\" height=\"225\" src=\"http:\/\/etcdn.net\/thumbnails\/9892\/it-montreal-il-selvaggio-est-canadese-5fdf1.jpg\">\t\t\t\t\t\t<\/a>\n\t\t\t\t\t<\/div>\n\t\t\t\t\t\t\t\t<div class=\"rss_content_wrap\">\n\t\t\t\t\t<span class=\"title\">\n\t\t\t\t\t\t<a href=\"https:\/\/canada.evolutiontravel.it\/it_IT\/902\/tab\/9892_il-selvaggio-est-canadese.html\" target=\"_blank\"  rel=\"noopener \">\n\t\t\t\t\t\t\tIl selvaggio Est canadese\t\t\t\t\t\t<\/a>\n\t\t\t\t\t<\/span>\n\t\t\t\t\t<div class=\"rss_content\"\n\t\t\t\t\t\t\tstyle=\"\">\n\t\t\t\t\t\t\n\t\t\t\t\t\t\t\t\t\t\t\t<p class=\"description\">Un bellissimo itinerario che si snoda attraverso le perle dell'Est Canadese. Un tour che tocca le pi\u00f9 belle citt\u00e0 dell'est [&hellip;]<\/p>\n\t\t\t\t\t\t\n\t\t\t\t\t\t\t\t\t\t\t\t\t\t\t\t\t\t\t<div class=\"price-wrap\">\n\t\t\t\t\t\t\t\t<a href=\"https:\/\/canada.evolutiontravel.it\/it_IT\/902\/tab\/9892_il-selvaggio-est-canadese.html\" target=\"_blank\" rel=\"noopener\"><button class=\"price\"> 2376<\/button><\/a>\n\t\t\t\t\t\t\t<\/div>\n\t\t\t\t\t\t\t\t\t\t\t<\/div>\n\t\t\t\t<\/div>\n\t\t\t<\/li>\n\t\t\t\t<\/ul>\n<\/div>\n<style type=\"text\/css\" media=\"all\">.feedzy-rss .rss_item .rss_image{float:left;position:relative;border:none;text-decoration:none;max-width:100%}.feedzy-rss .rss_item .rss_image span{display:inline-block;position:absolute;width:100%;height:100%;background-position:50%;background-size:cover}.feedzy-rss .rss_item .rss_image{margin:.3em 1em 0 0;content-visibility:auto}.feedzy-rss ul{list-style:none}.feedzy-rss ul li{display:inline-block}<\/style>\n","protected":false},"excerpt":{"rendered":"<p>Perch\u00e8 il Canada \u00e8 una delle mete pi\u00f9 gettonate? Perch\u00e8 ci trovate tutto: non solo parchi, citt\u00e0, cascate ma anche i castelli e musei.\u00a0 Tra le fortezze storiche pi\u00f9 famose eccone alcune, un consiglio: non perdete una visita a questi edifici! Il Castello &#8220;Casa Loma&#8221; a Toronto Il pi\u00f9 noto tra le fortezze del Canada <a class=\"moretag\" href=\"https:\/\/canada.evolutiontravel.it\/infovacanze\/cosa-vedere\/castelli\/\">[&#8230;]<\/a><\/p>\n","protected":false},"author":6,"featured_media":0,"parent":18,"menu_order":0,"comment_status":"closed","ping_status":"closed","template":"templates\/template-with-right-sidebar.php","meta":{"footnotes":""},"yoast_head":"<!-- This site is optimized with the Yoast SEO plugin v21.9.1 - https:\/\/yoast.com\/wordpress\/plugins\/seo\/ -->\n<title>Tour dei castelli in Canada: Loma, Frontenac e altre dimore storiche<\/title>\n<meta name=\"description\" content=\"In Canada puoi avventurarti anche alla scoperta di alcuni suggestivi castelli dove la natura \u00e8 una cornice spettacolare: scopri con noi questi luoghi!\" \/>\n<meta name=\"robots\" content=\"index, follow, max-snippet:-1, max-image-preview:large, max-video-preview:-1\" \/>\n<link rel=\"canonical\" href=\"https:\/\/canada.evolutiontravel.it\/infovacanze\/cosa-vedere\/castelli\/\" \/>\n<meta property=\"og:locale\" content=\"it_IT\" \/>\n<meta property=\"og:type\" content=\"article\" \/>\n<meta property=\"og:title\" content=\"Tour dei castelli in Canada: Loma, Frontenac e altre dimore storiche\" \/>\n<meta property=\"og:description\" content=\"In Canada puoi avventurarti anche alla scoperta di alcuni suggestivi castelli dove la natura \u00e8 una cornice spettacolare: scopri con noi questi luoghi!\" \/>\n<meta property=\"og:url\" content=\"https:\/\/canada.evolutiontravel.it\/infovacanze\/cosa-vedere\/castelli\/\" \/>\n<meta property=\"og:site_name\" content=\"Canada\" \/>\n<meta property=\"article:modified_time\" content=\"2018-10-01T10:01:30+00:00\" \/>\n<meta property=\"og:image\" content=\"http:\/\/canada.evolutiontravel.it\/infovacanze\/wp-content\/uploads\/sites\/30\/2016\/11\/chateau-frontenac-300x200.jpg\" \/>\n<meta name=\"twitter:card\" content=\"summary_large_image\" \/>\n<meta name=\"twitter:label1\" content=\"Tempo di lettura stimato\" \/>\n\t<meta name=\"twitter:data1\" content=\"2 minuti\" \/>\n<script type=\"application\/ld+json\" class=\"yoast-schema-graph\">{\"@context\":\"https:\/\/schema.org\",\"@graph\":[{\"@type\":\"WebPage\",\"@id\":\"https:\/\/canada.evolutiontravel.it\/infovacanze\/cosa-vedere\/castelli\/\",\"url\":\"https:\/\/canada.evolutiontravel.it\/infovacanze\/cosa-vedere\/castelli\/\",\"name\":\"Tour dei castelli in Canada: Loma, Frontenac e altre dimore storiche\",\"isPartOf\":{\"@id\":\"https:\/\/canada.evolutiontravel.it\/infovacanze\/#website\"},\"datePublished\":\"2016-10-13T15:37:19+00:00\",\"dateModified\":\"2018-10-01T10:01:30+00:00\",\"description\":\"In Canada puoi avventurarti anche alla scoperta di alcuni suggestivi castelli dove la natura \u00e8 una cornice spettacolare: scopri con noi questi luoghi!\",\"breadcrumb\":{\"@id\":\"https:\/\/canada.evolutiontravel.it\/infovacanze\/cosa-vedere\/castelli\/#breadcrumb\"},\"inLanguage\":\"it-IT\",\"potentialAction\":[{\"@type\":\"ReadAction\",\"target\":[\"https:\/\/canada.evolutiontravel.it\/infovacanze\/cosa-vedere\/castelli\/\"]}]},{\"@type\":\"BreadcrumbList\",\"@id\":\"https:\/\/canada.evolutiontravel.it\/infovacanze\/cosa-vedere\/castelli\/#breadcrumb\",\"itemListElement\":[{\"@type\":\"ListItem\",\"position\":1,\"name\":\"Home\",\"item\":\"https:\/\/canada.evolutiontravel.it\/infovacanze\/\"},{\"@type\":\"ListItem\",\"position\":2,\"name\":\"Tutti i luoghi da vedere in Canada almeno una volta\",\"item\":\"https:\/\/canada.evolutiontravel.it\/infovacanze\/cosa-vedere\/\"},{\"@type\":\"ListItem\",\"position\":3,\"name\":\"I castelli in Canada\"}]},{\"@type\":\"WebSite\",\"@id\":\"https:\/\/canada.evolutiontravel.it\/infovacanze\/#website\",\"url\":\"https:\/\/canada.evolutiontravel.it\/infovacanze\/\",\"name\":\"Canada\",\"description\":\"Ecco un altro sito Evolution portal SEO Siti\",\"potentialAction\":[{\"@type\":\"SearchAction\",\"target\":{\"@type\":\"EntryPoint\",\"urlTemplate\":\"https:\/\/canada.evolutiontravel.it\/infovacanze\/?s={search_term_string}\"},\"query-input\":\"required name=search_term_string\"}],\"inLanguage\":\"it-IT\"}]}<\/script>\n<!-- \/ Yoast SEO plugin. -->","yoast_head_json":{"title":"Tour dei castelli in Canada: Loma, Frontenac e altre dimore storiche","description":"In Canada puoi avventurarti anche alla scoperta di alcuni suggestivi castelli dove la natura \u00e8 una cornice spettacolare: scopri con noi questi luoghi!","robots":{"index":"index","follow":"follow","max-snippet":"max-snippet:-1","max-image-preview":"max-image-preview:large","max-video-preview":"max-video-preview:-1"},"canonical":"https:\/\/canada.evolutiontravel.it\/infovacanze\/cosa-vedere\/castelli\/","og_locale":"it_IT","og_type":"article","og_title":"Tour dei castelli in Canada: Loma, Frontenac e altre dimore storiche","og_description":"In Canada puoi avventurarti anche alla scoperta di alcuni suggestivi castelli dove la natura \u00e8 una cornice spettacolare: scopri con noi questi luoghi!","og_url":"https:\/\/canada.evolutiontravel.it\/infovacanze\/cosa-vedere\/castelli\/","og_site_name":"Canada","article_modified_time":"2018-10-01T10:01:30+00:00","og_image":[{"url":"http:\/\/canada.evolutiontravel.it\/infovacanze\/wp-content\/uploads\/sites\/30\/2016\/11\/chateau-frontenac-300x200.jpg"}],"twitter_card":"summary_large_image","twitter_misc":{"Tempo di lettura stimato":"2 minuti"},"schema":{"@context":"https:\/\/schema.org","@graph":[{"@type":"WebPage","@id":"https:\/\/canada.evolutiontravel.it\/infovacanze\/cosa-vedere\/castelli\/","url":"https:\/\/canada.evolutiontravel.it\/infovacanze\/cosa-vedere\/castelli\/","name":"Tour dei castelli in Canada: Loma, Frontenac e altre dimore storiche","isPartOf":{"@id":"https:\/\/canada.evolutiontravel.it\/infovacanze\/#website"},"datePublished":"2016-10-13T15:37:19+00:00","dateModified":"2018-10-01T10:01:30+00:00","description":"In Canada puoi avventurarti anche alla scoperta di alcuni suggestivi castelli dove la natura \u00e8 una cornice spettacolare: scopri con noi questi luoghi!","breadcrumb":{"@id":"https:\/\/canada.evolutiontravel.it\/infovacanze\/cosa-vedere\/castelli\/#breadcrumb"},"inLanguage":"it-IT","potentialAction":[{"@type":"ReadAction","target":["https:\/\/canada.evolutiontravel.it\/infovacanze\/cosa-vedere\/castelli\/"]}]},{"@type":"BreadcrumbList","@id":"https:\/\/canada.evolutiontravel.it\/infovacanze\/cosa-vedere\/castelli\/#breadcrumb","itemListElement":[{"@type":"ListItem","position":1,"name":"Home","item":"https:\/\/canada.evolutiontravel.it\/infovacanze\/"},{"@type":"ListItem","position":2,"name":"Tutti i luoghi da vedere in Canada almeno una volta","item":"https:\/\/canada.evolutiontravel.it\/infovacanze\/cosa-vedere\/"},{"@type":"ListItem","position":3,"name":"I castelli in Canada"}]},{"@type":"WebSite","@id":"https:\/\/canada.evolutiontravel.it\/infovacanze\/#website","url":"https:\/\/canada.evolutiontravel.it\/infovacanze\/","name":"Canada","description":"Ecco un altro sito Evolution portal SEO Siti","potentialAction":[{"@type":"SearchAction","target":{"@type":"EntryPoint","urlTemplate":"https:\/\/canada.evolutiontravel.it\/infovacanze\/?s={search_term_string}"},"query-input":"required name=search_term_string"}],"inLanguage":"it-IT"}]}},"_links":{"self":[{"href":"https:\/\/canada.evolutiontravel.it\/infovacanze\/wp-json\/wp\/v2\/pages\/32"}],"collection":[{"href":"https:\/\/canada.evolutiontravel.it\/infovacanze\/wp-json\/wp\/v2\/pages"}],"about":[{"href":"https:\/\/canada.evolutiontravel.it\/infovacanze\/wp-json\/wp\/v2\/types\/page"}],"author":[{"embeddable":true,"href":"https:\/\/canada.evolutiontravel.it\/infovacanze\/wp-json\/wp\/v2\/users\/6"}],"replies":[{"embeddable":true,"href":"https:\/\/canada.evolutiontravel.it\/infovacanze\/wp-json\/wp\/v2\/comments?post=32"}],"version-history":[{"count":11,"href":"https:\/\/canada.evolutiontravel.it\/infovacanze\/wp-json\/wp\/v2\/pages\/32\/revisions"}],"predecessor-version":[{"id":514,"href":"https:\/\/canada.evolutiontravel.it\/infovacanze\/wp-json\/wp\/v2\/pages\/32\/revisions\/514"}],"up":[{"embeddable":true,"href":"https:\/\/canada.evolutiontravel.it\/infovacanze\/wp-json\/wp\/v2\/pages\/18"}],"wp:attachment":[{"href":"https:\/\/canada.evolutiontravel.it\/infovacanze\/wp-json\/wp\/v2\/media?parent=32"}],"curies":[{"name":"wp","href":"https:\/\/api.w.org\/{rel}","templated":true}]}}