{"id":18,"date":"2016-10-13T17:22:32","date_gmt":"2016-10-13T15:22:32","guid":{"rendered":"http:\/\/canada.evolutiontravel.it\/infovacanze\/?page_id=18"},"modified":"2018-09-28T14:41:12","modified_gmt":"2018-09-28T12:41:12","slug":"cosa-vedere","status":"publish","type":"page","link":"https:\/\/canada.evolutiontravel.it\/infovacanze\/cosa-vedere\/","title":{"rendered":"Tutti i luoghi da vedere in Canada almeno una volta"},"content":{"rendered":"<p>Diciamo subito che non \u00e8 possibile raccontare in un articolo tutte le cose che ci sono da vedere <strong>in Canada: i luoghi di interesse turistico sono tantissimi<\/strong> e per <strong>tutti i gusti<\/strong>, per coppie, famiglie, amici e perch\u00e8 no, per viaggi solitari immersi nella natura.<\/p>\n<p>Per questo motivo abbiamo scritto un articolo dedicato a ogni posto, a seconda del tipo di vacanza che vuoi fare e non dimenticare quello sulle attrazioni: <a href=\"https:\/\/canada.evolutiontravel.it\/infovacanze\/cosa-fare\/attrazioni\/\">Attrazioni e parchi tematici in Canad<\/a>a.<\/p>\n<ul>\n<li><strong><a title=\"canada parchi\" href=\"https:\/\/canada.evolutiontravel.it\/infovacanze\/cosa-vedere\/parchi\/\"><u>Parchi<\/u><\/a><\/strong>: il Canada ospita su <strong>pi\u00f9 di 1\/3 del suo territorio, parchi<\/strong>, foreste e vegetazione: \u00e8 obbligo vedere almeno una di queste attrazioni naturali.<\/li>\n<li><a title=\"isole del canada\" href=\"https:\/\/canada.evolutiontravel.it\/infovacanze\/cosa-vedere\/isole\/\"><strong><u>Isole<\/u><\/strong><\/a>: non solo le 1000 isole, il paese \u00e8 ricco di <strong>molte altre isole per escursioni e tour<\/strong> suggestivi alla scoperta di angoli nascosti.<\/li>\n<li><a title=\"laghi in canada\" href=\"https:\/\/canada.evolutiontravel.it\/infovacanze\/cosa-vedere\/laghi\/\"><strong><u>Laghi<\/u><\/strong><\/a>: pi\u00f9 di <strong>31 mila specchi d\u2019acqua<\/strong>: vederli tutti \u00e8 impossibile, ma dedicate del tempo a quelli principali, ne vale la pena!<\/li>\n<li><strong><a title=\"cascate canada\" href=\"https:\/\/canada.evolutiontravel.it\/infovacanze\/cosa-vedere\/cascate\/\"><u>Cascate<\/u><\/a><\/strong>: tra i luoghi imperdibili del Canada ci sono le numerose cascate e <strong>non solo quelle del Niagara.<\/strong><\/li>\n<li><strong><a title=\"montagne canada\" href=\"https:\/\/canada.evolutiontravel.it\/infovacanze\/cosa-vedere\/montagne\/\"><u>Montagne<\/u><\/a><\/strong>: destinazioni ideali per chi vuole fare <a href=\"https:\/\/canada.evolutiontravel.it\/infovacanze\/cosa-fare\/trekking\/\"><u>fare trekking<\/u><\/a> o <a href=\"https:\/\/canada.evolutiontravel.it\/infovacanze\/cosa-fare\/sciare-in-canada\/\"><u>sciare<\/u><\/a>.<\/li>\n<li><strong><a title=\"musei in canada\" href=\"https:\/\/canada.evolutiontravel.it\/infovacanze\/cosa-vedere\/musei\/\">Musei<\/a><\/strong>: in Canada non mancano i <strong>luoghi della cultura<\/strong> come i musei di Ottawa, Toronto, Montr\u00e9al e Vancouver.<\/li>\n<li><strong><a title=\"castelli canada\" href=\"https:\/\/canada.evolutiontravel.it\/infovacanze\/cosa-vedere\/castelli\/\"><u>Castelli<\/u><\/a><\/strong>: non perdetevi i castelli alcuni dei quali molto visitati come il \u201c<strong>Casa Loma<\/strong>\u201d e il <strong>Castello Frontenac<\/strong>.<\/li>\n<li><strong><a title=\"canada citt\u00e0 da vedere\" href=\"https:\/\/canada.evolutiontravel.it\/infovacanze\/cosa-vedere\/citta\/\"><u>Citt\u00e0<\/u><\/a><\/strong>: tra i luoghi di interesse non mancano le citt\u00e0 con alcune curiosit\u00e0 su quelle &#8220;pi\u00f9 piccole&#8221;.<\/li>\n<\/ul>\n<p>Infatti, oltre all\u2019aspetto naturalistico, primo su tutti le famose cascate del Niagara, e i parchi, le isole, i laghi, le montagne ci sono anche <strong>citt\u00e0 molto caratteristiche<\/strong> con musei e castelli che meritano sicuramente una tappa durante il vostro tour.<\/p>\n<p>Se avete le idee poco chiare non preoccupatevi \u00e8 normale, il Canada \u00e8 talmente vasto che <strong>decidere l&#8217;itinerario da seguire \u00e8 difficile<\/strong>. Per questo motivo potete contattare, <strong>senza alcun impegno, i nostri consulenti<\/strong> esperti in questa destinazione che conoscono perfettamente i migliori posti da raggiungere una volta arrivati. Contattaci oppure dai subito un&#8217;occhiata alle ultime offerte della settimana.<\/p>\n<p>&nbsp;<\/p>\n<h3 style=\"text-align: center\">&#8220;<span style=\"color: #008000\">SPECIALE CANADA<\/span>&#8221; con Evolution Travel<\/h3>\n<p style=\"text-align: center\">Ecco le nostre <strong><span style=\"color: #008000\">IMPERDIBILI OFFERTE<\/span><\/strong> per la tua vacanza in Canada!<\/p>\n<p style=\"text-align: center\"><span style=\"color: #008000\"><strong>CLICCA E SCORPRI SUBITO<\/strong><\/span>: <strong>programma<\/strong> dettagliato, <strong>foto<\/strong>, <strong>commenti<\/strong>, <strong>itinerari<\/strong>!<\/p>\n<div class=\"feedzy-34ee4d8c96273c6c72d1f368cd0dbf74 feedzy-rss\">\n\t\t<ul class=\"feedzy-style2\">\n\t\t\t\t\t<li  style=\"padding: 23px 0 38px\" class=\"rss_item feedzy-rss-col-3\" >\n\t\t\t\t\t\t\t\t\t<div class=\"rss_image\" style=\"width:225px; height:225px;\">\n\t\t\t\t\t\t<a href=\"https:\/\/canada.evolutiontravel.it\/it_IT\/902\/tab\/6909_fly-drive-british-columbia-alberta.html\" target=\"_blank\" \n\t\t\t\t\t\t\trel=\"noopener \"\n\t\t\t\t\t\t\ttitle=\"Fly &amp; Drive: British Columbia &amp; Alberta\"\n\t\t\t\t\t\t\tstyle=\"width:225px; height:225px;\">\n\t\t\t\t\t\t\t<span class=\"fetched\" style=\"background-image:  url('http:\/\/etcdn.net\/thumbnails\/6909\/it-vancouver-fly-drive-british-columbia-alberta-54d6d.jpg');\" title=\"Fly &amp; Drive: British Columbia &amp; Alberta\"><\/span><amp-img width=\"225\" height=\"225\" src=\"http:\/\/etcdn.net\/thumbnails\/6909\/it-vancouver-fly-drive-british-columbia-alberta-54d6d.jpg\">\t\t\t\t\t\t<\/a>\n\t\t\t\t\t<\/div>\n\t\t\t\t\t\t\t\t<div class=\"rss_content_wrap\">\n\t\t\t\t\t<span class=\"title\">\n\t\t\t\t\t\t<a href=\"https:\/\/canada.evolutiontravel.it\/it_IT\/902\/tab\/6909_fly-drive-british-columbia-alberta.html\" target=\"_blank\"  rel=\"noopener \">\n\t\t\t\t\t\t\tFly &amp; Drive: British Columbia &amp; Alberta\t\t\t\t\t\t<\/a>\n\t\t\t\t\t<\/span>\n\t\t\t\t\t<div class=\"rss_content\"\n\t\t\t\t\t\t\tstyle=\"\">\n\t\t\t\t\t\t\n\t\t\t\t\t\t\t\t\t\t\t\t<p class=\"description\">Fly &amp; Drive - 13 giorni \/ 12 notti - West Canada - Partendo da Vancouver fino a Sun Peaks, attraversando Jasper e Banff, [&hellip;]<\/p>\n\t\t\t\t\t\t\n\t\t\t\t\t\t\t\t\t\t\t\t\t\t\t\t\t\t\t<div class=\"price-wrap\">\n\t\t\t\t\t\t\t\t<a href=\"https:\/\/canada.evolutiontravel.it\/it_IT\/902\/tab\/6909_fly-drive-british-columbia-alberta.html\" target=\"_blank\" rel=\"noopener\"><button class=\"price\"> 1421<\/button><\/a>\n\t\t\t\t\t\t\t<\/div>\n\t\t\t\t\t\t\t\t\t\t\t<\/div>\n\t\t\t\t<\/div>\n\t\t\t<\/li>\n\t\t\t\t\t\t<li  style=\"padding: 23px 0 38px\" class=\"rss_item feedzy-rss-col-3\" >\n\t\t\t\t\t\t\t\t\t<div class=\"rss_image\" style=\"width:225px; height:225px;\">\n\t\t\t\t\t\t<a href=\"https:\/\/canada.evolutiontravel.it\/it_IT\/902\/tab\/41215_esperienze-esclusive-e-leggende-tour-di-gruppo.html\" target=\"_blank\" \n\t\t\t\t\t\t\trel=\"noopener \"\n\t\t\t\t\t\t\ttitle=\"Esperienze esclusive e Leggende - Tour di gruppo\"\n\t\t\t\t\t\t\tstyle=\"width:225px; height:225px;\">\n\t\t\t\t\t\t\t<span class=\"fetched\" style=\"background-image:  url('http:\/\/etcdn.net\/thumbnails\/7498\/it-toronto-gran-tour-del-canada-tour-di-gruppo-58804.jpg');\" title=\"Esperienze esclusive e Leggende - Tour di gruppo\"><\/span><amp-img width=\"225\" height=\"225\" src=\"http:\/\/etcdn.net\/thumbnails\/7498\/it-toronto-gran-tour-del-canada-tour-di-gruppo-58804.jpg\">\t\t\t\t\t\t<\/a>\n\t\t\t\t\t<\/div>\n\t\t\t\t\t\t\t\t<div class=\"rss_content_wrap\">\n\t\t\t\t\t<span class=\"title\">\n\t\t\t\t\t\t<a href=\"https:\/\/canada.evolutiontravel.it\/it_IT\/902\/tab\/41215_esperienze-esclusive-e-leggende-tour-di-gruppo.html\" target=\"_blank\"  rel=\"noopener \">\n\t\t\t\t\t\t\tEsperienze esclusive e Leggende - Tour di gruppo\t\t\t\t\t\t<\/a>\n\t\t\t\t\t<\/span>\n\t\t\t\t\t<div class=\"rss_content\"\n\t\t\t\t\t\t\tstyle=\"\">\n\t\t\t\t\t\t\n\t\t\t\t\t\t\t\t\t\t\t\t<p class=\"description\">Tra i tour pi\u00f9 interessanti di tutto il Canada, vi permetter\u00e0 in 16 giorni di andare alla scoperta delle citt\u00e0 pi\u00f9 belle del [&hellip;]<\/p>\n\t\t\t\t\t\t\n\t\t\t\t\t\t\t\t\t\t\t\t\t\t\t\t\t\t\t<div class=\"price-wrap\">\n\t\t\t\t\t\t\t\t<a href=\"https:\/\/canada.evolutiontravel.it\/it_IT\/902\/tab\/41215_esperienze-esclusive-e-leggende-tour-di-gruppo.html\" target=\"_blank\" rel=\"noopener\"><button class=\"price\"> 1712<\/button><\/a>\n\t\t\t\t\t\t\t<\/div>\n\t\t\t\t\t\t\t\t\t\t\t<\/div>\n\t\t\t\t<\/div>\n\t\t\t<\/li>\n\t\t\t\t\t\t<li  style=\"padding: 23px 0 38px\" class=\"rss_item feedzy-rss-col-3\" >\n\t\t\t\t\t\t\t\t\t<div class=\"rss_image\" style=\"width:225px; height:225px;\">\n\t\t\t\t\t\t<a href=\"https:\/\/canada.evolutiontravel.it\/it_IT\/902\/tab\/9865_affascinante-ovest-tour-di-gruppo.html\" target=\"_blank\" \n\t\t\t\t\t\t\trel=\"noopener \"\n\t\t\t\t\t\t\ttitle=\"Affascinante Ovest - Tour di gruppo\"\n\t\t\t\t\t\t\tstyle=\"width:225px; height:225px;\">\n\t\t\t\t\t\t\t<span class=\"fetched\" style=\"background-image:  url('http:\/\/etcdn.net\/thumbnails\/9865\/it-calgary-lovest-canadese-tour-di-gruppo-63a26.jpg');\" title=\"Affascinante Ovest - Tour di gruppo\"><\/span><amp-img width=\"225\" height=\"225\" src=\"http:\/\/etcdn.net\/thumbnails\/9865\/it-calgary-lovest-canadese-tour-di-gruppo-63a26.jpg\">\t\t\t\t\t\t<\/a>\n\t\t\t\t\t<\/div>\n\t\t\t\t\t\t\t\t<div class=\"rss_content_wrap\">\n\t\t\t\t\t<span class=\"title\">\n\t\t\t\t\t\t<a href=\"https:\/\/canada.evolutiontravel.it\/it_IT\/902\/tab\/9865_affascinante-ovest-tour-di-gruppo.html\" target=\"_blank\"  rel=\"noopener \">\n\t\t\t\t\t\t\tAffascinante Ovest - Tour di gruppo\t\t\t\t\t\t<\/a>\n\t\t\t\t\t<\/span>\n\t\t\t\t\t<div class=\"rss_content\"\n\t\t\t\t\t\t\tstyle=\"\">\n\t\t\t\t\t\t\n\t\t\t\t\t\t\t\t\t\t\t\t<p class=\"description\">Questo Tour \u00e8 stato pensato per una clientela che predilige accompagnatore\u00a0e\u00a0guide\u00a0parlanti italiano: splendido itinerario [&hellip;]<\/p>\n\t\t\t\t\t\t\n\t\t\t\t\t\t\t\t\t\t\t\t\t\t\t\t\t\t\t<div class=\"price-wrap\">\n\t\t\t\t\t\t\t\t<a href=\"https:\/\/canada.evolutiontravel.it\/it_IT\/902\/tab\/9865_affascinante-ovest-tour-di-gruppo.html\" target=\"_blank\" rel=\"noopener\"><button class=\"price\"> 3221<\/button><\/a>\n\t\t\t\t\t\t\t<\/div>\n\t\t\t\t\t\t\t\t\t\t\t<\/div>\n\t\t\t\t<\/div>\n\t\t\t<\/li>\n\t\t\t\t\t\t<li  style=\"padding: 23px 0 38px\" class=\"rss_item feedzy-rss-col-3\" >\n\t\t\t\t\t\t\t\t\t<div class=\"rss_image\" style=\"width:225px; height:225px;\">\n\t\t\t\t\t\t<a href=\"https:\/\/canada.evolutiontravel.it\/it_IT\/902\/tab\/41213_avventura-da-costa-a-costa-tour-di-gruppo.html\" target=\"_blank\" \n\t\t\t\t\t\t\trel=\"noopener \"\n\t\t\t\t\t\t\ttitle=\"Avventura da Costa a  Costa - Tour di gruppo\"\n\t\t\t\t\t\t\tstyle=\"width:225px; height:225px;\">\n\t\t\t\t\t\t\t<span class=\"fetched\" style=\"background-image:  url('http:\/\/etcdn.net\/thumbnails\/9194\/it-montreal-il-canada-coast-to-coast-tour-di-gruppo-63a69.jpg');\" title=\"Avventura da Costa a  Costa - Tour di gruppo\"><\/span><amp-img width=\"225\" height=\"225\" src=\"http:\/\/etcdn.net\/thumbnails\/9194\/it-montreal-il-canada-coast-to-coast-tour-di-gruppo-63a69.jpg\">\t\t\t\t\t\t<\/a>\n\t\t\t\t\t<\/div>\n\t\t\t\t\t\t\t\t<div class=\"rss_content_wrap\">\n\t\t\t\t\t<span class=\"title\">\n\t\t\t\t\t\t<a href=\"https:\/\/canada.evolutiontravel.it\/it_IT\/902\/tab\/41213_avventura-da-costa-a-costa-tour-di-gruppo.html\" target=\"_blank\"  rel=\"noopener \">\n\t\t\t\t\t\t\tAvventura da Costa a  Costa - Tour di gruppo\t\t\t\t\t\t<\/a>\n\t\t\t\t\t<\/span>\n\t\t\t\t\t<div class=\"rss_content\"\n\t\t\t\t\t\t\tstyle=\"\">\n\t\t\t\t\t\t\n\t\t\t\t\t\t\t\t\t\t\t\t<p class=\"description\">Un meravigliso Tour completo, con accompagnatore parlante anche italino, alla scoperta di questo fantastico Paese sempre con la [&hellip;]<\/p>\n\t\t\t\t\t\t\n\t\t\t\t\t\t\t\t\t\t\t\t\t\t\t\t\t\t\t<div class=\"price-wrap\">\n\t\t\t\t\t\t\t\t<a href=\"https:\/\/canada.evolutiontravel.it\/it_IT\/902\/tab\/41213_avventura-da-costa-a-costa-tour-di-gruppo.html\" target=\"_blank\" rel=\"noopener\"><button class=\"price\"> 4614<\/button><\/a>\n\t\t\t\t\t\t\t<\/div>\n\t\t\t\t\t\t\t\t\t\t\t<\/div>\n\t\t\t\t<\/div>\n\t\t\t<\/li>\n\t\t\t\t\t\t<li  style=\"padding: 23px 0 38px\" class=\"rss_item feedzy-rss-col-3\" >\n\t\t\t\t\t\t\t\t\t<div class=\"rss_image\" style=\"width:225px; height:225px;\">\n\t\t\t\t\t\t<a href=\"https:\/\/canada.evolutiontravel.it\/it_IT\/902\/tab\/40612_tour-dellest-combinato-tra-i-due-paesi.html\" target=\"_blank\" \n\t\t\t\t\t\t\trel=\"noopener \"\n\t\t\t\t\t\t\ttitle=\"Tour dell&#039;Est combinato tra i due Paesi\"\n\t\t\t\t\t\t\tstyle=\"width:225px; height:225px;\">\n\t\t\t\t\t\t\t<span class=\"fetched\" style=\"background-image:  url('http:\/\/etcdn.net\/thumbnails\/7498\/it-toronto-gran-tour-del-canada-tour-di-gruppo-58804.jpg');\" title=\"Tour dell&#039;Est combinato tra i due Paesi\"><\/span><amp-img width=\"225\" height=\"225\" src=\"http:\/\/etcdn.net\/thumbnails\/7498\/it-toronto-gran-tour-del-canada-tour-di-gruppo-58804.jpg\">\t\t\t\t\t\t<\/a>\n\t\t\t\t\t<\/div>\n\t\t\t\t\t\t\t\t<div class=\"rss_content_wrap\">\n\t\t\t\t\t<span class=\"title\">\n\t\t\t\t\t\t<a href=\"https:\/\/canada.evolutiontravel.it\/it_IT\/902\/tab\/40612_tour-dellest-combinato-tra-i-due-paesi.html\" target=\"_blank\"  rel=\"noopener \">\n\t\t\t\t\t\t\tTour dell'Est combinato tra i due Paesi\t\t\t\t\t\t<\/a>\n\t\t\t\t\t<\/span>\n\t\t\t\t\t<div class=\"rss_content\"\n\t\t\t\t\t\t\tstyle=\"\">\n\t\t\t\t\t\t\n\t\t\t\t\t\t\t\t\t\t\t\t<p class=\"description\">Tra i tour di gruppo pi\u00f9 interessanti del nord America, vi permetter\u00e0di visitare i 2 Paesi che hai sempre sognato, Usa e Canada!<\/p>\n\t\t\t\t\t\t\n\t\t\t\t\t\t\t\t\t\t\t\t\t\t\t\t\t\t\t<div class=\"price-wrap\">\n\t\t\t\t\t\t\t\t<a href=\"https:\/\/canada.evolutiontravel.it\/it_IT\/902\/tab\/40612_tour-dellest-combinato-tra-i-due-paesi.html\" target=\"_blank\" rel=\"noopener\"><button class=\"price\"> 2960<\/button><\/a>\n\t\t\t\t\t\t\t<\/div>\n\t\t\t\t\t\t\t\t\t\t\t<\/div>\n\t\t\t\t<\/div>\n\t\t\t<\/li>\n\t\t\t\t\t\t<li  style=\"padding: 23px 0 38px\" class=\"rss_item feedzy-rss-col-3\" >\n\t\t\t\t\t\t\t\t\t<div class=\"rss_image\" style=\"width:225px; height:225px;\">\n\t\t\t\t\t\t<a href=\"https:\/\/canada.evolutiontravel.it\/it_IT\/902\/tab\/9892_il-selvaggio-est-canadese.html\" target=\"_blank\" \n\t\t\t\t\t\t\trel=\"noopener \"\n\t\t\t\t\t\t\ttitle=\"Il selvaggio Est canadese\"\n\t\t\t\t\t\t\tstyle=\"width:225px; height:225px;\">\n\t\t\t\t\t\t\t<span class=\"fetched\" style=\"background-image:  url('http:\/\/etcdn.net\/thumbnails\/9892\/it-montreal-il-selvaggio-est-canadese-5fdf1.jpg');\" title=\"Il selvaggio Est canadese\"><\/span><amp-img width=\"225\" height=\"225\" src=\"http:\/\/etcdn.net\/thumbnails\/9892\/it-montreal-il-selvaggio-est-canadese-5fdf1.jpg\">\t\t\t\t\t\t<\/a>\n\t\t\t\t\t<\/div>\n\t\t\t\t\t\t\t\t<div class=\"rss_content_wrap\">\n\t\t\t\t\t<span class=\"title\">\n\t\t\t\t\t\t<a href=\"https:\/\/canada.evolutiontravel.it\/it_IT\/902\/tab\/9892_il-selvaggio-est-canadese.html\" target=\"_blank\"  rel=\"noopener \">\n\t\t\t\t\t\t\tIl selvaggio Est canadese\t\t\t\t\t\t<\/a>\n\t\t\t\t\t<\/span>\n\t\t\t\t\t<div class=\"rss_content\"\n\t\t\t\t\t\t\tstyle=\"\">\n\t\t\t\t\t\t\n\t\t\t\t\t\t\t\t\t\t\t\t<p class=\"description\">Un bellissimo itinerario che si snoda attraverso le perle dell'Est Canadese. Un tour che tocca le pi\u00f9 belle citt\u00e0 dell'est [&hellip;]<\/p>\n\t\t\t\t\t\t\n\t\t\t\t\t\t\t\t\t\t\t\t\t\t\t\t\t\t\t<div class=\"price-wrap\">\n\t\t\t\t\t\t\t\t<a href=\"https:\/\/canada.evolutiontravel.it\/it_IT\/902\/tab\/9892_il-selvaggio-est-canadese.html\" target=\"_blank\" rel=\"noopener\"><button class=\"price\"> 2376<\/button><\/a>\n\t\t\t\t\t\t\t<\/div>\n\t\t\t\t\t\t\t\t\t\t\t<\/div>\n\t\t\t\t<\/div>\n\t\t\t<\/li>\n\t\t\t\t<\/ul>\n<\/div>\n<style type=\"text\/css\" media=\"all\">.feedzy-rss .rss_item .rss_image{float:left;position:relative;border:none;text-decoration:none;max-width:100%}.feedzy-rss .rss_item .rss_image span{display:inline-block;position:absolute;width:100%;height:100%;background-position:50%;background-size:cover}.feedzy-rss .rss_item .rss_image{margin:.3em 1em 0 0;content-visibility:auto}.feedzy-rss ul{list-style:none}.feedzy-rss ul li{display:inline-block}<\/style>\n","protected":false},"excerpt":{"rendered":"<p>Diciamo subito che non \u00e8 possibile raccontare in un articolo tutte le cose che ci sono da vedere in Canada: i luoghi di interesse turistico sono tantissimi e per tutti i gusti, per coppie, famiglie, amici e perch\u00e8 no, per viaggi solitari immersi nella natura. Per questo motivo abbiamo scritto un articolo dedicato a ogni <a class=\"moretag\" href=\"https:\/\/canada.evolutiontravel.it\/infovacanze\/cosa-vedere\/\">[&#8230;]<\/a><\/p>\n","protected":false},"author":6,"featured_media":0,"parent":0,"menu_order":0,"comment_status":"closed","ping_status":"closed","template":"templates\/template-with-right-sidebar.php","meta":{"footnotes":""},"yoast_head":"<!-- This site is optimized with the Yoast SEO plugin v21.9.1 - https:\/\/yoast.com\/wordpress\/plugins\/seo\/ -->\n<title>Canada: luoghi di interesse e destinazioni da visitare - Evolution Travel<\/title>\n<meta name=\"description\" content=\"Tanti luoghi da vedere in Canada, parchi, laghi, cascate ma anche citt\u00e0 caratteristiche, musei e divertimento per tutta la famiglia! Scoprili con noi!\" \/>\n<meta name=\"robots\" content=\"index, follow, max-snippet:-1, max-image-preview:large, max-video-preview:-1\" \/>\n<link rel=\"canonical\" href=\"https:\/\/canada.evolutiontravel.it\/infovacanze\/cosa-vedere\/\" \/>\n<meta property=\"og:locale\" content=\"it_IT\" \/>\n<meta property=\"og:type\" content=\"article\" \/>\n<meta property=\"og:title\" content=\"Canada: luoghi di interesse e destinazioni da visitare - Evolution Travel\" \/>\n<meta property=\"og:description\" content=\"Tanti luoghi da vedere in Canada, parchi, laghi, cascate ma anche citt\u00e0 caratteristiche, musei e divertimento per tutta la famiglia! Scoprili con noi!\" \/>\n<meta property=\"og:url\" content=\"https:\/\/canada.evolutiontravel.it\/infovacanze\/cosa-vedere\/\" \/>\n<meta property=\"og:site_name\" content=\"Canada\" \/>\n<meta property=\"article:modified_time\" content=\"2018-09-28T12:41:12+00:00\" \/>\n<meta name=\"twitter:card\" content=\"summary_large_image\" \/>\n<meta name=\"twitter:label1\" content=\"Tempo di lettura stimato\" \/>\n\t<meta name=\"twitter:data1\" content=\"2 minuti\" \/>\n<script type=\"application\/ld+json\" class=\"yoast-schema-graph\">{\"@context\":\"https:\/\/schema.org\",\"@graph\":[{\"@type\":\"WebPage\",\"@id\":\"https:\/\/canada.evolutiontravel.it\/infovacanze\/cosa-vedere\/\",\"url\":\"https:\/\/canada.evolutiontravel.it\/infovacanze\/cosa-vedere\/\",\"name\":\"Canada: luoghi di interesse e destinazioni da visitare - Evolution Travel\",\"isPartOf\":{\"@id\":\"https:\/\/canada.evolutiontravel.it\/infovacanze\/#website\"},\"datePublished\":\"2016-10-13T15:22:32+00:00\",\"dateModified\":\"2018-09-28T12:41:12+00:00\",\"description\":\"Tanti luoghi da vedere in Canada, parchi, laghi, cascate ma anche citt\u00e0 caratteristiche, musei e divertimento per tutta la famiglia! Scoprili con noi!\",\"breadcrumb\":{\"@id\":\"https:\/\/canada.evolutiontravel.it\/infovacanze\/cosa-vedere\/#breadcrumb\"},\"inLanguage\":\"it-IT\",\"potentialAction\":[{\"@type\":\"ReadAction\",\"target\":[\"https:\/\/canada.evolutiontravel.it\/infovacanze\/cosa-vedere\/\"]}]},{\"@type\":\"BreadcrumbList\",\"@id\":\"https:\/\/canada.evolutiontravel.it\/infovacanze\/cosa-vedere\/#breadcrumb\",\"itemListElement\":[{\"@type\":\"ListItem\",\"position\":1,\"name\":\"Home\",\"item\":\"https:\/\/canada.evolutiontravel.it\/infovacanze\/\"},{\"@type\":\"ListItem\",\"position\":2,\"name\":\"Tutti i luoghi da vedere in Canada almeno una volta\"}]},{\"@type\":\"WebSite\",\"@id\":\"https:\/\/canada.evolutiontravel.it\/infovacanze\/#website\",\"url\":\"https:\/\/canada.evolutiontravel.it\/infovacanze\/\",\"name\":\"Canada\",\"description\":\"Ecco un altro sito Evolution portal SEO Siti\",\"potentialAction\":[{\"@type\":\"SearchAction\",\"target\":{\"@type\":\"EntryPoint\",\"urlTemplate\":\"https:\/\/canada.evolutiontravel.it\/infovacanze\/?s={search_term_string}\"},\"query-input\":\"required name=search_term_string\"}],\"inLanguage\":\"it-IT\"}]}<\/script>\n<!-- \/ Yoast SEO plugin. -->","yoast_head_json":{"title":"Canada: luoghi di interesse e destinazioni da visitare - Evolution Travel","description":"Tanti luoghi da vedere in Canada, parchi, laghi, cascate ma anche citt\u00e0 caratteristiche, musei e divertimento per tutta la famiglia! Scoprili con noi!","robots":{"index":"index","follow":"follow","max-snippet":"max-snippet:-1","max-image-preview":"max-image-preview:large","max-video-preview":"max-video-preview:-1"},"canonical":"https:\/\/canada.evolutiontravel.it\/infovacanze\/cosa-vedere\/","og_locale":"it_IT","og_type":"article","og_title":"Canada: luoghi di interesse e destinazioni da visitare - Evolution Travel","og_description":"Tanti luoghi da vedere in Canada, parchi, laghi, cascate ma anche citt\u00e0 caratteristiche, musei e divertimento per tutta la famiglia! Scoprili con noi!","og_url":"https:\/\/canada.evolutiontravel.it\/infovacanze\/cosa-vedere\/","og_site_name":"Canada","article_modified_time":"2018-09-28T12:41:12+00:00","twitter_card":"summary_large_image","twitter_misc":{"Tempo di lettura stimato":"2 minuti"},"schema":{"@context":"https:\/\/schema.org","@graph":[{"@type":"WebPage","@id":"https:\/\/canada.evolutiontravel.it\/infovacanze\/cosa-vedere\/","url":"https:\/\/canada.evolutiontravel.it\/infovacanze\/cosa-vedere\/","name":"Canada: luoghi di interesse e destinazioni da visitare - Evolution Travel","isPartOf":{"@id":"https:\/\/canada.evolutiontravel.it\/infovacanze\/#website"},"datePublished":"2016-10-13T15:22:32+00:00","dateModified":"2018-09-28T12:41:12+00:00","description":"Tanti luoghi da vedere in Canada, parchi, laghi, cascate ma anche citt\u00e0 caratteristiche, musei e divertimento per tutta la famiglia! Scoprili con noi!","breadcrumb":{"@id":"https:\/\/canada.evolutiontravel.it\/infovacanze\/cosa-vedere\/#breadcrumb"},"inLanguage":"it-IT","potentialAction":[{"@type":"ReadAction","target":["https:\/\/canada.evolutiontravel.it\/infovacanze\/cosa-vedere\/"]}]},{"@type":"BreadcrumbList","@id":"https:\/\/canada.evolutiontravel.it\/infovacanze\/cosa-vedere\/#breadcrumb","itemListElement":[{"@type":"ListItem","position":1,"name":"Home","item":"https:\/\/canada.evolutiontravel.it\/infovacanze\/"},{"@type":"ListItem","position":2,"name":"Tutti i luoghi da vedere in Canada almeno una volta"}]},{"@type":"WebSite","@id":"https:\/\/canada.evolutiontravel.it\/infovacanze\/#website","url":"https:\/\/canada.evolutiontravel.it\/infovacanze\/","name":"Canada","description":"Ecco un altro sito Evolution portal SEO Siti","potentialAction":[{"@type":"SearchAction","target":{"@type":"EntryPoint","urlTemplate":"https:\/\/canada.evolutiontravel.it\/infovacanze\/?s={search_term_string}"},"query-input":"required name=search_term_string"}],"inLanguage":"it-IT"}]}},"_links":{"self":[{"href":"https:\/\/canada.evolutiontravel.it\/infovacanze\/wp-json\/wp\/v2\/pages\/18"}],"collection":[{"href":"https:\/\/canada.evolutiontravel.it\/infovacanze\/wp-json\/wp\/v2\/pages"}],"about":[{"href":"https:\/\/canada.evolutiontravel.it\/infovacanze\/wp-json\/wp\/v2\/types\/page"}],"author":[{"embeddable":true,"href":"https:\/\/canada.evolutiontravel.it\/infovacanze\/wp-json\/wp\/v2\/users\/6"}],"replies":[{"embeddable":true,"href":"https:\/\/canada.evolutiontravel.it\/infovacanze\/wp-json\/wp\/v2\/comments?post=18"}],"version-history":[{"count":29,"href":"https:\/\/canada.evolutiontravel.it\/infovacanze\/wp-json\/wp\/v2\/pages\/18\/revisions"}],"predecessor-version":[{"id":496,"href":"https:\/\/canada.evolutiontravel.it\/infovacanze\/wp-json\/wp\/v2\/pages\/18\/revisions\/496"}],"wp:attachment":[{"href":"https:\/\/canada.evolutiontravel.it\/infovacanze\/wp-json\/wp\/v2\/media?parent=18"}],"curies":[{"name":"wp","href":"https:\/\/api.w.org\/{rel}","templated":true}]}}