{"id":14,"date":"2016-10-13T17:22:00","date_gmt":"2016-10-13T15:22:00","guid":{"rendered":"http:\/\/canada.evolutiontravel.it\/infovacanze\/?page_id=14"},"modified":"2018-09-28T16:01:23","modified_gmt":"2018-09-28T14:01:23","slug":"clima-e-temperature","status":"publish","type":"page","link":"https:\/\/canada.evolutiontravel.it\/infovacanze\/informazioni-utili\/clima-e-temperature\/","title":{"rendered":"Quando andare in Canada"},"content":{"rendered":"<p>Il <strong>clima in Canada varia sensibilmente <a title=\"cartina zone canada\" href=\"https:\/\/canada.evolutiontravel.it\/infovacanze\/informazioni-utili\/cartina-canada-est-ovest\/\">da zona a zona<\/a><\/strong> e questo accade per tutti i paesi molto estesi, consideriamo infatti che il Canada \u00e8 il secondo paese pi\u00f9 grande.<\/p>\n<p>In buona parte del <strong>Canada meridionale<\/strong> si alternano le quattro stagioni ma con picchi di freddo che possono durare molti mesi. Mentre nelle <strong>regioni artiche e subartiche<\/strong> c&#8217;\u00e8 <strong>inverno per gran parte dell&#8217;anno<\/strong>, con qualche settimana di temperature pi\u00f9 miti: non a caso le maggiori <a title=\"citt\u00e0 canada\" href=\"https:\/\/canada.evolutiontravel.it\/infovacanze\/cosa-vedere\/citta\/\">citt\u00e0 del paese<\/a> si trovano nell&#8217;area pi\u00f9 meridionale, proprio poich\u00e9 a nord le temperature diventano troppo rigide.<\/p>\n<p>Suddividiamo il Canada in grandi aree e illustriamo le <strong>principali caratteristiche climatiche di onguna<\/strong>.<\/p>\n<p>Nel <a title=\"canada est\" href=\"https:\/\/canada.evolutiontravel.it\/infovacanze\/tour\/est\/\"><strong>Canada orientale<\/strong><\/a> gli <strong>inverni hanno nevicate abbondanti e temperature piuttosto rigide<\/strong>, per via dell&#8217;arrivo di correnti polari; l&#8217;<strong>estate non dura molto <\/strong>e spesso \u00e8 accompagnata da pioggia, tuttavia per diverse settimane si pu\u00f2 godere di giornate soleggiate.<\/p>\n<p>Nel <a title=\"canada ovest\" href=\"https:\/\/canada.evolutiontravel.it\/infovacanze\/tour\/ovest\/\"><strong>Canada occidentale<\/strong><\/a> la pioggia si concentra per lo pi\u00f9 nel corso dell&#8217;inverno; qui le temperature sono ben pi\u00f9 sopportabili e <strong>le estati sono miti<\/strong>, \u00e8 infatti <strong>l&#8217;area il cui il tempo \u00e8 tendenzialmente migliore<\/strong>.<\/p>\n<p><a href=\"http:\/\/canada.evolutiontravel.it\/infovacanze\/informazioni-utili\/cartina-canada-est-ovest\/\"><img loading=\"lazy\" decoding=\"async\" class=\"wp-image-184 size-medium alignright\" src=\"http:\/\/canada.evolutiontravel.it\/infovacanze\/wp-content\/uploads\/sites\/30\/2016\/11\/Cartina-Canada-fisica-300x227.jpg\" alt=\"Cartina del Canada\" width=\"300\" height=\"227\" \/><\/a>Per quanto riguarda <strong>l&#8217;entroterra e quindi il Canada centrale<\/strong>, ci sono <strong>inverni molto rigidi<\/strong>, con qualche nevicata, mentre in estate si arrivano a toccare <strong>temperature anche elevate<\/strong>, con aria secca (leggi anche: <a title=\"sciare in canada\" href=\"https:\/\/canada.evolutiontravel.it\/infovacanze\/cosa-fare\/sciare-in-canada\/\">Sciare in Canada<\/a>).<\/p>\n<p>Le zone sub-artiche e artiche invece fanno toccare picchi che si attestano intorno ai -35\/40\u00b0 in inverno e non pi\u00f9 di 0\u00b0 nel periodo estivo.<\/p>\n<p><strong><em>Insomma, qual \u00e8 il periodo migliore per una vacanza in Canada?<\/em><\/strong><\/p>\n<p>Beh, dipende moltissimo da quello che vuoi fare! Ti consigliamo di contattarci attraverso il form e di richiedere la nostra assistenza gratuita, ti daremo molte informazioni che non sai!<\/p>\n<p>&nbsp;<\/p>\n<h3 style=\"text-align: center\">&#8220;SPECIALE CANADA&#8221; con le offerte di Evolution Travel<\/h3>\n<p style=\"text-align: center\">Scopri perch\u00e8 le nostre offerte sono <strong><span style=\"color: #008000\">DAVVERO SPECIALI<\/span><\/strong>!<\/p>\n<p style=\"text-align: center\"><strong><span style=\"color: #008000\">CLICCA E GUARDA SUBITO<\/span><\/strong>: programma, foto, commenti, itinerari e molto altro ancora!<\/p>\n<div class=\"feedzy-34ee4d8c96273c6c72d1f368cd0dbf74 feedzy-rss\">\n\t\t<ul class=\"feedzy-style2\">\n\t\t\t\t\t<li  style=\"padding: 23px 0 38px\" class=\"rss_item feedzy-rss-col-3\" >\n\t\t\t\t\t\t\t\t\t<div class=\"rss_image\" style=\"width:225px; height:225px;\">\n\t\t\t\t\t\t<a href=\"https:\/\/canada.evolutiontravel.it\/it_IT\/902\/tab\/6909_fly-drive-british-columbia-alberta.html\" target=\"_blank\" \n\t\t\t\t\t\t\trel=\"noopener \"\n\t\t\t\t\t\t\ttitle=\"Fly &amp; Drive: British Columbia &amp; Alberta\"\n\t\t\t\t\t\t\tstyle=\"width:225px; height:225px;\">\n\t\t\t\t\t\t\t<span class=\"fetched\" style=\"background-image:  url('http:\/\/etcdn.net\/thumbnails\/6909\/it-vancouver-fly-drive-british-columbia-alberta-54d6d.jpg');\" title=\"Fly &amp; Drive: British Columbia &amp; Alberta\"><\/span><amp-img width=\"225\" height=\"225\" src=\"http:\/\/etcdn.net\/thumbnails\/6909\/it-vancouver-fly-drive-british-columbia-alberta-54d6d.jpg\">\t\t\t\t\t\t<\/a>\n\t\t\t\t\t<\/div>\n\t\t\t\t\t\t\t\t<div class=\"rss_content_wrap\">\n\t\t\t\t\t<span class=\"title\">\n\t\t\t\t\t\t<a href=\"https:\/\/canada.evolutiontravel.it\/it_IT\/902\/tab\/6909_fly-drive-british-columbia-alberta.html\" target=\"_blank\"  rel=\"noopener \">\n\t\t\t\t\t\t\tFly &amp; Drive: British Columbia &amp; Alberta\t\t\t\t\t\t<\/a>\n\t\t\t\t\t<\/span>\n\t\t\t\t\t<div class=\"rss_content\"\n\t\t\t\t\t\t\tstyle=\"\">\n\t\t\t\t\t\t\n\t\t\t\t\t\t\t\t\t\t\t\t<p class=\"description\">Fly &amp; Drive - 13 giorni \/ 12 notti - West Canada - Partendo da Vancouver fino a Sun Peaks, attraversando Jasper e Banff, [&hellip;]<\/p>\n\t\t\t\t\t\t\n\t\t\t\t\t\t\t\t\t\t\t\t\t\t\t\t\t\t\t<div class=\"price-wrap\">\n\t\t\t\t\t\t\t\t<a href=\"https:\/\/canada.evolutiontravel.it\/it_IT\/902\/tab\/6909_fly-drive-british-columbia-alberta.html\" target=\"_blank\" rel=\"noopener\"><button class=\"price\"> 1421<\/button><\/a>\n\t\t\t\t\t\t\t<\/div>\n\t\t\t\t\t\t\t\t\t\t\t<\/div>\n\t\t\t\t<\/div>\n\t\t\t<\/li>\n\t\t\t\t\t\t<li  style=\"padding: 23px 0 38px\" class=\"rss_item feedzy-rss-col-3\" >\n\t\t\t\t\t\t\t\t\t<div class=\"rss_image\" style=\"width:225px; height:225px;\">\n\t\t\t\t\t\t<a href=\"https:\/\/canada.evolutiontravel.it\/it_IT\/902\/tab\/41215_esperienze-esclusive-e-leggende-tour-di-gruppo.html\" target=\"_blank\" \n\t\t\t\t\t\t\trel=\"noopener \"\n\t\t\t\t\t\t\ttitle=\"Esperienze esclusive e Leggende - Tour di gruppo\"\n\t\t\t\t\t\t\tstyle=\"width:225px; height:225px;\">\n\t\t\t\t\t\t\t<span class=\"fetched\" style=\"background-image:  url('http:\/\/etcdn.net\/thumbnails\/7498\/it-toronto-gran-tour-del-canada-tour-di-gruppo-58804.jpg');\" title=\"Esperienze esclusive e Leggende - Tour di gruppo\"><\/span><amp-img width=\"225\" height=\"225\" src=\"http:\/\/etcdn.net\/thumbnails\/7498\/it-toronto-gran-tour-del-canada-tour-di-gruppo-58804.jpg\">\t\t\t\t\t\t<\/a>\n\t\t\t\t\t<\/div>\n\t\t\t\t\t\t\t\t<div class=\"rss_content_wrap\">\n\t\t\t\t\t<span class=\"title\">\n\t\t\t\t\t\t<a href=\"https:\/\/canada.evolutiontravel.it\/it_IT\/902\/tab\/41215_esperienze-esclusive-e-leggende-tour-di-gruppo.html\" target=\"_blank\"  rel=\"noopener \">\n\t\t\t\t\t\t\tEsperienze esclusive e Leggende - Tour di gruppo\t\t\t\t\t\t<\/a>\n\t\t\t\t\t<\/span>\n\t\t\t\t\t<div class=\"rss_content\"\n\t\t\t\t\t\t\tstyle=\"\">\n\t\t\t\t\t\t\n\t\t\t\t\t\t\t\t\t\t\t\t<p class=\"description\">Tra i tour pi\u00f9 interessanti di tutto il Canada, vi permetter\u00e0 in 16 giorni di andare alla scoperta delle citt\u00e0 pi\u00f9 belle del [&hellip;]<\/p>\n\t\t\t\t\t\t\n\t\t\t\t\t\t\t\t\t\t\t\t\t\t\t\t\t\t\t<div class=\"price-wrap\">\n\t\t\t\t\t\t\t\t<a href=\"https:\/\/canada.evolutiontravel.it\/it_IT\/902\/tab\/41215_esperienze-esclusive-e-leggende-tour-di-gruppo.html\" target=\"_blank\" rel=\"noopener\"><button class=\"price\"> 1712<\/button><\/a>\n\t\t\t\t\t\t\t<\/div>\n\t\t\t\t\t\t\t\t\t\t\t<\/div>\n\t\t\t\t<\/div>\n\t\t\t<\/li>\n\t\t\t\t\t\t<li  style=\"padding: 23px 0 38px\" class=\"rss_item feedzy-rss-col-3\" >\n\t\t\t\t\t\t\t\t\t<div class=\"rss_image\" style=\"width:225px; height:225px;\">\n\t\t\t\t\t\t<a href=\"https:\/\/canada.evolutiontravel.it\/it_IT\/902\/tab\/9865_affascinante-ovest-tour-di-gruppo.html\" target=\"_blank\" \n\t\t\t\t\t\t\trel=\"noopener \"\n\t\t\t\t\t\t\ttitle=\"Affascinante Ovest - Tour di gruppo\"\n\t\t\t\t\t\t\tstyle=\"width:225px; height:225px;\">\n\t\t\t\t\t\t\t<span class=\"fetched\" style=\"background-image:  url('http:\/\/etcdn.net\/thumbnails\/9865\/it-calgary-lovest-canadese-tour-di-gruppo-63a26.jpg');\" title=\"Affascinante Ovest - Tour di gruppo\"><\/span><amp-img width=\"225\" height=\"225\" src=\"http:\/\/etcdn.net\/thumbnails\/9865\/it-calgary-lovest-canadese-tour-di-gruppo-63a26.jpg\">\t\t\t\t\t\t<\/a>\n\t\t\t\t\t<\/div>\n\t\t\t\t\t\t\t\t<div class=\"rss_content_wrap\">\n\t\t\t\t\t<span class=\"title\">\n\t\t\t\t\t\t<a href=\"https:\/\/canada.evolutiontravel.it\/it_IT\/902\/tab\/9865_affascinante-ovest-tour-di-gruppo.html\" target=\"_blank\"  rel=\"noopener \">\n\t\t\t\t\t\t\tAffascinante Ovest - Tour di gruppo\t\t\t\t\t\t<\/a>\n\t\t\t\t\t<\/span>\n\t\t\t\t\t<div class=\"rss_content\"\n\t\t\t\t\t\t\tstyle=\"\">\n\t\t\t\t\t\t\n\t\t\t\t\t\t\t\t\t\t\t\t<p class=\"description\">Questo Tour \u00e8 stato pensato per una clientela che predilige accompagnatore\u00a0e\u00a0guide\u00a0parlanti italiano: splendido itinerario [&hellip;]<\/p>\n\t\t\t\t\t\t\n\t\t\t\t\t\t\t\t\t\t\t\t\t\t\t\t\t\t\t<div class=\"price-wrap\">\n\t\t\t\t\t\t\t\t<a href=\"https:\/\/canada.evolutiontravel.it\/it_IT\/902\/tab\/9865_affascinante-ovest-tour-di-gruppo.html\" target=\"_blank\" rel=\"noopener\"><button class=\"price\"> 3221<\/button><\/a>\n\t\t\t\t\t\t\t<\/div>\n\t\t\t\t\t\t\t\t\t\t\t<\/div>\n\t\t\t\t<\/div>\n\t\t\t<\/li>\n\t\t\t\t\t\t<li  style=\"padding: 23px 0 38px\" class=\"rss_item feedzy-rss-col-3\" >\n\t\t\t\t\t\t\t\t\t<div class=\"rss_image\" style=\"width:225px; height:225px;\">\n\t\t\t\t\t\t<a href=\"https:\/\/canada.evolutiontravel.it\/it_IT\/902\/tab\/41213_avventura-da-costa-a-costa-tour-di-gruppo.html\" target=\"_blank\" \n\t\t\t\t\t\t\trel=\"noopener \"\n\t\t\t\t\t\t\ttitle=\"Avventura da Costa a  Costa - Tour di gruppo\"\n\t\t\t\t\t\t\tstyle=\"width:225px; height:225px;\">\n\t\t\t\t\t\t\t<span class=\"fetched\" style=\"background-image:  url('http:\/\/etcdn.net\/thumbnails\/9194\/it-montreal-il-canada-coast-to-coast-tour-di-gruppo-63a69.jpg');\" title=\"Avventura da Costa a  Costa - Tour di gruppo\"><\/span><amp-img width=\"225\" height=\"225\" src=\"http:\/\/etcdn.net\/thumbnails\/9194\/it-montreal-il-canada-coast-to-coast-tour-di-gruppo-63a69.jpg\">\t\t\t\t\t\t<\/a>\n\t\t\t\t\t<\/div>\n\t\t\t\t\t\t\t\t<div class=\"rss_content_wrap\">\n\t\t\t\t\t<span class=\"title\">\n\t\t\t\t\t\t<a href=\"https:\/\/canada.evolutiontravel.it\/it_IT\/902\/tab\/41213_avventura-da-costa-a-costa-tour-di-gruppo.html\" target=\"_blank\"  rel=\"noopener \">\n\t\t\t\t\t\t\tAvventura da Costa a  Costa - Tour di gruppo\t\t\t\t\t\t<\/a>\n\t\t\t\t\t<\/span>\n\t\t\t\t\t<div class=\"rss_content\"\n\t\t\t\t\t\t\tstyle=\"\">\n\t\t\t\t\t\t\n\t\t\t\t\t\t\t\t\t\t\t\t<p class=\"description\">Un meravigliso Tour completo, con accompagnatore parlante anche italino, alla scoperta di questo fantastico Paese sempre con la [&hellip;]<\/p>\n\t\t\t\t\t\t\n\t\t\t\t\t\t\t\t\t\t\t\t\t\t\t\t\t\t\t<div class=\"price-wrap\">\n\t\t\t\t\t\t\t\t<a href=\"https:\/\/canada.evolutiontravel.it\/it_IT\/902\/tab\/41213_avventura-da-costa-a-costa-tour-di-gruppo.html\" target=\"_blank\" rel=\"noopener\"><button class=\"price\"> 4614<\/button><\/a>\n\t\t\t\t\t\t\t<\/div>\n\t\t\t\t\t\t\t\t\t\t\t<\/div>\n\t\t\t\t<\/div>\n\t\t\t<\/li>\n\t\t\t\t\t\t<li  style=\"padding: 23px 0 38px\" class=\"rss_item feedzy-rss-col-3\" >\n\t\t\t\t\t\t\t\t\t<div class=\"rss_image\" style=\"width:225px; height:225px;\">\n\t\t\t\t\t\t<a href=\"https:\/\/canada.evolutiontravel.it\/it_IT\/902\/tab\/40612_tour-dellest-combinato-tra-i-due-paesi.html\" target=\"_blank\" \n\t\t\t\t\t\t\trel=\"noopener \"\n\t\t\t\t\t\t\ttitle=\"Tour dell&#039;Est combinato tra i due Paesi\"\n\t\t\t\t\t\t\tstyle=\"width:225px; height:225px;\">\n\t\t\t\t\t\t\t<span class=\"fetched\" style=\"background-image:  url('http:\/\/etcdn.net\/thumbnails\/7498\/it-toronto-gran-tour-del-canada-tour-di-gruppo-58804.jpg');\" title=\"Tour dell&#039;Est combinato tra i due Paesi\"><\/span><amp-img width=\"225\" height=\"225\" src=\"http:\/\/etcdn.net\/thumbnails\/7498\/it-toronto-gran-tour-del-canada-tour-di-gruppo-58804.jpg\">\t\t\t\t\t\t<\/a>\n\t\t\t\t\t<\/div>\n\t\t\t\t\t\t\t\t<div class=\"rss_content_wrap\">\n\t\t\t\t\t<span class=\"title\">\n\t\t\t\t\t\t<a href=\"https:\/\/canada.evolutiontravel.it\/it_IT\/902\/tab\/40612_tour-dellest-combinato-tra-i-due-paesi.html\" target=\"_blank\"  rel=\"noopener \">\n\t\t\t\t\t\t\tTour dell'Est combinato tra i due Paesi\t\t\t\t\t\t<\/a>\n\t\t\t\t\t<\/span>\n\t\t\t\t\t<div class=\"rss_content\"\n\t\t\t\t\t\t\tstyle=\"\">\n\t\t\t\t\t\t\n\t\t\t\t\t\t\t\t\t\t\t\t<p class=\"description\">Tra i tour di gruppo pi\u00f9 interessanti del nord America, vi permetter\u00e0di visitare i 2 Paesi che hai sempre sognato, Usa e Canada!<\/p>\n\t\t\t\t\t\t\n\t\t\t\t\t\t\t\t\t\t\t\t\t\t\t\t\t\t\t<div class=\"price-wrap\">\n\t\t\t\t\t\t\t\t<a href=\"https:\/\/canada.evolutiontravel.it\/it_IT\/902\/tab\/40612_tour-dellest-combinato-tra-i-due-paesi.html\" target=\"_blank\" rel=\"noopener\"><button class=\"price\"> 2960<\/button><\/a>\n\t\t\t\t\t\t\t<\/div>\n\t\t\t\t\t\t\t\t\t\t\t<\/div>\n\t\t\t\t<\/div>\n\t\t\t<\/li>\n\t\t\t\t\t\t<li  style=\"padding: 23px 0 38px\" class=\"rss_item feedzy-rss-col-3\" >\n\t\t\t\t\t\t\t\t\t<div class=\"rss_image\" style=\"width:225px; height:225px;\">\n\t\t\t\t\t\t<a href=\"https:\/\/canada.evolutiontravel.it\/it_IT\/902\/tab\/9892_il-selvaggio-est-canadese.html\" target=\"_blank\" \n\t\t\t\t\t\t\trel=\"noopener \"\n\t\t\t\t\t\t\ttitle=\"Il selvaggio Est canadese\"\n\t\t\t\t\t\t\tstyle=\"width:225px; height:225px;\">\n\t\t\t\t\t\t\t<span class=\"fetched\" style=\"background-image:  url('http:\/\/etcdn.net\/thumbnails\/9892\/it-montreal-il-selvaggio-est-canadese-5fdf1.jpg');\" title=\"Il selvaggio Est canadese\"><\/span><amp-img width=\"225\" height=\"225\" src=\"http:\/\/etcdn.net\/thumbnails\/9892\/it-montreal-il-selvaggio-est-canadese-5fdf1.jpg\">\t\t\t\t\t\t<\/a>\n\t\t\t\t\t<\/div>\n\t\t\t\t\t\t\t\t<div class=\"rss_content_wrap\">\n\t\t\t\t\t<span class=\"title\">\n\t\t\t\t\t\t<a href=\"https:\/\/canada.evolutiontravel.it\/it_IT\/902\/tab\/9892_il-selvaggio-est-canadese.html\" target=\"_blank\"  rel=\"noopener \">\n\t\t\t\t\t\t\tIl selvaggio Est canadese\t\t\t\t\t\t<\/a>\n\t\t\t\t\t<\/span>\n\t\t\t\t\t<div class=\"rss_content\"\n\t\t\t\t\t\t\tstyle=\"\">\n\t\t\t\t\t\t\n\t\t\t\t\t\t\t\t\t\t\t\t<p class=\"description\">Un bellissimo itinerario che si snoda attraverso le perle dell'Est Canadese. Un tour che tocca le pi\u00f9 belle citt\u00e0 dell'est [&hellip;]<\/p>\n\t\t\t\t\t\t\n\t\t\t\t\t\t\t\t\t\t\t\t\t\t\t\t\t\t\t<div class=\"price-wrap\">\n\t\t\t\t\t\t\t\t<a href=\"https:\/\/canada.evolutiontravel.it\/it_IT\/902\/tab\/9892_il-selvaggio-est-canadese.html\" target=\"_blank\" rel=\"noopener\"><button class=\"price\"> 2376<\/button><\/a>\n\t\t\t\t\t\t\t<\/div>\n\t\t\t\t\t\t\t\t\t\t\t<\/div>\n\t\t\t\t<\/div>\n\t\t\t<\/li>\n\t\t\t\t<\/ul>\n<\/div>\n<style type=\"text\/css\" media=\"all\">.feedzy-rss .rss_item .rss_image{float:left;position:relative;border:none;text-decoration:none;max-width:100%}.feedzy-rss .rss_item .rss_image span{display:inline-block;position:absolute;width:100%;height:100%;background-position:50%;background-size:cover}.feedzy-rss .rss_item .rss_image{margin:.3em 1em 0 0;content-visibility:auto}.feedzy-rss ul{list-style:none}.feedzy-rss ul li{display:inline-block}<\/style>\n<h3>Articoli da approfondire<\/h3>\n<p>In base alla stagione, clima e temperature puoi organizzare il tuo soggiorno facendo determinate attivit\u00e0, ecco qui qualche idee:<\/p>\n<ul>\n<li><a title=\"parchi canada\" href=\"https:\/\/canada.evolutiontravel.it\/infovacanze\/cosa-fare\/trekking\/\">Primavera ed estate: escursioni nei parchi e riserve del Canada<\/a><\/li>\n<li><a title=\"cosa\" href=\"https:\/\/canada.evolutiontravel.it\/infovacanze\/cosa-fare\/shopping\/\">In ogni momento dell&#8217;anno, facciamo shopping!<\/a><\/li>\n<li><a title=\"attrazioni in canada\" href=\"https:\/\/canada.evolutiontravel.it\/infovacanze\/cosa-fare\/attrazioni\/\">12 mesi l&#8217;anno per visitare le attrazioni del Canada<\/a><\/li>\n<\/ul>\n","protected":false},"excerpt":{"rendered":"<p>Il clima in Canada varia sensibilmente da zona a zona e questo accade per tutti i paesi molto estesi, consideriamo infatti che il Canada \u00e8 il secondo paese pi\u00f9 grande. In buona parte del Canada meridionale si alternano le quattro stagioni ma con picchi di freddo che possono durare molti mesi. Mentre nelle regioni artiche <a class=\"moretag\" href=\"https:\/\/canada.evolutiontravel.it\/infovacanze\/informazioni-utili\/clima-e-temperature\/\">[&#8230;]<\/a><\/p>\n","protected":false},"author":6,"featured_media":0,"parent":12,"menu_order":0,"comment_status":"closed","ping_status":"closed","template":"templates\/template-with-right-sidebar.php","meta":{"footnotes":""},"yoast_head":"<!-- This site is optimized with the Yoast SEO plugin v21.9.1 - https:\/\/yoast.com\/wordpress\/plugins\/seo\/ -->\n<title>Clima e temperature in Canada: che tempo fa? - Evolution Travel<\/title>\n<meta name=\"description\" content=\"Un articolo utile per conoscere temperature e clima in Canada: est, ovest ed entroterra. Leggi l&#039;articolo e parti in vacanza con le nostre offerte speciali!\" \/>\n<meta name=\"robots\" content=\"index, follow, max-snippet:-1, max-image-preview:large, max-video-preview:-1\" \/>\n<link rel=\"canonical\" href=\"https:\/\/canada.evolutiontravel.it\/infovacanze\/informazioni-utili\/clima-e-temperature\/\" \/>\n<meta property=\"og:locale\" content=\"it_IT\" \/>\n<meta property=\"og:type\" content=\"article\" \/>\n<meta property=\"og:title\" content=\"Clima e temperature in Canada: che tempo fa? - Evolution Travel\" \/>\n<meta property=\"og:description\" content=\"Un articolo utile per conoscere temperature e clima in Canada: est, ovest ed entroterra. Leggi l&#039;articolo e parti in vacanza con le nostre offerte speciali!\" \/>\n<meta property=\"og:url\" content=\"https:\/\/canada.evolutiontravel.it\/infovacanze\/informazioni-utili\/clima-e-temperature\/\" \/>\n<meta property=\"og:site_name\" content=\"Canada\" \/>\n<meta property=\"article:modified_time\" content=\"2018-09-28T14:01:23+00:00\" \/>\n<meta property=\"og:image\" content=\"http:\/\/canada.evolutiontravel.it\/infovacanze\/wp-content\/uploads\/sites\/30\/2016\/11\/Cartina-Canada-fisica-300x227.jpg\" \/>\n<meta name=\"twitter:card\" content=\"summary_large_image\" \/>\n<meta name=\"twitter:label1\" content=\"Tempo di lettura stimato\" \/>\n\t<meta name=\"twitter:data1\" content=\"2 minuti\" \/>\n<script type=\"application\/ld+json\" class=\"yoast-schema-graph\">{\"@context\":\"https:\/\/schema.org\",\"@graph\":[{\"@type\":\"WebPage\",\"@id\":\"https:\/\/canada.evolutiontravel.it\/infovacanze\/informazioni-utili\/clima-e-temperature\/\",\"url\":\"https:\/\/canada.evolutiontravel.it\/infovacanze\/informazioni-utili\/clima-e-temperature\/\",\"name\":\"Clima e temperature in Canada: che tempo fa? - Evolution Travel\",\"isPartOf\":{\"@id\":\"https:\/\/canada.evolutiontravel.it\/infovacanze\/#website\"},\"datePublished\":\"2016-10-13T15:22:00+00:00\",\"dateModified\":\"2018-09-28T14:01:23+00:00\",\"description\":\"Un articolo utile per conoscere temperature e clima in Canada: est, ovest ed entroterra. Leggi l'articolo e parti in vacanza con le nostre offerte speciali!\",\"breadcrumb\":{\"@id\":\"https:\/\/canada.evolutiontravel.it\/infovacanze\/informazioni-utili\/clima-e-temperature\/#breadcrumb\"},\"inLanguage\":\"it-IT\",\"potentialAction\":[{\"@type\":\"ReadAction\",\"target\":[\"https:\/\/canada.evolutiontravel.it\/infovacanze\/informazioni-utili\/clima-e-temperature\/\"]}]},{\"@type\":\"BreadcrumbList\",\"@id\":\"https:\/\/canada.evolutiontravel.it\/infovacanze\/informazioni-utili\/clima-e-temperature\/#breadcrumb\",\"itemListElement\":[{\"@type\":\"ListItem\",\"position\":1,\"name\":\"Home\",\"item\":\"https:\/\/canada.evolutiontravel.it\/infovacanze\/\"},{\"@type\":\"ListItem\",\"position\":2,\"name\":\"Informazioni utili\",\"item\":\"https:\/\/canada.evolutiontravel.it\/infovacanze\/informazioni-utili\/\"},{\"@type\":\"ListItem\",\"position\":3,\"name\":\"Quando andare in Canada\"}]},{\"@type\":\"WebSite\",\"@id\":\"https:\/\/canada.evolutiontravel.it\/infovacanze\/#website\",\"url\":\"https:\/\/canada.evolutiontravel.it\/infovacanze\/\",\"name\":\"Canada\",\"description\":\"Ecco un altro sito Evolution portal SEO Siti\",\"potentialAction\":[{\"@type\":\"SearchAction\",\"target\":{\"@type\":\"EntryPoint\",\"urlTemplate\":\"https:\/\/canada.evolutiontravel.it\/infovacanze\/?s={search_term_string}\"},\"query-input\":\"required name=search_term_string\"}],\"inLanguage\":\"it-IT\"}]}<\/script>\n<!-- \/ Yoast SEO plugin. -->","yoast_head_json":{"title":"Clima e temperature in Canada: che tempo fa? - Evolution Travel","description":"Un articolo utile per conoscere temperature e clima in Canada: est, ovest ed entroterra. Leggi l'articolo e parti in vacanza con le nostre offerte speciali!","robots":{"index":"index","follow":"follow","max-snippet":"max-snippet:-1","max-image-preview":"max-image-preview:large","max-video-preview":"max-video-preview:-1"},"canonical":"https:\/\/canada.evolutiontravel.it\/infovacanze\/informazioni-utili\/clima-e-temperature\/","og_locale":"it_IT","og_type":"article","og_title":"Clima e temperature in Canada: che tempo fa? - Evolution Travel","og_description":"Un articolo utile per conoscere temperature e clima in Canada: est, ovest ed entroterra. Leggi l'articolo e parti in vacanza con le nostre offerte speciali!","og_url":"https:\/\/canada.evolutiontravel.it\/infovacanze\/informazioni-utili\/clima-e-temperature\/","og_site_name":"Canada","article_modified_time":"2018-09-28T14:01:23+00:00","og_image":[{"url":"http:\/\/canada.evolutiontravel.it\/infovacanze\/wp-content\/uploads\/sites\/30\/2016\/11\/Cartina-Canada-fisica-300x227.jpg"}],"twitter_card":"summary_large_image","twitter_misc":{"Tempo di lettura stimato":"2 minuti"},"schema":{"@context":"https:\/\/schema.org","@graph":[{"@type":"WebPage","@id":"https:\/\/canada.evolutiontravel.it\/infovacanze\/informazioni-utili\/clima-e-temperature\/","url":"https:\/\/canada.evolutiontravel.it\/infovacanze\/informazioni-utili\/clima-e-temperature\/","name":"Clima e temperature in Canada: che tempo fa? - Evolution Travel","isPartOf":{"@id":"https:\/\/canada.evolutiontravel.it\/infovacanze\/#website"},"datePublished":"2016-10-13T15:22:00+00:00","dateModified":"2018-09-28T14:01:23+00:00","description":"Un articolo utile per conoscere temperature e clima in Canada: est, ovest ed entroterra. Leggi l'articolo e parti in vacanza con le nostre offerte speciali!","breadcrumb":{"@id":"https:\/\/canada.evolutiontravel.it\/infovacanze\/informazioni-utili\/clima-e-temperature\/#breadcrumb"},"inLanguage":"it-IT","potentialAction":[{"@type":"ReadAction","target":["https:\/\/canada.evolutiontravel.it\/infovacanze\/informazioni-utili\/clima-e-temperature\/"]}]},{"@type":"BreadcrumbList","@id":"https:\/\/canada.evolutiontravel.it\/infovacanze\/informazioni-utili\/clima-e-temperature\/#breadcrumb","itemListElement":[{"@type":"ListItem","position":1,"name":"Home","item":"https:\/\/canada.evolutiontravel.it\/infovacanze\/"},{"@type":"ListItem","position":2,"name":"Informazioni utili","item":"https:\/\/canada.evolutiontravel.it\/infovacanze\/informazioni-utili\/"},{"@type":"ListItem","position":3,"name":"Quando andare in Canada"}]},{"@type":"WebSite","@id":"https:\/\/canada.evolutiontravel.it\/infovacanze\/#website","url":"https:\/\/canada.evolutiontravel.it\/infovacanze\/","name":"Canada","description":"Ecco un altro sito Evolution portal SEO Siti","potentialAction":[{"@type":"SearchAction","target":{"@type":"EntryPoint","urlTemplate":"https:\/\/canada.evolutiontravel.it\/infovacanze\/?s={search_term_string}"},"query-input":"required name=search_term_string"}],"inLanguage":"it-IT"}]}},"_links":{"self":[{"href":"https:\/\/canada.evolutiontravel.it\/infovacanze\/wp-json\/wp\/v2\/pages\/14"}],"collection":[{"href":"https:\/\/canada.evolutiontravel.it\/infovacanze\/wp-json\/wp\/v2\/pages"}],"about":[{"href":"https:\/\/canada.evolutiontravel.it\/infovacanze\/wp-json\/wp\/v2\/types\/page"}],"author":[{"embeddable":true,"href":"https:\/\/canada.evolutiontravel.it\/infovacanze\/wp-json\/wp\/v2\/users\/6"}],"replies":[{"embeddable":true,"href":"https:\/\/canada.evolutiontravel.it\/infovacanze\/wp-json\/wp\/v2\/comments?post=14"}],"version-history":[{"count":17,"href":"https:\/\/canada.evolutiontravel.it\/infovacanze\/wp-json\/wp\/v2\/pages\/14\/revisions"}],"predecessor-version":[{"id":501,"href":"https:\/\/canada.evolutiontravel.it\/infovacanze\/wp-json\/wp\/v2\/pages\/14\/revisions\/501"}],"up":[{"embeddable":true,"href":"https:\/\/canada.evolutiontravel.it\/infovacanze\/wp-json\/wp\/v2\/pages\/12"}],"wp:attachment":[{"href":"https:\/\/canada.evolutiontravel.it\/infovacanze\/wp-json\/wp\/v2\/media?parent=14"}],"curies":[{"name":"wp","href":"https:\/\/api.w.org\/{rel}","templated":true}]}}